{"id":43227,"date":"2023-03-17T17:47:58","date_gmt":"2023-03-17T10:47:58","guid":{"rendered":"https:\/\/mouldking.store\/shop\/sluban-m38-b1181-mech-master-hulk-the-lonely-brave-with-588-pieces\/"},"modified":"2023-03-17T17:47:58","modified_gmt":"2023-03-17T10:47:58","slug":"sluban-m38-b1181-mech-master-hulk-the-lonely-brave-with-588-pieces","status":"publish","type":"product","link":"https:\/\/mouldking.store\/fr\/shop\/sluban-m38-b1181-mech-master-hulk-the-lonely-brave-with-588-pieces\/","title":{"rendered":"Sluban M38-B1181 Mech Master : Hulk le brave solitaire avec 588 pi\u00e8ces"},"content":{"rendered":"<div>\u2705 Sluban M38-B1181 Mech Master : Hulk le brave solitaire<br \/>&nbsp;<br \/>\u2705Pr\u00e9parez-vous \u00e0 assembler le h\u00e9ros robotique ultime avec Mech Master : Hulk the Lonely Brave. Avec 588 particules de blocs de construction, vous donnerez vie \u00e0 une machine f\u00e9roce et intr\u00e9pide qui r\u00e9sistera \u00e0 tous les d\u00e9fis.<br \/>&nbsp;<br \/>\ud83d\udeabIMPORTANT !&nbsp;<br \/>&nbsp;<br \/>Nom du produit : Mech Master : Hulk le brave solitaire<br \/>&nbsp;<br \/>Cat\u00e9gorie\u00a0: Cr\u00e9ateur&nbsp;<br \/>&nbsp;<br \/>Ce kit contient : Sluban M38-B1181<br \/>&nbsp;<br \/>588 briques de bonne qualit\u00e9.&nbsp;<br \/>&nbsp;<br \/>Taille : 23,7 \u00d7 23 \u00d7 11,8 cm<br \/>&nbsp;<br \/>Instructions manuelles&nbsp;<br \/>&nbsp;<br \/>\ud83d\udcccNature du protagoniste&nbsp;<br \/>&nbsp;<br \/>Vous ne devriez pas manquer la pr\u00e9sentation de notre fi\u00e8re collection nomm\u00e9e &quot;Mech Master\u00a0: Hulk the Lonely Brave&quot;.&nbsp;<br \/>&nbsp;<br \/>Sorti en 2023, Robot : The Lone Hulk n&#039;est pas qu&#039;un simple set de plus, c&#039;est une opportunit\u00e9 de lib\u00e9rer votre cr\u00e9ativit\u00e9 et de construire quelque chose de vraiment remarquable. Alors ne manquez pas cette aventure \u00e9pique - mettez la main sur Robot: The Lone Hulk d\u00e8s aujourd&#039;hui !<\/div>","protected":false},"excerpt":{"rendered":"<p>Marque : Sluban<br \/>\nGenre: Unisexe<br \/>\nTranche d&#039;\u00e2ge : &gt; 6 ans<br \/>\nNum\u00e9ro de mod\u00e8le : M38-B1181<br \/>\nClassement : Assemblage<br \/>\nForme de bloc en plastique\u00a0: briques autobloquantes<br \/>\nMat\u00e9riel: Plastique<br \/>\nType de plastique : ABS<br \/>\nBlocs de briques : 588 +<br \/>\nPR\u00c9VENTE<br \/>\nRUPTURE DE STOCK<\/p>","protected":false},"featured_media":43224,"comment_status":"open","ping_status":"closed","template":"","meta":{"_acf_changed":false},"product_cat":[1365,371],"product_tag":[4712,11072,8452,11591,7133,11233,590],"class_list":["product","first","instock","shipping-taxable","purchasable","product-type-simple"],"acf":[],"_links":{"self":[{"href":"https:\/\/mouldking.store\/fr\/wp-json\/wp\/v2\/product\/43227","targetHints":{"allow":["GET"]}}],"collection":[{"href":"https:\/\/mouldking.store\/fr\/wp-json\/wp\/v2\/product"}],"about":[{"href":"https:\/\/mouldking.store\/fr\/wp-json\/wp\/v2\/types\/product"}],"replies":[{"embeddable":true,"href":"https:\/\/mouldking.store\/fr\/wp-json\/wp\/v2\/comments?post=43227"}],"wp:featuredmedia":[{"embeddable":true,"href":"https:\/\/mouldking.store\/fr\/wp-json\/wp\/v2\/media\/43224"}],"wp:attachment":[{"href":"https:\/\/mouldking.store\/fr\/wp-json\/wp\/v2\/media?parent=43227"}],"wp:term":[{"taxonomy":"product_cat","embeddable":true,"href":"https:\/\/mouldking.store\/fr\/wp-json\/wp\/v2\/product_cat?post=43227"},{"taxonomy":"product_tag","embeddable":true,"href":"https:\/\/mouldking.store\/fr\/wp-json\/wp\/v2\/product_tag?post=43227"}],"curies":[{"name":"wp","href":"https:\/\/api.w.org\/{rel}","templated":true}]}}