{"id":43231,"date":"2023-03-17T17:53:09","date_gmt":"2023-03-17T10:53:09","guid":{"rendered":"https:\/\/mouldking.store\/shop\/sluban-m38-b1180-mech-master-cyber-wukong-with-755-pieces\/"},"modified":"2023-03-17T17:53:09","modified_gmt":"2023-03-17T10:53:09","slug":"sluban-m38-b1180-mech-master-cyber-wukong-with-755-pieces","status":"publish","type":"product","link":"https:\/\/mouldking.store\/fr\/shop\/sluban-m38-b1180-mech-master-cyber-wukong-with-755-pieces\/","title":{"rendered":"Sluban M38-B1180 Mech Master : Cyber \u200b\u200b\u200b\u200bWukong avec 755 pi\u00e8ces"},"content":{"rendered":"<div>\u2705 Sluban M38-B1180 Mech Master : Cyber \u200b\u200b\u200b\u200bWukong<br \/>&nbsp;<br \/>\u2705Pr\u00e9parez-vous \u00e0 lib\u00e9rer votre cr\u00e9ativit\u00e9 int\u00e9rieure avec Mech Master : Cyber \u200b\u200b\u200b\u200bWukong, le dernier ajout \u00e0 notre populaire s\u00e9rie de blocs de construction.<br \/>&nbsp;<br \/>\ud83d\udeabIMPORTANT !&nbsp;<br \/>&nbsp;<br \/>Nom du produit : Mech Master : Cyber \u200b\u200b\u200b\u200bWukong<br \/>&nbsp;<br \/>Cat\u00e9gorie\u00a0: Cr\u00e9ateur&nbsp;<br \/>&nbsp;<br \/>Ce kit contient : Sluban M38-B1180<br \/>&nbsp;<br \/>755 briques de bonne qualit\u00e9.&nbsp;<br \/>&nbsp;<br \/>Taille : 11,8 \u00d7 23 \u00d7 23,7 cm<br \/>&nbsp;<br \/>Instructions manuelles&nbsp;<br \/>&nbsp;<br \/>\ud83d\udcccNature du protagoniste&nbsp;<br \/>&nbsp;<br \/>Vous ne devriez pas manquer la pr\u00e9sentation de notre fi\u00e8re collection nomm\u00e9e &quot;Mech Master: Cyber \u200b\u200b\u200b\u200bWukong&quot;.&nbsp;<br \/>&nbsp;<br \/>Cet incroyable robot poss\u00e8de un impressionnant 755 particules et est s\u00fbr de d\u00e9fier m\u00eame les constructeurs les plus qualifi\u00e9s. Avec son design \u00e9pur\u00e9 et ses fonctionnalit\u00e9s de pointe, Robot : Cyber \u200b\u200b\u200b\u200bWukong est un incontournable pour tout amateur de cr\u00e9ation \u00e0 la recherche de son prochain grand projet. Ne manquez pas cette nouvelle version passionnante en 2023\u00a0!<\/div>","protected":false},"excerpt":{"rendered":"<p>Marque : Sluban<br \/>\nGenre: Unisexe<br \/>\nTranche d&#039;\u00e2ge : &gt; 6 ans<br \/>\nNum\u00e9ro de mod\u00e8le : M38-B1180<br \/>\nClassement : Assemblage<br \/>\nForme de bloc en plastique\u00a0: briques autobloquantes<br \/>\nMat\u00e9riel: Plastique<br \/>\nType de plastique : ABS<br \/>\nBlocs de briques : 755 +<br \/>\nPR\u00c9VENTE<br \/>\nRUPTURE DE STOCK<\/p>","protected":false},"featured_media":43228,"comment_status":"open","ping_status":"closed","template":"","meta":{"_acf_changed":false},"product_cat":[1365,371],"product_tag":[11072,8452,11592,7133,11233,590,11593],"class_list":["product","first","instock","shipping-taxable","purchasable","product-type-simple"],"acf":[],"_links":{"self":[{"href":"https:\/\/mouldking.store\/fr\/wp-json\/wp\/v2\/product\/43231","targetHints":{"allow":["GET"]}}],"collection":[{"href":"https:\/\/mouldking.store\/fr\/wp-json\/wp\/v2\/product"}],"about":[{"href":"https:\/\/mouldking.store\/fr\/wp-json\/wp\/v2\/types\/product"}],"replies":[{"embeddable":true,"href":"https:\/\/mouldking.store\/fr\/wp-json\/wp\/v2\/comments?post=43231"}],"wp:featuredmedia":[{"embeddable":true,"href":"https:\/\/mouldking.store\/fr\/wp-json\/wp\/v2\/media\/43228"}],"wp:attachment":[{"href":"https:\/\/mouldking.store\/fr\/wp-json\/wp\/v2\/media?parent=43231"}],"wp:term":[{"taxonomy":"product_cat","embeddable":true,"href":"https:\/\/mouldking.store\/fr\/wp-json\/wp\/v2\/product_cat?post=43231"},{"taxonomy":"product_tag","embeddable":true,"href":"https:\/\/mouldking.store\/fr\/wp-json\/wp\/v2\/product_tag?post=43231"}],"curies":[{"name":"wp","href":"https:\/\/api.w.org\/{rel}","templated":true}]}}