{"id":43242,"date":"2023-03-17T18:14:54","date_gmt":"2023-03-17T11:14:54","guid":{"rendered":"https:\/\/mouldking.store\/shop\/moyu-my97106-potted-flowers-carnation-potted-plants-with-527-pieces\/"},"modified":"2023-03-17T18:14:54","modified_gmt":"2023-03-17T11:14:54","slug":"moyu-my97106-potted-flowers-carnation-potted-plants-with-527-pieces","status":"publish","type":"product","link":"https:\/\/mouldking.store\/fr\/shop\/moyu-my97106-potted-flowers-carnation-potted-plants-with-527-pieces\/","title":{"rendered":"MOYU MY97106 Fleurs en pot : \u0153illets en pot avec 527 pi\u00e8ces"},"content":{"rendered":"<div>\u2705 MOYU MY97106 Fleurs en pot : \u0153illets en pot<br \/>&nbsp;<br \/>\u2705Les plantes en pot Carnation sont un type de plante \u00e0 fleurs qui sont g\u00e9n\u00e9ralement cultiv\u00e9es dans des pots ou des conteneurs pour la d\u00e9coration int\u00e9rieure ou ext\u00e9rieure. Les \u0153illets sont populaires pour leurs fleurs color\u00e9es et parfum\u00e9es, qui fleurissent g\u00e9n\u00e9ralement \u00e0 la fin du printemps ou au d\u00e9but de l&#039;\u00e9t\u00e9 et peuvent durer plusieurs semaines.<br \/>&nbsp;<br \/>\ud83d\udeabIMPORTANT !&nbsp;<br \/>&nbsp;<br \/>Nom du produit : fleurs en pot : plantes en pot Carnation.<br \/>&nbsp;<br \/>Cat\u00e9gorie\u00a0: Cr\u00e9ateur&nbsp;<br \/>&nbsp;<br \/>Ce kit contient : MOYU MY97106<br \/>&nbsp;<br \/>527 briques de bonne qualit\u00e9.&nbsp;<br \/>&nbsp;<br \/>Taille : 11 \u00d7 19,6 cm<br \/>&nbsp;<br \/>Instructions manuelles&nbsp;<br \/>&nbsp;<br \/>\ud83d\udcccNature du protagoniste&nbsp;<br \/>&nbsp;<br \/>Vous ne devriez pas manquer la pr\u00e9sentation de notre fi\u00e8re collection nomm\u00e9e &quot;Fleurs en pot\u00a0: \u0153illets en pot&quot;.&nbsp;<br \/>&nbsp;<br \/>Les plantes en pot d&#039;oeillets n\u00e9cessitent un sol bien drain\u00e9, beaucoup de soleil et un arrosage r\u00e9gulier pour prosp\u00e9rer. Ils peuvent \u00eatre cultiv\u00e9s \u00e0 l&#039;int\u00e9rieur dans une fen\u00eatre ensoleill\u00e9e ou \u00e0 l&#039;ext\u00e9rieur dans une zone prot\u00e9g\u00e9e comme un patio ou un balcon. Il existe de nombreuses vari\u00e9t\u00e9s d&#039;\u0153illets, chacune ayant sa propre couleur, sa taille et son parfum.<\/div>","protected":false},"excerpt":{"rendered":"<p>Marque : MOYU<br \/>\nGenre: Unisexe<br \/>\nTranche d&#039;\u00e2ge : &gt; 6 ans<br \/>\nNum\u00e9ro de mod\u00e8le: MY97106<br \/>\nClassement : Assemblage<br \/>\nForme de bloc en plastique\u00a0: briques autobloquantes<br \/>\nMat\u00e9riel: Plastique<br \/>\nType de plastique : ABS<br \/>\nBlocs de briques : 527 +<br \/>\nPR\u00c9VENTE<br \/>\nRUPTURE DE STOCK<\/p>","protected":false},"featured_media":43240,"comment_status":"open","ping_status":"closed","template":"","meta":{"_acf_changed":false},"product_cat":[1365,371],"product_tag":[11596,11072,8452,11106],"class_list":["product","first","instock","shipping-taxable","purchasable","product-type-simple"],"acf":[],"_links":{"self":[{"href":"https:\/\/mouldking.store\/fr\/wp-json\/wp\/v2\/product\/43242","targetHints":{"allow":["GET"]}}],"collection":[{"href":"https:\/\/mouldking.store\/fr\/wp-json\/wp\/v2\/product"}],"about":[{"href":"https:\/\/mouldking.store\/fr\/wp-json\/wp\/v2\/types\/product"}],"replies":[{"embeddable":true,"href":"https:\/\/mouldking.store\/fr\/wp-json\/wp\/v2\/comments?post=43242"}],"wp:featuredmedia":[{"embeddable":true,"href":"https:\/\/mouldking.store\/fr\/wp-json\/wp\/v2\/media\/43240"}],"wp:attachment":[{"href":"https:\/\/mouldking.store\/fr\/wp-json\/wp\/v2\/media?parent=43242"}],"wp:term":[{"taxonomy":"product_cat","embeddable":true,"href":"https:\/\/mouldking.store\/fr\/wp-json\/wp\/v2\/product_cat?post=43242"},{"taxonomy":"product_tag","embeddable":true,"href":"https:\/\/mouldking.store\/fr\/wp-json\/wp\/v2\/product_tag?post=43242"}],"curies":[{"name":"wp","href":"https:\/\/api.w.org\/{rel}","templated":true}]}}