{"id":43288,"date":"2023-03-20T10:52:07","date_gmt":"2023-03-20T03:52:07","guid":{"rendered":"https:\/\/mouldking.store\/shop\/nicebricks-200617-master-beethoven-with-2366-pieces\/"},"modified":"2023-03-20T10:52:07","modified_gmt":"2023-03-20T03:52:07","slug":"nicebricks-200617-master-beethoven-with-2366-pieces","status":"publish","type":"product","link":"https:\/\/mouldking.store\/fr\/shop\/nicebricks-200617-master-beethoven-with-2366-pieces\/","title":{"rendered":"NiceBricks 200617 Ma\u00eetre Beethoven avec 2366 pi\u00e8ces"},"content":{"rendered":"<div>\u2705NiceBricks 200617 Ma\u00eetre Beethoven<br \/>&nbsp;<br \/>\u2705 Ludwig van Beethoven \u00e9tait un compositeur et pianiste allemand qui a v\u00e9cu de 1770 \u00e0 1827. Il est largement consid\u00e9r\u00e9 comme l&#039;un des plus grands compositeurs de tous les temps et sa musique a eu une profonde influence sur les g\u00e9n\u00e9rations suivantes de musiciens.<\/div>\n<div>&nbsp;<br \/>\ud83d\udeabIMPORTANT !&nbsp;<br \/>&nbsp;<br \/>Nom du produit : Ma\u00eetre Beethoven<\/p>\n<p>Cat\u00e9gorie\u00a0: Cr\u00e9ateur&nbsp;<br \/>&nbsp;<br \/>Ce kit contient : NiceBricks 200617<br \/>&nbsp;<br \/>2366 briques de bonne qualit\u00e9.&nbsp;<br \/>&nbsp;<br \/>Taille : 24,1 \u00d7 19,3 \u00d7 16 cm<br \/>&nbsp;<br \/>Instructions manuelles&nbsp;<br \/>&nbsp;<br \/>\ud83d\udcccNature du protagoniste&nbsp;<br \/>&nbsp;<br \/>Vous ne devriez pas manquer la pr\u00e9sentation de notre fi\u00e8re collection nomm\u00e9e &quot;Master Beethoven&quot;.&nbsp;<br \/>&nbsp;<br \/>Beethoven est n\u00e9 \u00e0 Bonn, en Allemagne, et a commenc\u00e9 sa carri\u00e8re musicale en tant qu&#039;enfant prodige. Il a \u00e9tudi\u00e9 avec plusieurs compositeurs \u00e9minents de l&#039;\u00e9poque et a commenc\u00e9 \u00e0 s&#039;\u00e9tablir en tant qu&#039;interpr\u00e8te et compositeur \u00e0 Vienne, en Autriche, o\u00f9 il s&#039;est finalement install\u00e9. Au cours de sa carri\u00e8re, Beethoven a compos\u00e9 un large \u00e9ventail de musique, notamment des symphonies, des sonates pour piano, des concertos, de la musique de chambre et de l&#039;op\u00e9ra. Sa musique se caract\u00e9rise par son intensit\u00e9 \u00e9motionnelle, ses techniques harmoniques et structurelles innovantes et sa capacit\u00e9 \u00e0 transmettre un large \u00e9ventail d&#039;\u00e9motions et d&#039;humeurs.<\/div>","protected":false},"excerpt":{"rendered":"<p>Marque : Nice Bricks<br \/>\nGenre: Unisexe<br \/>\nTranche d&#039;\u00e2ge : &gt; 6 ans<br \/>\nNum\u00e9ro de mod\u00e8le: 200617<br \/>\nClassement : Assemblage<br \/>\nForme de bloc en plastique\u00a0: briques autobloquantes<br \/>\nMat\u00e9riel: Plastique<br \/>\nType de plastique : ABS<br \/>\nBlocs de Briques : 2366 +<br \/>\nPas de boite d&#039;origine<\/p>","protected":false},"featured_media":43285,"comment_status":"open","ping_status":"closed","template":"","meta":{"_acf_changed":false},"product_cat":[1365,371],"product_tag":[11603,11072,8452,7133],"class_list":["product","first","instock","shipping-taxable","purchasable","product-type-simple"],"acf":[],"_links":{"self":[{"href":"https:\/\/mouldking.store\/fr\/wp-json\/wp\/v2\/product\/43288","targetHints":{"allow":["GET"]}}],"collection":[{"href":"https:\/\/mouldking.store\/fr\/wp-json\/wp\/v2\/product"}],"about":[{"href":"https:\/\/mouldking.store\/fr\/wp-json\/wp\/v2\/types\/product"}],"replies":[{"embeddable":true,"href":"https:\/\/mouldking.store\/fr\/wp-json\/wp\/v2\/comments?post=43288"}],"wp:featuredmedia":[{"embeddable":true,"href":"https:\/\/mouldking.store\/fr\/wp-json\/wp\/v2\/media\/43285"}],"wp:attachment":[{"href":"https:\/\/mouldking.store\/fr\/wp-json\/wp\/v2\/media?parent=43288"}],"wp:term":[{"taxonomy":"product_cat","embeddable":true,"href":"https:\/\/mouldking.store\/fr\/wp-json\/wp\/v2\/product_cat?post=43288"},{"taxonomy":"product_tag","embeddable":true,"href":"https:\/\/mouldking.store\/fr\/wp-json\/wp\/v2\/product_tag?post=43288"}],"curies":[{"name":"wp","href":"https:\/\/api.w.org\/{rel}","templated":true}]}}