{"id":43303,"date":"2023-03-20T11:22:06","date_gmt":"2023-03-20T04:22:06","guid":{"rendered":"https:\/\/mouldking.store\/shop\/pantasy-86303-le-petit-prince-on-the-planet-with-500-pieces\/"},"modified":"2023-03-20T11:22:06","modified_gmt":"2023-03-20T04:22:06","slug":"pantasy-86303-le-petit-prince-on-the-planet-with-500-pieces","status":"publish","type":"product","link":"https:\/\/mouldking.store\/fr\/shop\/pantasy-86303-le-petit-prince-on-the-planet-with-500-pieces\/","title":{"rendered":"Pantasy 86303 Le Petit Prince Sur La Plan\u00e8te avec 500 Pi\u00e8ces"},"content":{"rendered":"<div>\u2705 PANTASY 86303 Le Petit Prince On The Planet<br \/>&nbsp;<br \/>\u2705 &quot;Le Petit Prince&quot; (traduit par &quot;Le Petit Prince&quot; en anglais) est une nouvelle \u00e9crite par l&#039;auteur fran\u00e7ais Antoine de Saint-Exup\u00e9ry. L&#039;histoire suit un jeune prince qui voyage sur diff\u00e9rentes plan\u00e8tes, dont la Terre, et rencontre divers adultes qui ont perdu leur sens de l&#039;imagination et de l&#039;\u00e9merveillement. \u00c0 travers ses conversations avec les adultes et ses rencontres avec diverses cr\u00e9atures, le prince apprend des le\u00e7ons importantes sur la vie, l&#039;amour et l&#039;importance de la connexion humaine.<br \/>&nbsp;<br \/>\ud83d\udeabIMPORTANT !&nbsp;<br \/>&nbsp;<br \/>Product Name: Le Petit Prince On The Planet<br \/>&nbsp;<br \/>Cat\u00e9gorie\u00a0: Cr\u00e9ateur&nbsp;<br \/>&nbsp;<br \/>This Kit Contains: PANTASY 86303<br \/>&nbsp;<br \/>500 briques de bonne qualit\u00e9.&nbsp;<br \/>&nbsp;<br \/>Size: 9.9 \u00d7 11.1 \u00d7 18.7 cm<br \/>&nbsp;<br \/>Instructions manuelles&nbsp;<br \/>&nbsp;<br \/>\ud83d\udcccNature du protagoniste&nbsp;<br \/>&nbsp;<br \/>Introducing our proud collection named \u201cLe Petit Prince On The Planet\u201d you should not miss.&nbsp;<br \/>&nbsp;<br \/>The novella is known for its beautiful illustrations and its timeless themes, which have made it a beloved classic of French literature. &#8220;Le Petit Prince On The Planet&#8221; may refer to an adaptation or retelling of the original story, perhaps with a specific focus on the prince&#8217;s travels to various planets. There have been numerous adaptations of &#8220;Le Petit Prince&#8221; over the years, including films, stage productions, and even a video game, so it is possible that &#8220;Le Petit Prince On The Planet&#8221; refers to one of these adaptations.<\/div>","protected":false},"excerpt":{"rendered":"<p>Marque : Pantasy<br \/>\nGenre: Unisexe<br \/>\nTranche d&#039;\u00e2ge : &gt; 6 ans<br \/>\nModel Number: 86303<br \/>\nClassement : Assemblage<br \/>\nForme de bloc en plastique\u00a0: briques autobloquantes<br \/>\nMat\u00e9riel: Plastique<br \/>\nType de plastique : ABS<br \/>\nBlocs de briques : 500 +<br \/>\nPas de boite d&#039;origine<\/p>","protected":false},"featured_media":43301,"comment_status":"open","ping_status":"closed","template":"","meta":{"_acf_changed":false},"product_cat":[1365,371],"product_tag":[11072,8452,11606,11356,11607],"class_list":["product","first","instock","shipping-taxable","purchasable","product-type-simple"],"acf":[],"_links":{"self":[{"href":"https:\/\/mouldking.store\/fr\/wp-json\/wp\/v2\/product\/43303","targetHints":{"allow":["GET"]}}],"collection":[{"href":"https:\/\/mouldking.store\/fr\/wp-json\/wp\/v2\/product"}],"about":[{"href":"https:\/\/mouldking.store\/fr\/wp-json\/wp\/v2\/types\/product"}],"replies":[{"embeddable":true,"href":"https:\/\/mouldking.store\/fr\/wp-json\/wp\/v2\/comments?post=43303"}],"wp:featuredmedia":[{"embeddable":true,"href":"https:\/\/mouldking.store\/fr\/wp-json\/wp\/v2\/media\/43301"}],"wp:attachment":[{"href":"https:\/\/mouldking.store\/fr\/wp-json\/wp\/v2\/media?parent=43303"}],"wp:term":[{"taxonomy":"product_cat","embeddable":true,"href":"https:\/\/mouldking.store\/fr\/wp-json\/wp\/v2\/product_cat?post=43303"},{"taxonomy":"product_tag","embeddable":true,"href":"https:\/\/mouldking.store\/fr\/wp-json\/wp\/v2\/product_tag?post=43303"}],"curies":[{"name":"wp","href":"https:\/\/api.w.org\/{rel}","templated":true}]}}