{"id":43309,"date":"2023-03-20T11:33:43","date_gmt":"2023-03-20T04:33:43","guid":{"rendered":"https:\/\/mouldking.store\/shop\/pantasy-86305-le-petit-prince-time-travel-with-500-pieces\/"},"modified":"2023-03-20T11:33:43","modified_gmt":"2023-03-20T04:33:43","slug":"pantasy-86305-le-petit-prince-time-travel-with-500-pieces","status":"publish","type":"product","link":"https:\/\/mouldking.store\/fr\/shop\/pantasy-86305-le-petit-prince-time-travel-with-500-pieces\/","title":{"rendered":"Pantasy 86305 Voyage dans le temps Le Petit Prince avec 500 pi\u00e8ces"},"content":{"rendered":"<div>\u2705 PANTASY 86305 Le Petit Prince Voyage dans le temps<br \/>&nbsp;<br \/>\u2705 &quot;Le Petit Prince&quot; (traduit par &quot;Le Petit Prince&quot; en anglais) est une nouvelle \u00e9crite par l&#039;auteur fran\u00e7ais Antoine de Saint-Exup\u00e9ry. L&#039;histoire suit un jeune prince qui voyage sur diff\u00e9rentes plan\u00e8tes, dont la Terre, et rencontre divers adultes qui ont perdu leur sens de l&#039;imagination et de l&#039;\u00e9merveillement. \u00c0 travers ses conversations avec les adultes et ses rencontres avec diverses cr\u00e9atures, le prince apprend des le\u00e7ons importantes sur la vie, l&#039;amour et l&#039;importance de la connexion humaine.<br \/>&nbsp;<br \/>\ud83d\udeabIMPORTANT !&nbsp;<br \/>&nbsp;<br \/>Nom du produit : Le Petit Prince Time Travel<br \/>&nbsp;<br \/>Cat\u00e9gorie\u00a0: Cr\u00e9ateur&nbsp;<br \/>&nbsp;<br \/>Ce kit contient : PANTASY 86305&nbsp;<br \/>&nbsp;<br \/>500 briques de bonne qualit\u00e9.&nbsp;<br \/>&nbsp;<br \/>Taille : 9,9 \u00d7 11,1 \u00d7 18,7 cm<br \/>&nbsp;<br \/>Instructions manuelles&nbsp;<br \/>&nbsp;<br \/>\ud83d\udcccNature du protagoniste&nbsp;<br \/>&nbsp;<br \/>Vous ne devriez pas manquer la pr\u00e9sentation de notre fi\u00e8re collection nomm\u00e9e &quot;Le Petit Prince Time Travel&quot;.&nbsp;<br \/>&nbsp;<br \/>&quot;Le Petit Prince: Le Voyage&quot; peut \u00e9galement faire r\u00e9f\u00e9rence \u00e0 une adaptation ou \u00e0 un r\u00e9cit de l&#039;histoire originale &quot;Le Petit Prince&quot; d&#039;Antoine de Saint-Exup\u00e9ry. Comme pour &quot;Le Petit Prince sur la plan\u00e8te&quot;, il est possible que &quot;Le Petit Prince : le voyage&quot; soit une adaptation sp\u00e9cifique qui se concentre sur le voyage du prince et les le\u00e7ons qu&#039;il apprend en cours de route.<\/div>","protected":false},"excerpt":{"rendered":"<p>Marque : Pantasy<br \/>\nGenre: Unisexe<br \/>\nTranche d&#039;\u00e2ge : &gt; 6 ans<br \/>\nNum\u00e9ro de mod\u00e8le: 86305<br \/>\nClassement : Assemblage<br \/>\nForme de bloc en plastique\u00a0: briques autobloquantes<br \/>\nMat\u00e9riel: Plastique<br \/>\nType de plastique : ABS<br \/>\nBlocs de briques : 500 +<br \/>\nPas de boite d&#039;origine<\/p>","protected":false},"featured_media":43307,"comment_status":"open","ping_status":"closed","template":"","meta":{"_acf_changed":false},"product_cat":[1365,371],"product_tag":[11072,8452,11606,11607,6290,11609],"class_list":["product","first","instock","shipping-taxable","purchasable","product-type-simple"],"acf":[],"_links":{"self":[{"href":"https:\/\/mouldking.store\/fr\/wp-json\/wp\/v2\/product\/43309","targetHints":{"allow":["GET"]}}],"collection":[{"href":"https:\/\/mouldking.store\/fr\/wp-json\/wp\/v2\/product"}],"about":[{"href":"https:\/\/mouldking.store\/fr\/wp-json\/wp\/v2\/types\/product"}],"replies":[{"embeddable":true,"href":"https:\/\/mouldking.store\/fr\/wp-json\/wp\/v2\/comments?post=43309"}],"wp:featuredmedia":[{"embeddable":true,"href":"https:\/\/mouldking.store\/fr\/wp-json\/wp\/v2\/media\/43307"}],"wp:attachment":[{"href":"https:\/\/mouldking.store\/fr\/wp-json\/wp\/v2\/media?parent=43309"}],"wp:term":[{"taxonomy":"product_cat","embeddable":true,"href":"https:\/\/mouldking.store\/fr\/wp-json\/wp\/v2\/product_cat?post=43309"},{"taxonomy":"product_tag","embeddable":true,"href":"https:\/\/mouldking.store\/fr\/wp-json\/wp\/v2\/product_tag?post=43309"}],"curies":[{"name":"wp","href":"https:\/\/api.w.org\/{rel}","templated":true}]}}