{"id":43330,"date":"2023-03-22T10:21:57","date_gmt":"2023-03-22T03:21:57","guid":{"rendered":"https:\/\/mouldking.store\/shop\/rastar-93500-maserati-mc20-nettuno-sports-car-with-3400-pieces\/"},"modified":"2023-03-22T10:21:57","modified_gmt":"2023-03-22T03:21:57","slug":"rastar-93500-maserati-mc20-nettuno-sports-car-with-3400-pieces","status":"publish","type":"product","link":"https:\/\/mouldking.store\/fr\/shop\/rastar-93500-maserati-mc20-nettuno-sports-car-with-3400-pieces\/","title":{"rendered":"Rastar 93500 Maserati MC20 Nettuno Voiture de sport avec 3400 pi\u00e8ces"},"content":{"rendered":"<div>\u2705 RASTAR 93500 Maserati MC20 Nettuno Voiture de sport&nbsp;<br \/>&nbsp;<br \/>\u2705La Maserati MC20 Nettuno est une voiture de sport hautes performances produite par le constructeur automobile italien Maserati. Elle a \u00e9t\u00e9 d\u00e9voil\u00e9e en septembre 2020 en tant que premi\u00e8re supercar de la marque en plus d&#039;une d\u00e9cennie. Le MC20 est propuls\u00e9 par un nouveau moteur V6 biturbo de 3,0 litres, appel\u00e9 Nettuno, qui a \u00e9t\u00e9 enti\u00e8rement d\u00e9velopp\u00e9 en interne par Maserati. Le moteur produit 621 chevaux et 538 livres-pied de couple, et il est jumel\u00e9 \u00e0 une transmission automatique \u00e0 double embrayage \u00e0 huit rapports.<br \/>&nbsp;<br \/>\ud83d\udeabIMPORTANT !&nbsp;<br \/>&nbsp;<br \/>Nom du produit : voiture de sport Maserati MC20 Nettuno&nbsp;<br \/>&nbsp;<br \/>Cat\u00e9gorie : Technique<br \/>&nbsp;<br \/>Ce kit contient : RASTAR 93500<br \/>&nbsp;<br \/>3400 briques de bonne qualit\u00e9.&nbsp;<br \/>&nbsp;<br \/>Taille : 58,5 \u00d7 28,1 \u00d7 15,4 cm<br \/>&nbsp;<br \/>Instructions manuelles&nbsp;<br \/>&nbsp;<br \/>\ud83d\udcccNature du protagoniste&nbsp;<br \/>&nbsp;<br \/>Vous ne devriez pas manquer la pr\u00e9sentation de notre fi\u00e8re collection nomm\u00e9e &quot;Maserati MC20 Nettuno Sports Car&quot;.&nbsp;<br \/>&nbsp;<br \/>Le MC20 a un design \u00e9l\u00e9gant et a\u00e9rodynamique, avec une position basse et large et une partie avant pointue. Il est \u00e9galement dot\u00e9 de technologies avanc\u00e9es telles que l&#039;a\u00e9rodynamique active, un tableau de bord enti\u00e8rement num\u00e9rique et un syst\u00e8me de suspension sophistiqu\u00e9. La voiture est capable d&#039;acc\u00e9l\u00e9rer de 0 \u00e0 60 miles par heure en moins de trois secondes et a une vitesse de pointe de plus de 200 miles par heure.<\/div>","protected":false},"excerpt":{"rendered":"<p>Marque : Rastar<br \/>\nGenre: Unisexe<br \/>\nTranche d&#039;\u00e2ge : &gt; 14 ans<br \/>\nNum\u00e9ro de mod\u00e8le: 93500<br \/>\nClassement : Assemblage<br \/>\nForme de bloc en plastique\u00a0: briques autobloquantes<br \/>\nMat\u00e9riel: Plastique<br \/>\nType de plastique : ABS<br \/>\nBlocs de Briques : 3400 +<br \/>\nEnsemble uniquement<br \/>\nVersion dynamique<br \/>\nSans boite d&#039;origine<\/p>","protected":false},"featured_media":43325,"comment_status":"open","ping_status":"closed","template":"","meta":{"_acf_changed":false},"product_cat":[1360,1357,364],"product_tag":[457,11612,11613,11614,11150,389,11080],"class_list":["product","first","instock","shipping-taxable","purchasable","product-type-simple"],"acf":[],"_links":{"self":[{"href":"https:\/\/mouldking.store\/fr\/wp-json\/wp\/v2\/product\/43330","targetHints":{"allow":["GET"]}}],"collection":[{"href":"https:\/\/mouldking.store\/fr\/wp-json\/wp\/v2\/product"}],"about":[{"href":"https:\/\/mouldking.store\/fr\/wp-json\/wp\/v2\/types\/product"}],"replies":[{"embeddable":true,"href":"https:\/\/mouldking.store\/fr\/wp-json\/wp\/v2\/comments?post=43330"}],"wp:featuredmedia":[{"embeddable":true,"href":"https:\/\/mouldking.store\/fr\/wp-json\/wp\/v2\/media\/43325"}],"wp:attachment":[{"href":"https:\/\/mouldking.store\/fr\/wp-json\/wp\/v2\/media?parent=43330"}],"wp:term":[{"taxonomy":"product_cat","embeddable":true,"href":"https:\/\/mouldking.store\/fr\/wp-json\/wp\/v2\/product_cat?post=43330"},{"taxonomy":"product_tag","embeddable":true,"href":"https:\/\/mouldking.store\/fr\/wp-json\/wp\/v2\/product_tag?post=43330"}],"curies":[{"name":"wp","href":"https:\/\/api.w.org\/{rel}","templated":true}]}}