{"id":43441,"date":"2023-03-24T11:39:15","date_gmt":"2023-03-24T04:39:15","guid":{"rendered":"https:\/\/mouldking.store\/shop\/moc-factory-48514-separatist-transport-shuttle-with-1933-pieces\/"},"modified":"2025-12-16T22:25:07","modified_gmt":"2025-12-16T15:25:07","slug":"moc-factory-48514-separatist-transport-shuttle-with-1933-pieces","status":"publish","type":"product","link":"https:\/\/mouldking.store\/fr\/shop\/moc-factory-48514-separatist-transport-shuttle-with-1933-pieces\/","title":{"rendered":"MOC Factory 48514 Navette de transport s\u00e9paratiste avec 1933 pi\u00e8ces"},"content":{"rendered":"<div>\u2705 MOC-48514 Navette de transport s\u00e9paratiste<\/p>\n<p>\u2705 Dans l&#039;univers Star Wars, les navettes de transport s\u00e9paratistes \u00e9taient des vaisseaux spatiaux utilis\u00e9s par la Conf\u00e9d\u00e9ration des syst\u00e8mes ind\u00e9pendants pendant la guerre des clones, un conflit majeur d\u00e9crit dans la trilogie pr\u00e9quelle de Star Wars. Ces navettes \u00e9taient g\u00e9n\u00e9ralement utilis\u00e9es pour transporter des troupes, des dro\u00efdes et des fournitures vers diff\u00e9rents fronts de bataille.<\/p>\n<p>\ud83d\udeabIMPORTANT !<\/p>\n<p>Nom du produit : Navette de transport s\u00e9paratiste<\/p>\n<p>Cat\u00e9gorie : Guerres des \u00e9toiles<\/p>\n<p>Ce kit contient : MOC-48514&nbsp;<\/p>\n<p>1933 briques de bonne qualit\u00e9.<\/p>\n<p>Instructions PDF<\/p>\n<p>\ud83d\udcccNature du protagoniste<\/p>\n<p>Vous ne devriez pas manquer la pr\u00e9sentation de notre fi\u00e8re collection nomm\u00e9e &quot;Separatist Transport Shuttle&quot;.<\/p>\n<p>Les navettes de transport s\u00e9paratistes ont \u00e9t\u00e9 con\u00e7ues avec une forme angulaire \u00e9l\u00e9gante et \u00e9taient lourdement arm\u00e9es de canons laser et d&#039;autres armes. Ils \u00e9taient \u00e9galement \u00e9quip\u00e9s de capteurs et de syst\u00e8mes de communication avanc\u00e9s qui leur permettaient de fonctionner efficacement dans une vari\u00e9t\u00e9 d&#039;environnements.<\/p><\/div>","protected":false},"excerpt":{"rendered":"<p>Marque : MOC Factory<br \/>\nGenre: Unisexe<br \/>\nTranche d&#039;\u00e2ge : &gt; 12 ans<br \/>\nNum\u00e9ro de mod\u00e8le: 48514<br \/>\nClassement : Assemblage<br \/>\nForme de bloc en plastique\u00a0: briques autobloquantes<br \/>\nMat\u00e9riel: Plastique<br \/>\nType de plastique : ABS<br \/>\nBlocs de Briques : 1933 +<br \/>\nTemps d&#039;arrangement\u00a0: 4 \u00e0 8\u00a0semaines<\/p>","protected":false},"featured_media":43438,"comment_status":"open","ping_status":"closed","template":"","meta":{"_acf_changed":false},"product_cat":[1350,1357,372,581,415,364,1408],"product_tag":[374,434,11629,9235,436,389,11222],"class_list":["product","first","instock","shipping-taxable","purchasable","product-type-simple"],"acf":[],"_links":{"self":[{"href":"https:\/\/mouldking.store\/fr\/wp-json\/wp\/v2\/product\/43441","targetHints":{"allow":["GET"]}}],"collection":[{"href":"https:\/\/mouldking.store\/fr\/wp-json\/wp\/v2\/product"}],"about":[{"href":"https:\/\/mouldking.store\/fr\/wp-json\/wp\/v2\/types\/product"}],"replies":[{"embeddable":true,"href":"https:\/\/mouldking.store\/fr\/wp-json\/wp\/v2\/comments?post=43441"}],"wp:featuredmedia":[{"embeddable":true,"href":"https:\/\/mouldking.store\/fr\/wp-json\/wp\/v2\/media\/43438"}],"wp:attachment":[{"href":"https:\/\/mouldking.store\/fr\/wp-json\/wp\/v2\/media?parent=43441"}],"wp:term":[{"taxonomy":"product_cat","embeddable":true,"href":"https:\/\/mouldking.store\/fr\/wp-json\/wp\/v2\/product_cat?post=43441"},{"taxonomy":"product_tag","embeddable":true,"href":"https:\/\/mouldking.store\/fr\/wp-json\/wp\/v2\/product_tag?post=43441"}],"curies":[{"name":"wp","href":"https:\/\/api.w.org\/{rel}","templated":true}]}}