{"id":43450,"date":"2023-03-24T11:57:36","date_gmt":"2023-03-24T04:57:36","guid":{"rendered":"https:\/\/mouldking.store\/shop\/moc-factory-90066-42066-c-model-battleship-with-916-pieces\/"},"modified":"2025-12-16T22:25:07","modified_gmt":"2025-12-16T15:25:07","slug":"moc-factory-90066-42066-c-model-battleship-with-916-pieces","status":"publish","type":"product","link":"https:\/\/mouldking.store\/fr\/shop\/moc-factory-90066-42066-c-model-battleship-with-916-pieces\/","title":{"rendered":"MOC Factory 90066 42066 BATTLESHIP mod\u00e8le C avec 916 pi\u00e8ces"},"content":{"rendered":"<div>\u2705 MOC-90066 42066 CUIRASS\u00c9 mod\u00e8le C<\/p>\n<p>\u270542066 est un ensemble brickTechnic sorti en 2017. L&#039;ensemble comprend des pi\u00e8ces et des instructions pour construire un v\u00e9hicule \u00e0 chenilles t\u00e9l\u00e9command\u00e9 (RC), qui est le mod\u00e8le principal de l&#039;ensemble. Cependant, l&#039;ensemble comprend \u00e9galement des instructions et des pi\u00e8ces suppl\u00e9mentaires pour construire un mod\u00e8le C, qui est un mod\u00e8le alternatif qui peut \u00eatre construit en utilisant le m\u00eame ensemble de pi\u00e8ces.<\/p>\n<p>\ud83d\udeabIMPORTANT !<\/p>\n<p>Nom du produit: CUIRASS\u00c9 mod\u00e8le C 42066<\/p>\n<p>Cat\u00e9gorie : Technique<\/p>\n<p>Ce kit contient : MOC-90066&nbsp;<\/p>\n<p>916 briques de bonne qualit\u00e9.<\/p>\n<p>Instructions PDF<\/p>\n<p>\ud83d\udcccNature du protagoniste<\/p>\n<p>Vous ne devriez pas manquer la pr\u00e9sentation de notre fi\u00e8re collection nomm\u00e9e &quot;42066 C-model BATTLESHIP&quot;.<\/p>\n<p>Le mod\u00e8le C de 42066 est un cuirass\u00e9, qui est un type de navire de guerre naval avec une coque lourdement blind\u00e9e et des canons de gros calibre. Le mod\u00e8le C du cuirass\u00e9 est con\u00e7u pour \u00eatre construit en utilisant le m\u00eame ensemble de pi\u00e8ces que le v\u00e9hicule \u00e0 chenilles RC, et n\u00e9cessite un certain d\u00e9montage et une reconfiguration des pi\u00e8ces du mod\u00e8le principal. Le mod\u00e8le C du cuirass\u00e9 n&#039;est pas une conception officielle en brique, mais plut\u00f4t une cr\u00e9ation faite par un fan qui peut \u00eatre construite \u00e0 l&#039;aide des pi\u00e8ces de l&#039;ensemble 42066.<\/p><\/div>","protected":false},"excerpt":{"rendered":"<p>Marque : MOC Factory<br \/>\nGenre: Unisexe<br \/>\nTranche d&#039;\u00e2ge : &gt; 6 ans<br \/>\nNum\u00e9ro de mod\u00e8le: 90066<br \/>\nClassement : Assemblage<br \/>\nForme de bloc en plastique\u00a0: briques autobloquantes<br \/>\nMat\u00e9riel: Plastique<br \/>\nType de plastique : ABS<br \/>\nBlocs de Briques : 916 +<br \/>\nTemps d&#039;arrangement\u00a0: 4 \u00e0 8\u00a0semaines<\/p>","protected":false},"featured_media":43448,"comment_status":"open","ping_status":"closed","template":"","meta":{"_acf_changed":false},"product_cat":[1357,364],"product_tag":[5703,389,11080],"class_list":["product","first","instock","shipping-taxable","purchasable","product-type-simple"],"acf":[],"_links":{"self":[{"href":"https:\/\/mouldking.store\/fr\/wp-json\/wp\/v2\/product\/43450","targetHints":{"allow":["GET"]}}],"collection":[{"href":"https:\/\/mouldking.store\/fr\/wp-json\/wp\/v2\/product"}],"about":[{"href":"https:\/\/mouldking.store\/fr\/wp-json\/wp\/v2\/types\/product"}],"replies":[{"embeddable":true,"href":"https:\/\/mouldking.store\/fr\/wp-json\/wp\/v2\/comments?post=43450"}],"wp:featuredmedia":[{"embeddable":true,"href":"https:\/\/mouldking.store\/fr\/wp-json\/wp\/v2\/media\/43448"}],"wp:attachment":[{"href":"https:\/\/mouldking.store\/fr\/wp-json\/wp\/v2\/media?parent=43450"}],"wp:term":[{"taxonomy":"product_cat","embeddable":true,"href":"https:\/\/mouldking.store\/fr\/wp-json\/wp\/v2\/product_cat?post=43450"},{"taxonomy":"product_tag","embeddable":true,"href":"https:\/\/mouldking.store\/fr\/wp-json\/wp\/v2\/product_tag?post=43450"}],"curies":[{"name":"wp","href":"https:\/\/api.w.org\/{rel}","templated":true}]}}