{"id":43463,"date":"2023-03-24T12:29:18","date_gmt":"2023-03-24T05:29:18","guid":{"rendered":"https:\/\/mouldking.store\/shop\/moc-factory-36027-libra-cafe-with-2287-pieces\/"},"modified":"2025-12-16T22:25:06","modified_gmt":"2025-12-16T15:25:06","slug":"moc-factory-36027-libra-cafe-with-2287-pieces","status":"publish","type":"product","link":"https:\/\/mouldking.store\/fr\/shop\/moc-factory-36027-libra-cafe-with-2287-pieces\/","title":{"rendered":"MOC Factory 36027 Libra Caf\u00e9 avec 2287 pi\u00e8ces"},"content":{"rendered":"<div>\u2705 MOC-36027 Balance Caf\u00e9<\/p>\n<p>\u270510270 est un ensemble de construction modulaire Creator Expert en briques qui a \u00e9t\u00e9 lanc\u00e9 en 2020. Il permet aux constructeurs de construire une librairie d\u00e9taill\u00e9e de trois \u00e9tages et un b\u00e2timent de maison de ville qui peut \u00eatre combin\u00e9 avec d&#039;autres b\u00e2timents modulaires de la s\u00e9rie pour cr\u00e9er une sc\u00e8ne de rue plus grande.<\/p>\n<p>\ud83d\udeabIMPORTANT !<\/p>\n<p>Nom du produit : Balance Caf\u00e9<\/p>\n<p>Cat\u00e9gorie : Construction Modulaire<\/p>\n<p>Ce kit contient : MOC-36027<\/p>\n<p>2287 pi\u00e8ces Briques de bonne qualit\u00e9<\/p>\n<p>Instructions PDF<\/p>\n<p>\ud83d\udcccNature du protagoniste<\/p>\n<p>Vous ne devriez pas manquer la pr\u00e9sentation de notre fi\u00e8re collection nomm\u00e9e &quot;Libra Caf\u00e9&quot;.<\/p>\n<p>Libra Caf\u00e9 (10270 Bookshop Alternate Model Modular) est un mod\u00e8le alternatif pour cet ensemble. Ces mod\u00e8les alternatifs peuvent aller de b\u00e2timents enti\u00e8rement nouveaux \u00e0 des v\u00e9hicules ou \u00e0 d&#039;autres structures qui utilisent les pi\u00e8ces de mani\u00e8re unique.<\/p><\/div>","protected":false},"excerpt":{"rendered":"<p>Marque : MOC Factory<br \/>\nGenre: Unisexe<br \/>\nTranche d&#039;\u00e2ge : &gt; 6 ans<br \/>\nNum\u00e9ro de mod\u00e8le: 36027<br \/>\nClassement : Assemblage<br \/>\nForme de bloc en plastique\u00a0: briques autobloquantes<br \/>\nMat\u00e9riel: Plastique<br \/>\nType de plastique : ABS<br \/>\nBlocs de Briques : 2287 +<br \/>\nTemps d&#039;arrangement\u00a0: 4 \u00e0 8\u00a0semaines<\/p>","protected":false},"featured_media":43459,"comment_status":"open","ping_status":"closed","template":"","meta":{"_acf_changed":false},"product_cat":[1395,390],"product_tag":[727,11634,4883,11633,392],"class_list":["product","first","instock","shipping-taxable","purchasable","product-type-simple"],"acf":[],"_links":{"self":[{"href":"https:\/\/mouldking.store\/fr\/wp-json\/wp\/v2\/product\/43463","targetHints":{"allow":["GET"]}}],"collection":[{"href":"https:\/\/mouldking.store\/fr\/wp-json\/wp\/v2\/product"}],"about":[{"href":"https:\/\/mouldking.store\/fr\/wp-json\/wp\/v2\/types\/product"}],"replies":[{"embeddable":true,"href":"https:\/\/mouldking.store\/fr\/wp-json\/wp\/v2\/comments?post=43463"}],"wp:featuredmedia":[{"embeddable":true,"href":"https:\/\/mouldking.store\/fr\/wp-json\/wp\/v2\/media\/43459"}],"wp:attachment":[{"href":"https:\/\/mouldking.store\/fr\/wp-json\/wp\/v2\/media?parent=43463"}],"wp:term":[{"taxonomy":"product_cat","embeddable":true,"href":"https:\/\/mouldking.store\/fr\/wp-json\/wp\/v2\/product_cat?post=43463"},{"taxonomy":"product_tag","embeddable":true,"href":"https:\/\/mouldking.store\/fr\/wp-json\/wp\/v2\/product_tag?post=43463"}],"curies":[{"name":"wp","href":"https:\/\/api.w.org\/{rel}","templated":true}]}}