{"id":43467,"date":"2023-03-24T12:37:22","date_gmt":"2023-03-24T05:37:22","guid":{"rendered":"https:\/\/mouldking.store\/shop\/moc-factory-14123-the-lounge-10253-big-ben-alternate-model-modular-with-3802-pieces\/"},"modified":"2025-12-16T22:25:06","modified_gmt":"2025-12-16T15:25:06","slug":"moc-factory-14123-the-lounge-10253-big-ben-alternate-model-modular-with-3802-pieces","status":"publish","type":"product","link":"https:\/\/mouldking.store\/fr\/shop\/moc-factory-14123-the-lounge-10253-big-ben-alternate-model-modular-with-3802-pieces\/","title":{"rendered":"MOC Factory 14123 The Lounge (10253 Big Ben Alternate Model Modular) avec 3802 pi\u00e8ces"},"content":{"rendered":"<div>\u2705 MOC-14123 The Lounge (10253 Big Ben Alternate Model Modular)<\/p>\n<p>\u2705Le Lounge est un club ou salon priv\u00e9 qui s&#039;adresse aux personnes fortun\u00e9es ou influentes. Ces types de salons offrent souvent des \u00e9quipements tels que des si\u00e8ges confortables, de la nourriture et des boissons raffin\u00e9es, et d&#039;autres luxes qui ne sont g\u00e9n\u00e9ralement pas disponibles dans les espaces publics. Ils peuvent \u00e9galement offrir des opportunit\u00e9s de r\u00e9seautage et une chance pour les membres de socialiser avec d&#039;autres dans leurs cercles sociaux ou professionnels.<\/p>\n<p>\ud83d\udeabIMPORTANT !<\/p>\n<p>Nom du produit : The Lounge (10253 Big Ben Alternate Model Modular)<\/p>\n<p>Cat\u00e9gorie : Construction Modulaire<\/p>\n<p>Ce kit contient : MOC-14123<\/p>\n<p>3802 briques de bonne qualit\u00e9.<\/p>\n<p>Instructions PDF<\/p>\n<p>\ud83d\udcccNature du protagoniste<\/p>\n<p>Vous ne devriez pas manquer la pr\u00e9sentation de notre fi\u00e8re collection nomm\u00e9e &quot;The Lounge (10253 Big Ben Alternate Model Modular)&quot;.<\/p>\n<p>Le Lounge est un endroit o\u00f9 la classe sup\u00e9rieure vient se d\u00e9tendre apr\u00e8s une dure journ\u00e9e. Avec une vue imprenable sur la mer et une aura exquise d&#039;exclusivit\u00e9, ce modulaire haut de gamme sera un point culminant de n&#039;importe quelle ville. C&#039;est un excellent moyen de terminer une rang\u00e9e de maisons sans avoir recours aux plaques de route ennuyeuses.<\/p><\/div>","protected":false},"excerpt":{"rendered":"<p>Marque : MOC Factory<br \/>\nGenre: Unisexe<br \/>\nTranche d&#039;\u00e2ge : &gt; 6 ans<br \/>\nNum\u00e9ro de mod\u00e8le: 14123<br \/>\nClassement : Assemblage<br \/>\nForme de bloc en plastique\u00a0: briques autobloquantes<br \/>\nMat\u00e9riel: Plastique<br \/>\nType de plastique : ABS<br \/>\nBlocs de Briques : 3802 +<br \/>\nTemps d&#039;arrangement\u00a0: 4 \u00e0 8\u00a0semaines<\/p>","protected":false},"featured_media":43464,"comment_status":"open","ping_status":"closed","template":"","meta":{"_acf_changed":false},"product_cat":[1395,390],"product_tag":[11635,4883,392],"class_list":["product","first","instock","shipping-taxable","purchasable","product-type-simple"],"acf":[],"_links":{"self":[{"href":"https:\/\/mouldking.store\/fr\/wp-json\/wp\/v2\/product\/43467","targetHints":{"allow":["GET"]}}],"collection":[{"href":"https:\/\/mouldking.store\/fr\/wp-json\/wp\/v2\/product"}],"about":[{"href":"https:\/\/mouldking.store\/fr\/wp-json\/wp\/v2\/types\/product"}],"replies":[{"embeddable":true,"href":"https:\/\/mouldking.store\/fr\/wp-json\/wp\/v2\/comments?post=43467"}],"wp:featuredmedia":[{"embeddable":true,"href":"https:\/\/mouldking.store\/fr\/wp-json\/wp\/v2\/media\/43464"}],"wp:attachment":[{"href":"https:\/\/mouldking.store\/fr\/wp-json\/wp\/v2\/media?parent=43467"}],"wp:term":[{"taxonomy":"product_cat","embeddable":true,"href":"https:\/\/mouldking.store\/fr\/wp-json\/wp\/v2\/product_cat?post=43467"},{"taxonomy":"product_tag","embeddable":true,"href":"https:\/\/mouldking.store\/fr\/wp-json\/wp\/v2\/product_tag?post=43467"}],"curies":[{"name":"wp","href":"https:\/\/api.w.org\/{rel}","templated":true}]}}