{"id":43519,"date":"2023-03-27T16:18:59","date_gmt":"2023-03-27T09:18:59","guid":{"rendered":"https:\/\/mouldking.store\/shop\/dk-80009-boeing-787-airplane-with-1353-pieces\/"},"modified":"2023-03-27T16:18:59","modified_gmt":"2023-03-27T09:18:59","slug":"dk-80009-boeing-787-airplane-with-1353-pieces","status":"publish","type":"product","link":"https:\/\/mouldking.store\/fr\/shop\/dk-80009-boeing-787-airplane-with-1353-pieces\/","title":{"rendered":"DK 80009 Boeing 787 Avion avec 1353 pi\u00e8ces"},"content":{"rendered":"<div>\u2705 DK 80009 Boeing 787 Avion<br \/>&nbsp;<br \/>\u2705Le Boeing 787, \u00e9galement connu sous le nom de Dreamliner, est un avion de ligne commercial d\u00e9velopp\u00e9 par l&#039;avionneur am\u00e9ricain Boeing. Il s&#039;agit d&#039;un avion bimoteur long-courrier \u00e0 large fuselage con\u00e7u pour transporter entre 200 et 330 passagers, selon la variante et la configuration des si\u00e8ges.<br \/>&nbsp;<br \/>\ud83d\udeabIMPORTANT !&nbsp;<br \/>&nbsp;<br \/>Nom du produit : avion Boeing 787.<br \/>&nbsp;<br \/>Cat\u00e9gorie : Technique<br \/>&nbsp;<br \/>Ce kit contient : DK 80009<br \/>&nbsp;<br \/>1353 briques de bonne qualit\u00e9.&nbsp;<br \/>&nbsp;<br \/>Taille : 67 \u00d7 66 \u00d7 29 cm<br \/>&nbsp;<br \/>Instructions manuelles&nbsp;<br \/>&nbsp;<br \/>\ud83d\udcccNature du protagoniste&nbsp;<br \/>&nbsp;<br \/>Vous ne devriez pas manquer la pr\u00e9sentation de notre fi\u00e8re collection nomm\u00e9e &quot;Boeing 787 Airplane&quot;.&nbsp;<br \/>&nbsp;<br \/>Le 787 se distingue par ses fonctionnalit\u00e9s et technologies avanc\u00e9es, notamment l&#039;utilisation intensive de mat\u00e9riaux composites l\u00e9gers dans sa construction, ce qui contribue \u00e0 r\u00e9duire son poids et sa consommation de carburant. Il dispose \u00e9galement de grandes fen\u00eatres \u00e0 gradation \u00e9lectronique, d&#039;un a\u00e9rodynamisme avanc\u00e9 et d&#039;un poste de pilotage \u00e0 la pointe de la technologie avec une avionique avanc\u00e9e et des commandes de vol \u00e9lectriques.<\/div>","protected":false},"excerpt":{"rendered":"<p>Marque : DK<br \/>\nGenre: Unisexe<br \/>\nTranche d&#039;\u00e2ge : &gt; 6 ans<br \/>\nNum\u00e9ro de mod\u00e8le: 80009<br \/>\nClassement : Assemblage<br \/>\nForme de bloc en plastique\u00a0: briques autobloquantes<br \/>\nMat\u00e9riel: Plastique<br \/>\nType de plastique : ABS<br \/>\nBlocs de Briques : 1353 +<br \/>\nPas de boite d&#039;origine<\/p>","protected":false},"featured_media":43514,"comment_status":"open","ping_status":"closed","template":"","meta":{"_acf_changed":false},"product_cat":[1357,364],"product_tag":[11092,3191,389,11080],"class_list":["product","first","instock","shipping-taxable","purchasable","product-type-simple"],"acf":[],"_links":{"self":[{"href":"https:\/\/mouldking.store\/fr\/wp-json\/wp\/v2\/product\/43519","targetHints":{"allow":["GET"]}}],"collection":[{"href":"https:\/\/mouldking.store\/fr\/wp-json\/wp\/v2\/product"}],"about":[{"href":"https:\/\/mouldking.store\/fr\/wp-json\/wp\/v2\/types\/product"}],"replies":[{"embeddable":true,"href":"https:\/\/mouldking.store\/fr\/wp-json\/wp\/v2\/comments?post=43519"}],"wp:featuredmedia":[{"embeddable":true,"href":"https:\/\/mouldking.store\/fr\/wp-json\/wp\/v2\/media\/43514"}],"wp:attachment":[{"href":"https:\/\/mouldking.store\/fr\/wp-json\/wp\/v2\/media?parent=43519"}],"wp:term":[{"taxonomy":"product_cat","embeddable":true,"href":"https:\/\/mouldking.store\/fr\/wp-json\/wp\/v2\/product_cat?post=43519"},{"taxonomy":"product_tag","embeddable":true,"href":"https:\/\/mouldking.store\/fr\/wp-json\/wp\/v2\/product_tag?post=43519"}],"curies":[{"name":"wp","href":"https:\/\/api.w.org\/{rel}","templated":true}]}}