{"id":43525,"date":"2023-03-27T16:26:35","date_gmt":"2023-03-27T09:26:35","guid":{"rendered":"https:\/\/mouldking.store\/shop\/pantasy-11002-china-southern-airlines-arj21-with-3000-pieces\/"},"modified":"2023-03-27T16:26:35","modified_gmt":"2023-03-27T09:26:35","slug":"pantasy-11002-china-southern-airlines-arj21-with-3000-pieces","status":"publish","type":"product","link":"https:\/\/mouldking.store\/fr\/shop\/pantasy-11002-china-southern-airlines-arj21-with-3000-pieces\/","title":{"rendered":"Pantasy 11002 China Southern Airlines ARJ21 avec 3000 pi\u00e8ces"},"content":{"rendered":"<div>\u2705 Pantasy 11002 China Southern Airlines ARJ21<br \/>&nbsp;<br \/>\u2705Le China Southern Airlines ARJ21 est un avion de ligne \u00e0 r\u00e9action r\u00e9gional fabriqu\u00e9 par la Commercial Aircraft Corporation of China (COMAC). Il s&#039;agit d&#039;un avion monocouloir bimoteur con\u00e7u pour les vols court \u00e0 moyen-courriers, avec une autonomie allant jusqu&#039;\u00e0 3 700 kilom\u00e8tres (2 300 miles) et une capacit\u00e9 allant jusqu&#039;\u00e0 90 passagers, selon la configuration des si\u00e8ges.<br \/>&nbsp;<br \/>\ud83d\udeabIMPORTANT !&nbsp;<br \/>&nbsp;<br \/>Nom du produit : China Southern Airlines ARJ21<br \/>&nbsp;<br \/>Cat\u00e9gorie : Technique<br \/>&nbsp;<br \/>Ce kit contient : Pantasy 11002<br \/>&nbsp;<br \/>3000 briques de bonne qualit\u00e9.&nbsp;<br \/>&nbsp;<br \/>Taille : 46,7 \u00d7 44,7 \u00d7 31 cm<\/p>\n<p>Poids 1,011 kg<\/p><\/div>\n<div>&nbsp;<br \/>Instructions manuelles&nbsp;<br \/>&nbsp;<br \/>\ud83d\udcccNature du protagoniste&nbsp;<br \/>&nbsp;<br \/>Vous ne devriez pas manquer la pr\u00e9sentation de notre fi\u00e8re collection nomm\u00e9e &quot;China Southern Airlines ARJ21&quot;.&nbsp;<br \/>&nbsp;<br \/>L&#039;ARJ21 est remarquable pour \u00eatre le premier avion de ligne commercial con\u00e7u et fabriqu\u00e9 enti\u00e8rement en Chine, dans le but de r\u00e9duire la d\u00e9pendance de la Chine vis-\u00e0-vis des constructeurs d&#039;avions \u00e9trangers tels que Boeing et Airbus. Le programme a \u00e9t\u00e9 lanc\u00e9 en 2002 et le premier ARJ21 est entr\u00e9 en service chez Chengdu Airlines en 2016.<\/div>","protected":false},"excerpt":{"rendered":"<p>Marque : Pantasy<br \/>\nGenre: Unisexe<br \/>\nTranche d&#039;\u00e2ge : &gt; 6 ans<br \/>\nNum\u00e9ro de mod\u00e8le: 11002<br \/>\nClassement : Assemblage<br \/>\nForme de bloc en plastique\u00a0: briques autobloquantes<br \/>\nMat\u00e9riel: Plastique<br \/>\nType de plastique : ABS<br \/>\nBlocs de briques : 3000 +<br \/>\nPas de boite d&#039;origine<br \/>\nLes pi\u00e8ces paient la monnaie<\/p>","protected":false},"featured_media":43520,"comment_status":"open","ping_status":"closed","template":"","meta":{"_acf_changed":false},"product_cat":[1357,364],"product_tag":[11092,10892,11364,389,11080],"class_list":["product","first","instock","shipping-taxable","purchasable","product-type-simple"],"acf":[],"_links":{"self":[{"href":"https:\/\/mouldking.store\/fr\/wp-json\/wp\/v2\/product\/43525","targetHints":{"allow":["GET"]}}],"collection":[{"href":"https:\/\/mouldking.store\/fr\/wp-json\/wp\/v2\/product"}],"about":[{"href":"https:\/\/mouldking.store\/fr\/wp-json\/wp\/v2\/types\/product"}],"replies":[{"embeddable":true,"href":"https:\/\/mouldking.store\/fr\/wp-json\/wp\/v2\/comments?post=43525"}],"wp:featuredmedia":[{"embeddable":true,"href":"https:\/\/mouldking.store\/fr\/wp-json\/wp\/v2\/media\/43520"}],"wp:attachment":[{"href":"https:\/\/mouldking.store\/fr\/wp-json\/wp\/v2\/media?parent=43525"}],"wp:term":[{"taxonomy":"product_cat","embeddable":true,"href":"https:\/\/mouldking.store\/fr\/wp-json\/wp\/v2\/product_cat?post=43525"},{"taxonomy":"product_tag","embeddable":true,"href":"https:\/\/mouldking.store\/fr\/wp-json\/wp\/v2\/product_tag?post=43525"}],"curies":[{"name":"wp","href":"https:\/\/api.w.org\/{rel}","templated":true}]}}