{"id":43539,"date":"2023-03-27T16:54:38","date_gmt":"2023-03-27T09:54:38","guid":{"rendered":"https:\/\/mouldking.store\/shop\/pantasy-86231-neogeo-game-arcade-with-3000-pieces\/"},"modified":"2023-03-27T16:54:38","modified_gmt":"2023-03-27T09:54:38","slug":"pantasy-86231-neogeo-game-arcade-with-3000-pieces","status":"publish","type":"product","link":"https:\/\/mouldking.store\/fr\/shop\/pantasy-86231-neogeo-game-arcade-with-3000-pieces\/","title":{"rendered":"Pantasy 86231 NEOGEO Jeu Arcade avec 3000 pi\u00e8ces"},"content":{"rendered":"<div>\u2705 Pantasy 86231 NEOGEO Jeu Arcade&nbsp;<br \/>&nbsp;<br \/>\u2705NEOGEO est un syst\u00e8me d&#039;arcade et une console de jeux vid\u00e9o d\u00e9velopp\u00e9s par la soci\u00e9t\u00e9 japonaise SNK (anciennement connue sous le nom de Shin Nihon Kikaku). Il a \u00e9t\u00e9 lanc\u00e9 pour la premi\u00e8re fois en 1990 en tant que syst\u00e8me d&#039;arcade haut de gamme capable de g\u00e9rer des jeux de style arcade de haute qualit\u00e9 avec des graphismes et des capacit\u00e9s sonores avanc\u00e9s.<br \/>&nbsp;<br \/>\ud83d\udeabIMPORTANT !&nbsp;<br \/>&nbsp;<br \/>Nom du produit: Arcade de jeu NEOGEO&nbsp;<br \/>&nbsp;<br \/>Cat\u00e9gorie\u00a0: Cr\u00e9ateur&nbsp;<br \/>&nbsp;<br \/>Ce kit contient : Pantasy 86231&nbsp;<br \/>&nbsp;<br \/>3000 briques de bonne qualit\u00e9.&nbsp;<br \/>&nbsp;<br \/>Taille : 24 x 24 x 17 cm<br \/>&nbsp;<br \/>Instructions manuelles&nbsp;<br \/>&nbsp;<br \/>\ud83d\udcccNature du protagoniste&nbsp;<br \/>&nbsp;<br \/>Vous ne devriez pas manquer la pr\u00e9sentation de notre fi\u00e8re collection nomm\u00e9e &quot;NEOGEO Game Arcade&quot;.&nbsp;<br \/>&nbsp;<br \/>Les armoires d&#039;arcade NEOGEO se distinguaient par leurs designs color\u00e9s et leurs commandes par joystick et boutons de style arcade. On les trouvait souvent dans les arcades et autres lieux de divertissement publics, o\u00f9 les joueurs pouvaient profiter de jeux classiques comme &quot;Metal Slug&quot;, &quot;The King of Fighters&quot;, &quot;Samurai Shodown&quot; et &quot;Fatal Fury&quot;. En plus du syst\u00e8me d&#039;arcade, SNK a \u00e9galement sorti une version console de salon de la NEOGEO en 1991. La console de salon NEOGEO \u00e9tait connue pour son prix \u00e9lev\u00e9 et le fait qu&#039;elle utilisait le m\u00eame mat\u00e9riel que le syst\u00e8me d&#039;arcade, ce qui la rendait ch\u00e8re mais a \u00e9galement permis des jeux de qualit\u00e9 arcade \u00e0 la maison.<\/div>","protected":false},"excerpt":{"rendered":"<p>Marque : Pantasy<br \/>\nGenre: Unisexe<br \/>\nTranche d&#039;\u00e2ge : &gt; 6 ans<br \/>\nNum\u00e9ro de mod\u00e8le: 86231<br \/>\nClassement : Assemblage<br \/>\nForme de bloc en plastique\u00a0: briques autobloquantes<br \/>\nMat\u00e9riel: Plastique<br \/>\nType de plastique : ABS<br \/>\nBlocs de briques : 3000 +<br \/>\nPas de boite d&#039;origine<br \/>\nPas de figurines<br \/>\nLes pi\u00e8ces peuvent changer<\/p>","protected":false},"featured_media":43533,"comment_status":"open","ping_status":"closed","template":"","meta":{"_acf_changed":false},"product_cat":[1365,371],"product_tag":[8605,11072,8452,9139],"class_list":["product","first","instock","shipping-taxable","purchasable","product-type-simple"],"acf":[],"_links":{"self":[{"href":"https:\/\/mouldking.store\/fr\/wp-json\/wp\/v2\/product\/43539","targetHints":{"allow":["GET"]}}],"collection":[{"href":"https:\/\/mouldking.store\/fr\/wp-json\/wp\/v2\/product"}],"about":[{"href":"https:\/\/mouldking.store\/fr\/wp-json\/wp\/v2\/types\/product"}],"replies":[{"embeddable":true,"href":"https:\/\/mouldking.store\/fr\/wp-json\/wp\/v2\/comments?post=43539"}],"wp:featuredmedia":[{"embeddable":true,"href":"https:\/\/mouldking.store\/fr\/wp-json\/wp\/v2\/media\/43533"}],"wp:attachment":[{"href":"https:\/\/mouldking.store\/fr\/wp-json\/wp\/v2\/media?parent=43539"}],"wp:term":[{"taxonomy":"product_cat","embeddable":true,"href":"https:\/\/mouldking.store\/fr\/wp-json\/wp\/v2\/product_cat?post=43539"},{"taxonomy":"product_tag","embeddable":true,"href":"https:\/\/mouldking.store\/fr\/wp-json\/wp\/v2\/product_tag?post=43539"}],"curies":[{"name":"wp","href":"https:\/\/api.w.org\/{rel}","templated":true}]}}