{"id":43558,"date":"2023-03-27T17:16:55","date_gmt":"2023-03-27T10:16:55","guid":{"rendered":"https:\/\/mouldking.store\/shop\/decool-jisi-16809-coffee-machine-with-678-pieces\/"},"modified":"2023-03-27T17:16:55","modified_gmt":"2023-03-27T10:16:55","slug":"decool-jisi-16809-coffee-machine-with-678-pieces","status":"publish","type":"product","link":"https:\/\/mouldking.store\/fr\/shop\/decool-jisi-16809-coffee-machine-with-678-pieces\/","title":{"rendered":"DECOOL \/ JiSi 16809 Machine \u00e0 caf\u00e9 avec 678 pi\u00e8ces"},"content":{"rendered":"<div>\u2705 Machine \u00e0 caf\u00e9 DECOOL 16809<br \/>&nbsp;<br \/>\u2705Une machine \u00e0 caf\u00e9 est un appareil con\u00e7u pour pr\u00e9parer le caf\u00e9 automatiquement, avec un minimum d&#039;effort manuel. Il existe de nombreux types de machines \u00e0 caf\u00e9, chacune avec ses propres caract\u00e9ristiques et m\u00e9thodes de brassage.<br \/>&nbsp;<br \/>\ud83d\udeabIMPORTANT !&nbsp;<br \/>&nbsp;<br \/>Nom du produit : machine \u00e0 caf\u00e9.<br \/>&nbsp;<br \/>Cat\u00e9gorie\u00a0: Cr\u00e9ateur&nbsp;<br \/>&nbsp;<br \/>Ce kit contient : DECOOL 16809&nbsp;<br \/>&nbsp;<br \/>678 briques de bonne qualit\u00e9.&nbsp;<br \/>&nbsp;<br \/>Taille : 11 \u00d7 16 \u00d7 19 cm<br \/>&nbsp;<br \/>Instructions manuelles&nbsp;<br \/>&nbsp;<br \/>\ud83d\udcccNature du protagoniste&nbsp;<br \/>&nbsp;<br \/>Vous ne devriez pas manquer la pr\u00e9sentation de notre fi\u00e8re collection nomm\u00e9e &quot;Coffee Machine&quot;.&nbsp;<br \/>&nbsp;<br \/>Le fonctionnement d&#039;une machine \u00e0 caf\u00e9 d\u00e9pend du type de machine. En g\u00e9n\u00e9ral, les machines \u00e0 caf\u00e9 fonctionnent en utilisant de l&#039;eau chaude et du marc de caf\u00e9 pour extraire la saveur et l&#039;ar\u00f4me du caf\u00e9. La m\u00e9canique sp\u00e9cifique de la machine d\u00e9pendra de sa conception et de son type.<\/div>","protected":false},"excerpt":{"rendered":"<p>Marque : DECOOL \/ JiSi<br \/>\nGenre: Unisexe<br \/>\nTranche d&#039;\u00e2ge : &gt; 8 ans<br \/>\nNum\u00e9ro de mod\u00e8le: 16809<br \/>\nClassement : Assemblage<br \/>\nForme de bloc en plastique\u00a0: briques autobloquantes<br \/>\nMat\u00e9riel: Plastique<br \/>\nType de plastique : ABS<br \/>\nBlocs de briques : 678 +<br \/>\nPas de boite d&#039;origine<\/p>","protected":false},"featured_media":43553,"comment_status":"open","ping_status":"closed","template":"","meta":{"_acf_changed":false},"product_cat":[1365,371],"product_tag":[5228,7821,11072,8452],"class_list":["product","first","instock","shipping-taxable","purchasable","product-type-simple"],"acf":[],"_links":{"self":[{"href":"https:\/\/mouldking.store\/fr\/wp-json\/wp\/v2\/product\/43558","targetHints":{"allow":["GET"]}}],"collection":[{"href":"https:\/\/mouldking.store\/fr\/wp-json\/wp\/v2\/product"}],"about":[{"href":"https:\/\/mouldking.store\/fr\/wp-json\/wp\/v2\/types\/product"}],"replies":[{"embeddable":true,"href":"https:\/\/mouldking.store\/fr\/wp-json\/wp\/v2\/comments?post=43558"}],"wp:featuredmedia":[{"embeddable":true,"href":"https:\/\/mouldking.store\/fr\/wp-json\/wp\/v2\/media\/43553"}],"wp:attachment":[{"href":"https:\/\/mouldking.store\/fr\/wp-json\/wp\/v2\/media?parent=43558"}],"wp:term":[{"taxonomy":"product_cat","embeddable":true,"href":"https:\/\/mouldking.store\/fr\/wp-json\/wp\/v2\/product_cat?post=43558"},{"taxonomy":"product_tag","embeddable":true,"href":"https:\/\/mouldking.store\/fr\/wp-json\/wp\/v2\/product_tag?post=43558"}],"curies":[{"name":"wp","href":"https:\/\/api.w.org\/{rel}","templated":true}]}}