{"id":43948,"date":"2023-04-04T13:55:33","date_gmt":"2023-04-04T06:55:33","guid":{"rendered":"https:\/\/mouldking.store\/shop\/moc-factory-89424-kirby-and-the-forgotten-land-car-mouth-with-500-pieces\/"},"modified":"2025-12-16T22:25:05","modified_gmt":"2025-12-16T15:25:05","slug":"moc-factory-89424-kirby-and-the-forgotten-land-car-mouth-with-500-pieces","status":"publish","type":"product","link":"https:\/\/mouldking.store\/fr\/shop\/moc-factory-89424-kirby-and-the-forgotten-land-car-mouth-with-500-pieces\/","title":{"rendered":"MOC Factory 89424 Kirby et la bouche de voiture Forgotten Land avec 500 pi\u00e8ces"},"content":{"rendered":"<div>\u2705 MOC-89424 Kirby et la bouche de voiture de la terre oubli\u00e9e<\/p>\n<p>\u2705Kirby and the Forgotten Land est un jeu vid\u00e9o de plateforme d\u00e9velopp\u00e9 par HAL Laboratory et \u00e9dit\u00e9 par Nintendo pour la console Nintendo Switch.&nbsp;<\/p>\n<p>\ud83d\udeabIMPORTANT !<\/p>\n<p>Nom du produit : Kirby et la bouche de voiture Forgotten Land<\/p>\n<p>Cat\u00e9gorie : Film<\/p>\n<p>Ce kit contient : C9351<\/p>\n<p>500 briques de bonne qualit\u00e9.<\/p>\n<p>Instructions PDF<\/p>\n<p>\ud83d\udcccNature du protagoniste<\/p>\n<p>Vous ne devriez pas manquer la pr\u00e9sentation de notre fi\u00e8re collection nomm\u00e9e &quot;Kirby and the Forgotten Land Car Mouth&quot;.<\/p>\n<p>Le jeu pr\u00e9sente Kirby explorant un vaste monde en 3D rempli de secrets, d&#039;\u00e9nigmes et d&#039;ennemis. La capacit\u00e9 caract\u00e9ristique de Kirby d&#039;inhaler les ennemis et d&#039;obtenir leurs pouvoirs revient, ainsi que de nouvelles capacit\u00e9s telles qu&#039;une puissante attaque de m\u00eal\u00e9e et la capacit\u00e9 de combiner des pouvoirs pour cr\u00e9er de nouvelles capacit\u00e9s uniques.&nbsp;<\/p><\/div>","protected":false},"excerpt":{"rendered":"<p>Marque : MOC Factory<br \/>\nGenre: Unisexe<br \/>\nTranche d&#039;\u00e2ge : &gt; 6 ans<br \/>\nNum\u00e9ro de mod\u00e8le: 89424<br \/>\nClassement : Assemblage<br \/>\nForme de bloc en plastique\u00a0: briques autobloquantes<br \/>\nMat\u00e9riel: Plastique<br \/>\nType de plastique : ABS<br \/>\nBlocs de briques : 500 +<br \/>\nLes pi\u00e8ces peuvent changer<\/p>","protected":false},"featured_media":43938,"comment_status":"open","ping_status":"closed","template":"","meta":{"_acf_changed":false},"product_cat":[1365,1360,581,1408],"product_tag":[457,8452,11682,11681,4706,434],"class_list":["product","first","instock","shipping-taxable","purchasable","product-type-simple"],"acf":[],"_links":{"self":[{"href":"https:\/\/mouldking.store\/fr\/wp-json\/wp\/v2\/product\/43948","targetHints":{"allow":["GET"]}}],"collection":[{"href":"https:\/\/mouldking.store\/fr\/wp-json\/wp\/v2\/product"}],"about":[{"href":"https:\/\/mouldking.store\/fr\/wp-json\/wp\/v2\/types\/product"}],"replies":[{"embeddable":true,"href":"https:\/\/mouldking.store\/fr\/wp-json\/wp\/v2\/comments?post=43948"}],"wp:featuredmedia":[{"embeddable":true,"href":"https:\/\/mouldking.store\/fr\/wp-json\/wp\/v2\/media\/43938"}],"wp:attachment":[{"href":"https:\/\/mouldking.store\/fr\/wp-json\/wp\/v2\/media?parent=43948"}],"wp:term":[{"taxonomy":"product_cat","embeddable":true,"href":"https:\/\/mouldking.store\/fr\/wp-json\/wp\/v2\/product_cat?post=43948"},{"taxonomy":"product_tag","embeddable":true,"href":"https:\/\/mouldking.store\/fr\/wp-json\/wp\/v2\/product_tag?post=43948"}],"curies":[{"name":"wp","href":"https:\/\/api.w.org\/{rel}","templated":true}]}}