{"id":43971,"date":"2023-04-05T09:52:44","date_gmt":"2023-04-05T02:52:44","guid":{"rendered":"https:\/\/mouldking.store\/shop\/zhegao-00415-summer-tea-with-836-pieces\/"},"modified":"2023-04-05T09:52:44","modified_gmt":"2023-04-05T02:52:44","slug":"zhegao-00415-summer-tea-with-836-pieces","status":"publish","type":"product","link":"https:\/\/mouldking.store\/fr\/shop\/zhegao-00415-summer-tea-with-836-pieces\/","title":{"rendered":"ZHEGAO 00415 Th\u00e9 d&#039;\u00e9t\u00e9 avec 836 pi\u00e8ces"},"content":{"rendered":"<div>\u2705 ZHEGAO 00415 Th\u00e9 d&#039;\u00e9t\u00e9<br \/>&nbsp;<br \/>\u2705 &quot;Summer Tea&quot; est une s\u00e9rie cr\u00e9ative vari\u00e9e d&#039;ensembles de blocs de construction qui a \u00e9t\u00e9 publi\u00e9e pour la premi\u00e8re fois en 2022. L&#039;ensemble contient 836 particules de blocs de construction, ce qui sugg\u00e8re qu&#039;il s&#039;agit d&#039;un ensemble relativement volumineux et complexe.<br \/>&nbsp;<br \/>\ud83d\udeabIMPORTANT !&nbsp;<br \/>&nbsp;<br \/>Nom du produit : th\u00e9 d&#039;\u00e9t\u00e9.<br \/>&nbsp;<br \/>Cat\u00e9gorie\u00a0: Cr\u00e9ateur&nbsp;<br \/>&nbsp;<br \/>Ce kit contient : ZHEGAO 00415&nbsp;<br \/>&nbsp;<br \/>836 briques de bonne qualit\u00e9.&nbsp;<br \/>&nbsp;<br \/>Taille : 21,6 \u00d7 14,6 \u00d7 16,2 cm<\/p>\n<\/div>\n<div>Instructions manuelles&nbsp;<br \/>&nbsp;<br \/>\ud83d\udcccNature du protagoniste&nbsp;<br \/>&nbsp;<br \/>Vous ne devriez pas manquer la pr\u00e9sentation de notre fi\u00e8re collection nomm\u00e9e &quot;Summer Tea&quot;.&nbsp;<br \/>&nbsp;<br \/>L&#039;ensemble est sur le th\u00e8me de l&#039;\u00e9t\u00e9 ou des activit\u00e9s de plein air. Le nom &quot;Summer Tea&quot; pourrait sugg\u00e9rer un ensemble qui comprend une sc\u00e8ne de th\u00e9 \u00e0 construire, avec des tables, des chaises et des accessoires pour le th\u00e9. Alternativement, il est possible que l&#039;ensemble inclue d&#039;autres \u00e9l\u00e9ments estivaux, comme une sc\u00e8ne de plage, une f\u00eate \u00e0 la piscine ou une garden-party.<\/div>","protected":false},"excerpt":{"rendered":"<p>Marque : ZHEGAO<br \/>\nGenre: Unisexe<br \/>\nTranche d&#039;\u00e2ge : &gt; 6 ans<br \/>\nNum\u00e9ro de mod\u00e8le : 00415<br \/>\nClassement : Assemblage<br \/>\nForme de bloc en plastique\u00a0: briques autobloquantes<br \/>\nMat\u00e9riel: Plastique<br \/>\nType de plastique : ABS<br \/>\nBlocs de briques : 836 +<br \/>\nPas de figurines<\/p>","protected":false},"featured_media":43965,"comment_status":"open","ping_status":"closed","template":"","meta":{"_acf_changed":false},"product_cat":[1365,371],"product_tag":[4572,11072,8452,11686,11132],"class_list":["product","first","instock","shipping-taxable","purchasable","product-type-simple"],"acf":[],"_links":{"self":[{"href":"https:\/\/mouldking.store\/fr\/wp-json\/wp\/v2\/product\/43971","targetHints":{"allow":["GET"]}}],"collection":[{"href":"https:\/\/mouldking.store\/fr\/wp-json\/wp\/v2\/product"}],"about":[{"href":"https:\/\/mouldking.store\/fr\/wp-json\/wp\/v2\/types\/product"}],"replies":[{"embeddable":true,"href":"https:\/\/mouldking.store\/fr\/wp-json\/wp\/v2\/comments?post=43971"}],"wp:featuredmedia":[{"embeddable":true,"href":"https:\/\/mouldking.store\/fr\/wp-json\/wp\/v2\/media\/43965"}],"wp:attachment":[{"href":"https:\/\/mouldking.store\/fr\/wp-json\/wp\/v2\/media?parent=43971"}],"wp:term":[{"taxonomy":"product_cat","embeddable":true,"href":"https:\/\/mouldking.store\/fr\/wp-json\/wp\/v2\/product_cat?post=43971"},{"taxonomy":"product_tag","embeddable":true,"href":"https:\/\/mouldking.store\/fr\/wp-json\/wp\/v2\/product_tag?post=43971"}],"curies":[{"name":"wp","href":"https:\/\/api.w.org\/{rel}","templated":true}]}}