{"id":43977,"date":"2023-04-05T10:04:22","date_gmt":"2023-04-05T03:04:22","guid":{"rendered":"https:\/\/mouldking.store\/shop\/pantasy-86309-the-little-prince-toys-with-1000-pieces\/"},"modified":"2023-04-05T10:04:22","modified_gmt":"2023-04-05T03:04:22","slug":"pantasy-86309-the-little-prince-toys-with-1000-pieces","status":"publish","type":"product","link":"https:\/\/mouldking.store\/fr\/shop\/pantasy-86309-the-little-prince-toys-with-1000-pieces\/","title":{"rendered":"Pantasy 86309 Le Petit Prince Jouets avec 1000 pi\u00e8ces"},"content":{"rendered":"<div>\u2705 Pantasy 86309 Jouets Le Petit Prince<br \/>&nbsp;<br \/>\u2705 &quot;Le Petit Prince&quot; est une nouvelle \u00e9crite par Antoine de Saint-Exup\u00e9ry et publi\u00e9e pour la premi\u00e8re fois en 1943. C&#039;est une \u0153uvre litt\u00e9raire c\u00e9l\u00e8bre et appr\u00e9ci\u00e9e qui a \u00e9t\u00e9 traduite dans de nombreuses langues et s&#039;est vendue \u00e0 des millions d&#039;exemplaires dans le monde.<br \/>&nbsp;<br \/>\ud83d\udeabIMPORTANT !&nbsp;<br \/>&nbsp;<br \/>Nom du produit : les jouets du petit prince.<br \/>&nbsp;<br \/>Cat\u00e9gorie\u00a0: Cr\u00e9ateur&nbsp;<br \/>&nbsp;<br \/>Ce kit contient : Pantasy 86309<br \/>&nbsp;<br \/>1000 briques de bonne qualit\u00e9.&nbsp;<br \/>&nbsp;<br \/>Taille : 12,6 \u00d7 8 \u00d7 17,8 cm<br \/>&nbsp;<br \/>Instructions manuelles&nbsp;<br \/>&nbsp;<br \/>\ud83d\udcccNature du protagoniste&nbsp;<br \/>&nbsp;<br \/>Vous ne devriez pas manquer la pr\u00e9sentation de notre fi\u00e8re collection nomm\u00e9e &quot;The Little Prince Toys&quot;.&nbsp;<br \/>&nbsp;<br \/>L&#039;histoire suit un jeune gar\u00e7on, appel\u00e9 &quot;le petit prince&quot;, qui voyage de plan\u00e8te en plan\u00e8te, rencontrant divers personnages en cours de route. Au cours de ses voyages, le petit prince apprend des le\u00e7ons importantes sur la vie, l&#039;amour et l&#039;amiti\u00e9. L&#039;histoire est souvent interpr\u00e9t\u00e9e comme une all\u00e9gorie philosophique, avec le petit prince repr\u00e9sentant l&#039;innocence et l&#039;esprit humain, et son voyage symbolisant la recherche de sens et de compr\u00e9hension dans la vie. Le livre explore des th\u00e8mes tels que l&#039;importance de l&#039;imagination, les dangers de l&#039;\u00e9troitesse d&#039;esprit et de la conformit\u00e9, et la beaut\u00e9 de la simplicit\u00e9 et de la connexion humaine.<\/div>","protected":false},"excerpt":{"rendered":"<p>Marque : Pantasy<br \/>\nGenre: Unisexe<br \/>\nTranche d&#039;\u00e2ge : &gt; 6 ans<br \/>\nNum\u00e9ro de mod\u00e8le: 86309<br \/>\nClassement : Assemblage<br \/>\nForme de bloc en plastique\u00a0: briques autobloquantes<br \/>\nMat\u00e9riel: Plastique<br \/>\nType de plastique : ABS<br \/>\nBlocs de briques : 1000 +<br \/>\nPas de boite d&#039;origine<\/p>","protected":false},"featured_media":43972,"comment_status":"open","ping_status":"closed","template":"","meta":{"_acf_changed":false},"product_cat":[1365,371],"product_tag":[11072,8452,11607],"class_list":["product","first","instock","shipping-taxable","purchasable","product-type-simple"],"acf":[],"_links":{"self":[{"href":"https:\/\/mouldking.store\/fr\/wp-json\/wp\/v2\/product\/43977","targetHints":{"allow":["GET"]}}],"collection":[{"href":"https:\/\/mouldking.store\/fr\/wp-json\/wp\/v2\/product"}],"about":[{"href":"https:\/\/mouldking.store\/fr\/wp-json\/wp\/v2\/types\/product"}],"replies":[{"embeddable":true,"href":"https:\/\/mouldking.store\/fr\/wp-json\/wp\/v2\/comments?post=43977"}],"wp:featuredmedia":[{"embeddable":true,"href":"https:\/\/mouldking.store\/fr\/wp-json\/wp\/v2\/media\/43972"}],"wp:attachment":[{"href":"https:\/\/mouldking.store\/fr\/wp-json\/wp\/v2\/media?parent=43977"}],"wp:term":[{"taxonomy":"product_cat","embeddable":true,"href":"https:\/\/mouldking.store\/fr\/wp-json\/wp\/v2\/product_cat?post=43977"},{"taxonomy":"product_tag","embeddable":true,"href":"https:\/\/mouldking.store\/fr\/wp-json\/wp\/v2\/product_tag?post=43977"}],"curies":[{"name":"wp","href":"https:\/\/api.w.org\/{rel}","templated":true}]}}