{"id":43992,"date":"2023-04-05T10:34:36","date_gmt":"2023-04-05T03:34:36","guid":{"rendered":"https:\/\/mouldking.store\/shop\/reobrix-66031-magic-station-book-with-3060-pieces\/"},"modified":"2023-04-05T10:34:36","modified_gmt":"2023-04-05T03:34:36","slug":"reobrix-66031-magic-station-book-with-3060-pieces","status":"publish","type":"product","link":"https:\/\/mouldking.store\/fr\/shop\/reobrix-66031-magic-station-book-with-3060-pieces\/","title":{"rendered":"REOBRIX 66031 Magic Station Book avec 3060 pi\u00e8ces"},"content":{"rendered":"<div>\u2705 Livre de station magique Reobrix 66031<br \/>&nbsp;<br \/>\u2705 &quot;The Magic Station&quot; est un ensemble de blocs de construction qui fait partie de la s\u00e9rie de marchandises Harry Potter. L&#039;ensemble contient 3060 particules de blocs de construction et devrait sortir en 2023.<br \/>&nbsp;<br \/>\ud83d\udeabIMPORTANT !&nbsp;<br \/>&nbsp;<br \/>Nom du produit : Magic Station Book<br \/>&nbsp;<br \/>Cat\u00e9gorie\u00a0: Cr\u00e9ateur&nbsp;<br \/>&nbsp;<br \/>Ce kit contient : Reobrix 66031<br \/>&nbsp;<br \/>3060 briques de bonne qualit\u00e9.&nbsp;<br \/>&nbsp;<br \/>Taille : 64 \u00d7 15,5 \u00d7 29,5 cm<br \/>&nbsp;<br \/>Instructions manuelles&nbsp;<br \/>&nbsp;<br \/>\ud83d\udcccNature du protagoniste&nbsp;<br \/>&nbsp;<br \/>Vous ne devriez pas manquer la pr\u00e9sentation de notre fi\u00e8re collection nomm\u00e9e &quot;Magic Station Book&quot;.&nbsp;<br \/>&nbsp;<br \/>Ce sera une r\u00e9plique d&#039;un lieu magique tir\u00e9 de livres ou de films, comme l&#039;\u00e9cole de sorcellerie et de sorcellerie de Poudlard ou le Chemin de Traverse. Les ensembles de blocs de construction sont souvent utilis\u00e9s pour recr\u00e9er des mod\u00e8les d\u00e9taill\u00e9s et complexes, il est donc possible que l&#039;ensemble &quot;The Magic Station&quot; offre aux fans la possibilit\u00e9 de construire et d&#039;afficher un mod\u00e8le tr\u00e8s d\u00e9taill\u00e9 sur le th\u00e8me de Harry Potter.<\/div>","protected":false},"excerpt":{"rendered":"<p>Marque : REOBRIX<br \/>\nGenre: Unisexe<br \/>\nTranche d&#039;\u00e2ge : &gt; 6 ans<br \/>\nNum\u00e9ro de mod\u00e8le: 66031<br \/>\nClassement : Assemblage<br \/>\nForme de bloc en plastique\u00a0: briques autobloquantes<br \/>\nMat\u00e9riel: Plastique<br \/>\nType de plastique : ABS<br \/>\nBlocs de briques : 3060 +<br \/>\nPas de boite d&#039;origine<\/p>","protected":false},"featured_media":43987,"comment_status":"open","ping_status":"closed","template":"","meta":{"_acf_changed":false},"product_cat":[1365,371],"product_tag":[1411,11072,8452,8858,2309],"class_list":["product","first","instock","shipping-taxable","purchasable","product-type-simple"],"acf":[],"_links":{"self":[{"href":"https:\/\/mouldking.store\/fr\/wp-json\/wp\/v2\/product\/43992","targetHints":{"allow":["GET"]}}],"collection":[{"href":"https:\/\/mouldking.store\/fr\/wp-json\/wp\/v2\/product"}],"about":[{"href":"https:\/\/mouldking.store\/fr\/wp-json\/wp\/v2\/types\/product"}],"replies":[{"embeddable":true,"href":"https:\/\/mouldking.store\/fr\/wp-json\/wp\/v2\/comments?post=43992"}],"wp:featuredmedia":[{"embeddable":true,"href":"https:\/\/mouldking.store\/fr\/wp-json\/wp\/v2\/media\/43987"}],"wp:attachment":[{"href":"https:\/\/mouldking.store\/fr\/wp-json\/wp\/v2\/media?parent=43992"}],"wp:term":[{"taxonomy":"product_cat","embeddable":true,"href":"https:\/\/mouldking.store\/fr\/wp-json\/wp\/v2\/product_cat?post=43992"},{"taxonomy":"product_tag","embeddable":true,"href":"https:\/\/mouldking.store\/fr\/wp-json\/wp\/v2\/product_tag?post=43992"}],"curies":[{"name":"wp","href":"https:\/\/api.w.org\/{rel}","templated":true}]}}