{"id":44105,"date":"2023-04-10T11:08:59","date_gmt":"2023-04-10T04:08:59","guid":{"rendered":"https:\/\/mouldking.store\/shop\/mj-13018-black-magic-castle-book-with-969-pieces\/"},"modified":"2023-04-10T11:08:59","modified_gmt":"2023-04-10T04:08:59","slug":"mj-13018-black-magic-castle-book-with-969-pieces","status":"publish","type":"product","link":"https:\/\/mouldking.store\/fr\/shop\/mj-13018-black-magic-castle-book-with-969-pieces\/","title":{"rendered":"MJ 13018 Black Magic Castle Livre avec 969 pi\u00e8ces"},"content":{"rendered":"<div>\u2705 MJI 13018 Livre du Ch\u00e2teau de la Magie Noire<br \/>&nbsp;<br \/>\u2705Barad-d\u00fbr est une tour fictive de l&#039;univers de la Terre du Milieu de JRR Tolkien et appara\u00eet dans son roman &quot;Le Seigneur des Anneaux&quot;. C&#039;\u00e9tait la forteresse du Seigneur des T\u00e9n\u00e8bres Sauron et \u00e9tait situ\u00e9e au pays du Mordor.<br \/>&nbsp;<br \/>\ud83d\udeabIMPORTANT !&nbsp;<br \/>&nbsp;<br \/>Nom du produit: Black Magic Castle Book<br \/>&nbsp;<br \/>Cat\u00e9gorie : Film<\/p>\n<p>Ce kit contient : MJI 13018&nbsp;<br \/>&nbsp;<br \/>969 briques de bonne qualit\u00e9.&nbsp;<br \/>&nbsp;<br \/>Instructions manuelles&nbsp;<br \/>&nbsp;<br \/>\ud83d\udcccNature du protagoniste&nbsp;<br \/>&nbsp;<br \/>Vous ne devriez pas manquer la pr\u00e9sentation de notre fi\u00e8re collection nomm\u00e9e &quot;Black Magic Castle Book&quot;.&nbsp;<br \/>&nbsp;<br \/>Barad-d\u00fbr a \u00e9t\u00e9 construit par Sauron au cours du Second Age et a \u00e9t\u00e9 initialement d\u00e9truit par la Derni\u00e8re Alliance des Elfes et des Hommes, dirig\u00e9e par Gil-galad et Elendil, \u00e0 la fin du Second Age. Cependant, Sauron a reconstruit la tour au cours du troisi\u00e8me \u00e2ge et l&#039;a utilis\u00e9e comme base d&#039;op\u00e9rations dans ses efforts pour conqu\u00e9rir la Terre du Milieu. La tour a \u00e9t\u00e9 d\u00e9crite comme incroyablement haute et imposante, avec des murs imperm\u00e9ables aux armes conventionnelles. Barad-d\u00fbr a finalement \u00e9t\u00e9 d\u00e9truit \u00e0 la fin de la Guerre de l&#039;Anneau lorsque Frodon Baggins a d\u00e9truit l&#039;Anneau Unique dans les incendies du Mont Doom, provoquant la destruction du pouvoir de Sauron et l&#039;effondrement de la tour.<\/div>","protected":false},"excerpt":{"rendered":"<p>Marque : MJ<br \/>\nGenre: Unisexe<br \/>\nTranche d&#039;\u00e2ge : &gt; 13 ans<br \/>\nNum\u00e9ro de mod\u00e8le: 13018<br \/>\nClassement : Assemblage<br \/>\nForme de bloc en plastique\u00a0: briques autobloquantes<br \/>\nMat\u00e9riel: Plastique<br \/>\nType de plastique : ABS<br \/>\nBlocs de briques : 969 +<br \/>\nPas de boite d&#039;origine<\/p>","protected":false},"featured_media":44101,"comment_status":"open","ping_status":"closed","template":"","meta":{"_acf_changed":false},"product_cat":[1365,1395,390,581,1408],"product_tag":[787,8452,8858,392,434],"class_list":["product","first","instock","shipping-taxable","purchasable","product-type-simple"],"acf":[],"_links":{"self":[{"href":"https:\/\/mouldking.store\/fr\/wp-json\/wp\/v2\/product\/44105","targetHints":{"allow":["GET"]}}],"collection":[{"href":"https:\/\/mouldking.store\/fr\/wp-json\/wp\/v2\/product"}],"about":[{"href":"https:\/\/mouldking.store\/fr\/wp-json\/wp\/v2\/types\/product"}],"replies":[{"embeddable":true,"href":"https:\/\/mouldking.store\/fr\/wp-json\/wp\/v2\/comments?post=44105"}],"wp:featuredmedia":[{"embeddable":true,"href":"https:\/\/mouldking.store\/fr\/wp-json\/wp\/v2\/media\/44101"}],"wp:attachment":[{"href":"https:\/\/mouldking.store\/fr\/wp-json\/wp\/v2\/media?parent=44105"}],"wp:term":[{"taxonomy":"product_cat","embeddable":true,"href":"https:\/\/mouldking.store\/fr\/wp-json\/wp\/v2\/product_cat?post=44105"},{"taxonomy":"product_tag","embeddable":true,"href":"https:\/\/mouldking.store\/fr\/wp-json\/wp\/v2\/product_tag?post=44105"}],"curies":[{"name":"wp","href":"https:\/\/api.w.org\/{rel}","templated":true}]}}