{"id":44118,"date":"2023-04-10T11:27:15","date_gmt":"2023-04-10T04:27:15","guid":{"rendered":"https:\/\/mouldking.store\/shop\/rastar-93510-maserati-mc20-nettuno-with-3400-pieces\/"},"modified":"2023-04-10T11:27:15","modified_gmt":"2023-04-10T04:27:15","slug":"rastar-93510-maserati-mc20-nettuno-with-3400-pieces","status":"publish","type":"product","link":"https:\/\/mouldking.store\/fr\/shop\/rastar-93510-maserati-mc20-nettuno-with-3400-pieces\/","title":{"rendered":"Rastar 93510 Maserati MC20 Nettuno avec 3400 pi\u00e8ces"},"content":{"rendered":"<div>\u2705 RASTAR 93510 Maserati MC20 Nettuno<br \/>&nbsp;<br \/>\u2705La Maserati MC20 Nettuno est une voiture de sport hautes performances produite par le constructeur automobile de luxe italien Maserati. Elle a \u00e9t\u00e9 pr\u00e9sent\u00e9e en septembre 2020 en tant que premi\u00e8re nouvelle supercar de l&#039;entreprise depuis plus d&#039;une d\u00e9cennie.<br \/>&nbsp;<br \/>\ud83d\udeabIMPORTANT !&nbsp;<br \/>&nbsp;<br \/>Nom du produit: Maserati MC20 Nettuno&nbsp;<br \/>&nbsp;<br \/>Cat\u00e9gorie : Technique<br \/>&nbsp;<br \/>Ce kit contient : RASTAR 93510 version statique<br \/>&nbsp;<br \/>3400 briques de bonne qualit\u00e9.&nbsp;<br \/>&nbsp;<br \/>Taille : 58,5 \u00d7 28,1 \u00d7 15,4 cm<br \/>&nbsp;<br \/>Instructions manuelles&nbsp;<br \/>&nbsp;<br \/>\ud83d\udcccNature du protagoniste&nbsp;<br \/>&nbsp;<br \/>Nous vous pr\u00e9sentons notre fi\u00e8re collection nomm\u00e9e \u00ab Maserati MC20 Nettuno \u00bb \u00e0 ne pas manquer.&nbsp;<br \/>&nbsp;<br \/>La MC20 Nettuno est propuls\u00e9e par un moteur V6 biturbo de pointe, con\u00e7u et construit enti\u00e8rement en interne par Maserati. Le moteur, appel\u00e9 Nettuno, a une cylindr\u00e9e de 3,0 litres et produit 621 chevaux et 538 lb-pi de couple. Il est coupl\u00e9 \u00e0 une transmission \u00e0 double embrayage \u00e0 huit rapports et \u00e0 une propulsion arri\u00e8re. La voiture peut passer de 0 \u00e0 60 mph en moins de trois secondes et a une vitesse de pointe de plus de 200 mph. La MC20 Nettuno est dot\u00e9e d&#039;un ch\u00e2ssis et d&#039;une carrosserie monocoque en fibre de carbone l\u00e9gers, ce qui permet de maintenir son poids \u00e0 environ 3 300 livres. Elle dispose \u00e9galement d&#039;un a\u00e9rodynamisme avanc\u00e9, notamment d&#039;un aileron arri\u00e8re qui s&#039;ajuste automatiquement pour fournir une force d&#039;appui optimale \u00e0 grande vitesse. La voiture a un design \u00e9l\u00e9gant et moderne avec des angles vifs et un style agressif.<\/div>","protected":false},"excerpt":{"rendered":"<p>Marque : Rastar<br \/>\nGenre: Unisexe<br \/>\nTranche d&#039;\u00e2ge : &gt; 6 ans<br \/>\nNum\u00e9ro de mod\u00e8le : 93510<br \/>\nClassement : Assemblage<br \/>\nForme de bloc en plastique\u00a0: briques autobloquantes<br \/>\nMat\u00e9riel: Plastique<br \/>\nType de plastique : ABS<br \/>\nBlocs de Briques : 3400 +<br \/>\nPas de boite d&#039;origine<\/p>","protected":false},"featured_media":44112,"comment_status":"open","ping_status":"closed","template":"","meta":{"_acf_changed":false},"product_cat":[1360,1357,364],"product_tag":[457,11612,11613,11614,11150,389,11080],"class_list":["product","first","instock","shipping-taxable","purchasable","product-type-simple"],"acf":[],"_links":{"self":[{"href":"https:\/\/mouldking.store\/fr\/wp-json\/wp\/v2\/product\/44118","targetHints":{"allow":["GET"]}}],"collection":[{"href":"https:\/\/mouldking.store\/fr\/wp-json\/wp\/v2\/product"}],"about":[{"href":"https:\/\/mouldking.store\/fr\/wp-json\/wp\/v2\/types\/product"}],"replies":[{"embeddable":true,"href":"https:\/\/mouldking.store\/fr\/wp-json\/wp\/v2\/comments?post=44118"}],"wp:featuredmedia":[{"embeddable":true,"href":"https:\/\/mouldking.store\/fr\/wp-json\/wp\/v2\/media\/44112"}],"wp:attachment":[{"href":"https:\/\/mouldking.store\/fr\/wp-json\/wp\/v2\/media?parent=44118"}],"wp:term":[{"taxonomy":"product_cat","embeddable":true,"href":"https:\/\/mouldking.store\/fr\/wp-json\/wp\/v2\/product_cat?post=44118"},{"taxonomy":"product_tag","embeddable":true,"href":"https:\/\/mouldking.store\/fr\/wp-json\/wp\/v2\/product_tag?post=44118"}],"curies":[{"name":"wp","href":"https:\/\/api.w.org\/{rel}","templated":true}]}}