{"id":44134,"date":"2023-04-10T12:00:21","date_gmt":"2023-04-10T05:00:21","guid":{"rendered":"https:\/\/mouldking.store\/shop\/moc-factory-52053-trident-class-submarine-with-1584-pieces\/"},"modified":"2025-12-16T22:25:04","modified_gmt":"2025-12-16T15:25:04","slug":"moc-factory-52053-trident-class-submarine-with-1584-pieces","status":"publish","type":"product","link":"https:\/\/mouldking.store\/fr\/shop\/moc-factory-52053-trident-class-submarine-with-1584-pieces\/","title":{"rendered":"MOC Factory 52053 Sous-marin de classe Trident avec 1584 pi\u00e8ces"},"content":{"rendered":"<div>\u2705MOC-52053 Sous-marin de classe Trident<\/p>\n<p>\u2705MOC-52053 fait r\u00e9f\u00e9rence \u00e0 une conception de briques personnalis\u00e9e pour un mod\u00e8le de sous-marin fictif appel\u00e9 \u00ab Trident Class Submarine \u00bb. Il ne s&#039;agit pas d&#039;un ensemble de briques ou d&#039;un produit officiel, mais plut\u00f4t d&#039;une cr\u00e9ation r\u00e9alis\u00e9e par un fan qui a \u00e9t\u00e9 partag\u00e9e et vendue parmi les passionn\u00e9s de briques.<\/p>\n<p>\ud83d\udeabIMPORTANT !<\/p>\n<p>Nom du produit : Sous-marin de classe Trident<\/p>\n<p>Cat\u00e9gorie : Technique<\/p>\n<p>Ce kit contient : MOC-52053<\/p>\n<p>1584 briques de bonne qualit\u00e9<\/p>\n<p>Instructions PDF<\/p>\n<p>\ud83d\udcccNature du protagoniste<\/p>\n<p>Nous vous pr\u00e9sentons notre fi\u00e8re collection nomm\u00e9e \u00ab Sous-marin de classe Trident \u00bb \u00e0 ne pas manquer.<\/p>\n<p>Le mod\u00e8le de sous-marin de classe Trident pr\u00e9sente un sous-marin \u00e9l\u00e9gant et futuriste avec une forme triangulaire distinctive. Il comporte divers d\u00e9tails tels que des p\u00e9riscopes, un tube lance-torpilles et des lanceurs de missiles. Le mod\u00e8le est con\u00e7u pour \u00eatre construit \u00e0 l&#039;aide de briques Lego et d&#039;autres pi\u00e8ces compatibles, et comprend des instructions d\u00e9taill\u00e9es pour l&#039;assemblage.<\/p><\/div>","protected":false},"excerpt":{"rendered":"<p>Marque : MOC Factory<br \/>\nGenre: Unisexe<br \/>\nTranche d&#039;\u00e2ge : &gt; 6 ans<br \/>\nNum\u00e9ro de mod\u00e8le : 52053<br \/>\nClassement : Assemblage<br \/>\nForme de bloc en plastique\u00a0: briques autobloquantes<br \/>\nMat\u00e9riel: Plastique<br \/>\nType de plastique : ABS<br \/>\nBlocs de briques : 1584 +<br \/>\nTemps d&#039;arrangement\u00a0: 4 \u00e0 8\u00a0semaines<\/p>","protected":false},"featured_media":44129,"comment_status":"open","ping_status":"closed","template":"","meta":{"_acf_changed":false},"product_cat":[1357,364],"product_tag":[11252,389,11080,11703],"class_list":["product","first","instock","shipping-taxable","purchasable","product-type-simple"],"acf":[],"_links":{"self":[{"href":"https:\/\/mouldking.store\/fr\/wp-json\/wp\/v2\/product\/44134","targetHints":{"allow":["GET"]}}],"collection":[{"href":"https:\/\/mouldking.store\/fr\/wp-json\/wp\/v2\/product"}],"about":[{"href":"https:\/\/mouldking.store\/fr\/wp-json\/wp\/v2\/types\/product"}],"replies":[{"embeddable":true,"href":"https:\/\/mouldking.store\/fr\/wp-json\/wp\/v2\/comments?post=44134"}],"wp:featuredmedia":[{"embeddable":true,"href":"https:\/\/mouldking.store\/fr\/wp-json\/wp\/v2\/media\/44129"}],"wp:attachment":[{"href":"https:\/\/mouldking.store\/fr\/wp-json\/wp\/v2\/media?parent=44134"}],"wp:term":[{"taxonomy":"product_cat","embeddable":true,"href":"https:\/\/mouldking.store\/fr\/wp-json\/wp\/v2\/product_cat?post=44134"},{"taxonomy":"product_tag","embeddable":true,"href":"https:\/\/mouldking.store\/fr\/wp-json\/wp\/v2\/product_tag?post=44134"}],"curies":[{"name":"wp","href":"https:\/\/api.w.org\/{rel}","templated":true}]}}