{"id":44216,"date":"2023-04-12T11:26:27","date_gmt":"2023-04-12T04:26:27","guid":{"rendered":"https:\/\/mouldking.store\/shop\/reobrix-66032-streetscape-book-of-architecture-with-3108-pieces\/"},"modified":"2023-04-12T11:26:27","modified_gmt":"2023-04-12T04:26:27","slug":"reobrix-66032-streetscape-book-of-architecture-with-3108-pieces","status":"publish","type":"product","link":"https:\/\/mouldking.store\/fr\/shop\/reobrix-66032-streetscape-book-of-architecture-with-3108-pieces\/","title":{"rendered":"REOBRIX 66032 Livre d&#039;architecture Streetscape avec 3108 pi\u00e8ces"},"content":{"rendered":"<div>\u2705 Reobrix 66032 Livre d&#039;architecture de paysage de rue&nbsp;<br \/>&nbsp;<br \/>\u2705Le livre d&#039;architecture Reobrix 66032 Streetscape est un ensemble de blocs de construction qui vous permet de construire un mod\u00e8le d\u00e9taill\u00e9 d&#039;un paysage urbain. L&#039;ensemble se pr\u00e9sente sous la forme d&#039;un livre, avec les blocs et les composants stock\u00e9s \u00e0 l&#039;int\u00e9rieur des pages du livre.<br \/>&nbsp;<br \/>\ud83d\udeabIMPORTANT !&nbsp;<br \/>&nbsp;<br \/>Nom du produit : Streetscape Book of Architecture&nbsp;<br \/>&nbsp;<br \/>Cat\u00e9gorie\u00a0: Cr\u00e9ateur&nbsp;<\/p>\n<p>Ce kit contient : Reobrix 66032<br \/>&nbsp;<br \/>3108 briques de bonne qualit\u00e9.&nbsp;<br \/>&nbsp;<br \/>Taille : 63,5 \u00d7 14 \u00d7 29,5 cm<br \/>&nbsp;<br \/>Instructions manuelles&nbsp;<br \/>&nbsp;<br \/>\ud83d\udcccNature du protagoniste&nbsp;<br \/>&nbsp;<br \/>Vous ne devriez pas manquer la pr\u00e9sentation de notre fi\u00e8re collection nomm\u00e9e &quot;Streetscape Book of Architecture&quot;.&nbsp;<br \/>&nbsp;<br \/>L&#039;ensemble Reobrix 66032 Streetscape Book of Architecture est con\u00e7u pour les constructeurs qui aiment les ensembles de blocs de construction avec des conceptions complexes et d\u00e9taill\u00e9es. L&#039;ensemble comprend des instructions d\u00e9taill\u00e9es et une liste de pi\u00e8ces pour vous aider \u00e0 assembler le mod\u00e8le, et est compatible avec d&#039;autres ensembles de blocs de construction de la s\u00e9rie Reobrix. Une fois termin\u00e9, le mod\u00e8le de paysage de rue peut \u00eatre affich\u00e9 sur une \u00e9tag\u00e8re ou utilis\u00e9 comme ensemble de jeu amusant pour des figurines ou des jouets miniatures. L&#039;emballage du livre ajoute \u00e9galement une couche suppl\u00e9mentaire de plaisir et de cr\u00e9ativit\u00e9 au processus de construction, ce qui en fait un excellent cadeau pour les fans de jouets de construction et d&#039;architecture. L&#039;ensemble encourage la cr\u00e9ativit\u00e9, l&#039;imagination et les comp\u00e9tences en r\u00e9solution de probl\u00e8mes.<\/div>","protected":false},"excerpt":{"rendered":"<p>Marque : REOBRIX<br \/>\nGenre: Unisexe<br \/>\nTranche d&#039;\u00e2ge : &gt; 14 ans<br \/>\nNum\u00e9ro de mod\u00e8le: 66032<br \/>\nClassement : Assemblage<br \/>\nForme de bloc en plastique\u00a0: briques autobloquantes<br \/>\nMat\u00e9riel: Plastique<br \/>\nType de plastique : ABS<br \/>\nBlocs de Briques : 3108 +<br \/>\nPas de boite d&#039;origine<\/p>","protected":false},"featured_media":44211,"comment_status":"open","ping_status":"closed","template":"","meta":{"_acf_changed":false},"product_cat":[1365,1395,371,390],"product_tag":[11260,1411,11072,8452,392,6432],"class_list":["product","first","instock","shipping-taxable","purchasable","product-type-simple"],"acf":[],"_links":{"self":[{"href":"https:\/\/mouldking.store\/fr\/wp-json\/wp\/v2\/product\/44216","targetHints":{"allow":["GET"]}}],"collection":[{"href":"https:\/\/mouldking.store\/fr\/wp-json\/wp\/v2\/product"}],"about":[{"href":"https:\/\/mouldking.store\/fr\/wp-json\/wp\/v2\/types\/product"}],"replies":[{"embeddable":true,"href":"https:\/\/mouldking.store\/fr\/wp-json\/wp\/v2\/comments?post=44216"}],"wp:featuredmedia":[{"embeddable":true,"href":"https:\/\/mouldking.store\/fr\/wp-json\/wp\/v2\/media\/44211"}],"wp:attachment":[{"href":"https:\/\/mouldking.store\/fr\/wp-json\/wp\/v2\/media?parent=44216"}],"wp:term":[{"taxonomy":"product_cat","embeddable":true,"href":"https:\/\/mouldking.store\/fr\/wp-json\/wp\/v2\/product_cat?post=44216"},{"taxonomy":"product_tag","embeddable":true,"href":"https:\/\/mouldking.store\/fr\/wp-json\/wp\/v2\/product_tag?post=44216"}],"curies":[{"name":"wp","href":"https:\/\/api.w.org\/{rel}","templated":true}]}}