{"id":44231,"date":"2023-04-12T11:39:31","date_gmt":"2023-04-12T04:39:31","guid":{"rendered":"https:\/\/mouldking.store\/shop\/panlosbrick-632004-israeli-m60-magach-main-battle-tank-with-1753-pieces\/"},"modified":"2023-04-12T11:39:31","modified_gmt":"2023-04-12T04:39:31","slug":"panlosbrick-632004-israeli-m60-magach-main-battle-tank-with-1753-pieces","status":"publish","type":"product","link":"https:\/\/mouldking.store\/fr\/shop\/panlosbrick-632004-israeli-m60-magach-main-battle-tank-with-1753-pieces\/","title":{"rendered":"PANLOSBRICK 632004 Char de combat principal isra\u00e9lien M60 Magach avec 1753 pi\u00e8ces"},"content":{"rendered":"<div>\u2705 PANLOS 632004 Char de combat principal isra\u00e9lien M60 Magach&nbsp;<br \/>&nbsp;<br \/>\u2705Le char de combat principal isra\u00e9lien M60 Magach est une version modifi\u00e9e du char am\u00e9ricain M60 Patton qui a \u00e9t\u00e9 largement utilis\u00e9 par les Forces de d\u00e9fense isra\u00e9liennes (FDI) des ann\u00e9es 1970 au d\u00e9but des ann\u00e9es 2000.<\/p>\n<p>\ud83d\udeabIMPORTANT !&nbsp;<br \/>&nbsp;<br \/>Nom du produit : char de combat principal isra\u00e9lien M60 Magach&nbsp;<br \/>&nbsp;<br \/>Cat\u00e9gorie : Militaire<br \/>&nbsp;<br \/>Ce kit contient : PANLOS 632004&nbsp;<br \/>&nbsp;<br \/>1753 briques de bonne qualit\u00e9.&nbsp;<br \/>&nbsp;<br \/>Taille : 18 x 43 x 19 cm<br \/>&nbsp;<br \/>Instructions manuelles&nbsp;<br \/>&nbsp;<br \/>\ud83d\udcccNature du protagoniste&nbsp;<br \/>&nbsp;<br \/>Vous ne devriez pas manquer la pr\u00e9sentation de notre fi\u00e8re collection nomm\u00e9e &quot;Israeli M60 Magach Main Battle Tank&quot;.&nbsp;<br \/>&nbsp;<br \/>Le Magach est essentiellement un char M60 am\u00e9lior\u00e9 et modifi\u00e9, avec un blindage suppl\u00e9mentaire et des syst\u00e8mes d&#039;armes am\u00e9lior\u00e9s. Des modifications ont \u00e9t\u00e9 apport\u00e9es pour am\u00e9liorer la capacit\u00e9 de survie et l&#039;efficacit\u00e9 du char sur le champ de bataille, en particulier sur le terrain accident\u00e9 d&#039;Isra\u00ebl et du Moyen-Orient. Le char M60 Magach a particip\u00e9 \u00e0 plusieurs conflits, dont la guerre du Yom Kippour en 1973, la guerre du Liban en 1982 et la guerre du Golfe en 1991. Bien qu&#039;il s&#039;agisse d&#039;un char plus ancien, il \u00e9tait toujours consid\u00e9r\u00e9 comme efficace sur le champ de bataille en raison de ses am\u00e9liorations et modifications.<\/div>","protected":false},"excerpt":{"rendered":"<p>Marque : PANLOSBRICK<br \/>\nGenre: Unisexe<br \/>\nTranche d&#039;\u00e2ge : &gt; 6 ans<br \/>\nNum\u00e9ro de mod\u00e8le: 632004<br \/>\nClassement : Assemblage<br \/>\nForme de bloc en plastique\u00a0: briques autobloquantes<br \/>\nMat\u00e9riel: Plastique<br \/>\nType de plastique : ABS<br \/>\nBlocs de Briques : 1753 +<br \/>\nPas de boite d&#039;origine<\/p>","protected":false},"featured_media":44224,"comment_status":"open","ping_status":"closed","template":"","meta":{"_acf_changed":false},"product_cat":[1350,1357,372,364],"product_tag":[11711,11712,11713,11710,2641,374,389],"class_list":["product","first","instock","shipping-taxable","purchasable","product-type-simple"],"acf":[],"_links":{"self":[{"href":"https:\/\/mouldking.store\/fr\/wp-json\/wp\/v2\/product\/44231","targetHints":{"allow":["GET"]}}],"collection":[{"href":"https:\/\/mouldking.store\/fr\/wp-json\/wp\/v2\/product"}],"about":[{"href":"https:\/\/mouldking.store\/fr\/wp-json\/wp\/v2\/types\/product"}],"replies":[{"embeddable":true,"href":"https:\/\/mouldking.store\/fr\/wp-json\/wp\/v2\/comments?post=44231"}],"wp:featuredmedia":[{"embeddable":true,"href":"https:\/\/mouldking.store\/fr\/wp-json\/wp\/v2\/media\/44224"}],"wp:attachment":[{"href":"https:\/\/mouldking.store\/fr\/wp-json\/wp\/v2\/media?parent=44231"}],"wp:term":[{"taxonomy":"product_cat","embeddable":true,"href":"https:\/\/mouldking.store\/fr\/wp-json\/wp\/v2\/product_cat?post=44231"},{"taxonomy":"product_tag","embeddable":true,"href":"https:\/\/mouldking.store\/fr\/wp-json\/wp\/v2\/product_tag?post=44231"}],"curies":[{"name":"wp","href":"https:\/\/api.w.org\/{rel}","templated":true}]}}