{"id":44257,"date":"2023-04-13T18:27:22","date_gmt":"2023-04-13T11:27:22","guid":{"rendered":"https:\/\/mouldking.store\/shop\/moc-factory-109930-medieval-castle-with-4228-pieces\/"},"modified":"2025-12-16T22:25:04","modified_gmt":"2025-12-16T15:25:04","slug":"moc-factory-109930-medieval-castle-with-4228-pieces","status":"publish","type":"product","link":"https:\/\/mouldking.store\/fr\/shop\/moc-factory-109930-medieval-castle-with-4228-pieces\/","title":{"rendered":"MOC Factory 109930 Ch\u00e2teau m\u00e9di\u00e9val avec 4228 pi\u00e8ces"},"content":{"rendered":"<div>\u2705 MOC-109930 Medieval Castle<\/p>\n<p>\u2705MOC-109930 is a building block set that allows you to construct a medieval castle. This set is part of the Castle Series Bricks line, which is a series of building block sets that allow you to create your own castle-themed structures.<\/p>\n<p>\ud83d\udeabIMPORTANT !<\/p>\n<p>Product Name: Medieval Castle<\/p>\n<p>Cat\u00e9gorie : Construction Modulaire<\/p>\n<p>This Kit Contains: C9380<\/p>\n<p>4228 pcs Good Quality Bricks<\/p>\n<p>Size: 32 x 32 x 48.8 cm<\/p>\n<p>Weight: 3.359 kg<\/p>\n<p>Instructions PDF<\/p>\n<p>\ud83d\udcccNature du protagoniste<\/p>\n<p>Introducing our proud collection named \u201cMedieval Castle\u201d you should not miss.<\/p>\n<p>The MOC-109930 set includes a variety of building blocks in different shapes and sizes, as well as detailed instructions for constructing the castle. Once completed, the castle will have a variety of features, such as towers, walls, a gatehouse, and other architectural details that are commonly found in medieval castles. The Medieval Castle is a stunning and intricate model that will transport you back in time to a world of knights, kings, and dragons. With over 2,800 pieces, this build is sure to provide a challenging and rewarding experience for any AFOLs. The castle features detailed towers, a drawbridge, a moat, and a courtyard complete with a blacksmith&#8217;s shop and stables for the horses. The attention to detail is impressive, with decorative flags, shields, and even a catapult for defense against enemy attacks.<\/p><\/div>","protected":false},"excerpt":{"rendered":"<p>Marque : MOC Factory<br \/>\nGenre: Unisexe<br \/>\nTranche d&#039;\u00e2ge : &gt; 6 ans<br \/>\nModel Number: 109930<br \/>\nClassement : Assemblage<br \/>\nForme de bloc en plastique\u00a0: briques autobloquantes<br \/>\nMat\u00e9riel: Plastique<br \/>\nType de plastique : ABS<br \/>\nBricks Blocks: 4228 +<br \/>\nPas de boite d&#039;origine<\/p>","protected":false},"featured_media":44248,"comment_status":"open","ping_status":"closed","template":"","meta":{"_acf_changed":false},"product_cat":[1395,390],"product_tag":[787,4883,4996,5644,392],"class_list":["product","first","instock","shipping-taxable","purchasable","product-type-simple"],"acf":[],"_links":{"self":[{"href":"https:\/\/mouldking.store\/fr\/wp-json\/wp\/v2\/product\/44257","targetHints":{"allow":["GET"]}}],"collection":[{"href":"https:\/\/mouldking.store\/fr\/wp-json\/wp\/v2\/product"}],"about":[{"href":"https:\/\/mouldking.store\/fr\/wp-json\/wp\/v2\/types\/product"}],"replies":[{"embeddable":true,"href":"https:\/\/mouldking.store\/fr\/wp-json\/wp\/v2\/comments?post=44257"}],"wp:featuredmedia":[{"embeddable":true,"href":"https:\/\/mouldking.store\/fr\/wp-json\/wp\/v2\/media\/44248"}],"wp:attachment":[{"href":"https:\/\/mouldking.store\/fr\/wp-json\/wp\/v2\/media?parent=44257"}],"wp:term":[{"taxonomy":"product_cat","embeddable":true,"href":"https:\/\/mouldking.store\/fr\/wp-json\/wp\/v2\/product_cat?post=44257"},{"taxonomy":"product_tag","embeddable":true,"href":"https:\/\/mouldking.store\/fr\/wp-json\/wp\/v2\/product_tag?post=44257"}],"curies":[{"name":"wp","href":"https:\/\/api.w.org\/{rel}","templated":true}]}}