{"id":44263,"date":"2023-04-14T09:23:13","date_gmt":"2023-04-14T02:23:13","guid":{"rendered":"https:\/\/mouldking.store\/shop\/moc-factory-96408-bo-katan-kryze-helmet-collection-with-569-pieces\/"},"modified":"2025-12-16T22:25:04","modified_gmt":"2025-12-16T15:25:04","slug":"moc-factory-96408-bo-katan-kryze-helmet-collection-with-569-pieces","status":"publish","type":"product","link":"https:\/\/mouldking.store\/fr\/shop\/moc-factory-96408-bo-katan-kryze-helmet-collection-with-569-pieces\/","title":{"rendered":"MOC Factory 96408 Collection de casques Bo-Katan Kryze avec 569 pi\u00e8ces"},"content":{"rendered":"<div>\u2705 Collection de casques Bo-Katan Kryze MOC-96408<\/p>\n<p>\u2705Bo-Katan Kryze est un personnage fictif de l&#039;univers Star Wars qui appara\u00eet dans les s\u00e9ries t\u00e9l\u00e9vis\u00e9es d&#039;animation &quot;The Clone Wars&quot; et &quot;Star Wars Rebels&quot;. C&#039;est une guerri\u00e8re mandalorienne qui fait partie d&#039;un groupe connu sous le nom de Nite Owls et qui devient plus tard le chef de la r\u00e9sistance mandalorienne contre l&#039;Empire.<\/p>\n<p>\ud83d\udeabIMPORTANT !<\/p>\n<p>Nom du produit : Collection de casques Bo-Katan Kryze<\/p>\n<p>Cat\u00e9gorie : Guerres des \u00e9toiles<\/p>\n<p>Ce kit contient : C9408<\/p>\n<p>569 briques de bonne qualit\u00e9.<\/p>\n<p>Taille : 9,6 x 9,6 x 16 cm<\/p>\n<p>Poids\u00a0: 0,483\u00a0kg<\/p>\n<p>Instructions PDF<\/p>\n<p>\ud83d\udcccNature du protagoniste<\/p>\n<p>Vous ne devriez pas manquer la pr\u00e9sentation de notre fi\u00e8re collection nomm\u00e9e &quot;Collection de casques Bo-Katan Kryze&quot;.<\/p>\n<p>La collection de casques Bo-Katan Kryze est une gamme de r\u00e9pliques de casques bas\u00e9es sur la conception du casque de Bo-Katan de &quot;The Clone Wars&quot; et &quot;Star Wars Rebels&quot;. Ces casques sont sous licence officielle de Lucasfilm et sont produits par diverses soci\u00e9t\u00e9s, dont Hasbro et Sideshow Collectibles. Les casques sont fabriqu\u00e9s \u00e0 partir de mat\u00e9riaux de haute qualit\u00e9 et pr\u00e9sentent des d\u00e9tails complexes et des applications de peinture fid\u00e8les \u00e0 l&#039;apparence \u00e0 l&#039;\u00e9cran du casque de Bo-Katan. Ils sont con\u00e7us pour les collectionneurs et les fans de la franchise Star Wars qui souhaitent poss\u00e9der un souvenir de la s\u00e9rie.<\/p><\/div>","protected":false},"excerpt":{"rendered":"<p>Marque : MOC Factory<br \/>\nGenre: Unisexe<br \/>\nTranche d&#039;\u00e2ge : &gt; 6 ans<br \/>\nNum\u00e9ro de mod\u00e8le: 96408<br \/>\nClassement : Assemblage<br \/>\nForme de bloc en plastique\u00a0: briques autobloquantes<br \/>\nMat\u00e9riel: Plastique<br \/>\nType de plastique : ABS<br \/>\nBlocs de briques : 569 +<br \/>\nPas de boite d&#039;origine<\/p>","protected":false},"featured_media":44258,"comment_status":"open","ping_status":"closed","template":"","meta":{"_acf_changed":false},"product_cat":[1365,581,415,1408],"product_tag":[11717,8149,8452,8047,11340,11718,434,436],"class_list":["product","first","instock","shipping-taxable","purchasable","product-type-simple"],"acf":[],"_links":{"self":[{"href":"https:\/\/mouldking.store\/fr\/wp-json\/wp\/v2\/product\/44263","targetHints":{"allow":["GET"]}}],"collection":[{"href":"https:\/\/mouldking.store\/fr\/wp-json\/wp\/v2\/product"}],"about":[{"href":"https:\/\/mouldking.store\/fr\/wp-json\/wp\/v2\/types\/product"}],"replies":[{"embeddable":true,"href":"https:\/\/mouldking.store\/fr\/wp-json\/wp\/v2\/comments?post=44263"}],"wp:featuredmedia":[{"embeddable":true,"href":"https:\/\/mouldking.store\/fr\/wp-json\/wp\/v2\/media\/44258"}],"wp:attachment":[{"href":"https:\/\/mouldking.store\/fr\/wp-json\/wp\/v2\/media?parent=44263"}],"wp:term":[{"taxonomy":"product_cat","embeddable":true,"href":"https:\/\/mouldking.store\/fr\/wp-json\/wp\/v2\/product_cat?post=44263"},{"taxonomy":"product_tag","embeddable":true,"href":"https:\/\/mouldking.store\/fr\/wp-json\/wp\/v2\/product_tag?post=44263"}],"curies":[{"name":"wp","href":"https:\/\/api.w.org\/{rel}","templated":true}]}}