{"id":44301,"date":"2023-04-14T09:52:46","date_gmt":"2023-04-14T02:52:46","guid":{"rendered":"https:\/\/mouldking.store\/shop\/moc-factory-101609-destiny-2-hive-ghost-with-1043-pieces\/"},"modified":"2025-12-16T22:25:04","modified_gmt":"2025-12-16T15:25:04","slug":"moc-factory-101609-destiny-2-hive-ghost-with-1043-pieces","status":"publish","type":"product","link":"https:\/\/mouldking.store\/fr\/shop\/moc-factory-101609-destiny-2-hive-ghost-with-1043-pieces\/","title":{"rendered":"MOC Factory 101609 Destiny 2 Hive Ghost avec 1043 pi\u00e8ces"},"content":{"rendered":"<div>\u2705 MOC-101609 Fant\u00f4me de la Ruche Destiny 2<\/p>\n<p>\u2705Dans le jeu vid\u00e9o Destiny 2, le Hive Ghost est un type de coque Ghost qui peut \u00eatre \u00e9quip\u00e9 par les joueurs pour personnaliser l&#039;apparence de leur compagnon de jeu, le Ghost. Le shell Hive Ghost a pour th\u00e8me Hive, une race de cr\u00e9atures extraterrestres antagonistes dans la tradition du jeu.<\/p>\n<p>\ud83d\udeabIMPORTANT !<\/p>\n<p>Nom du produit : Destiny 2 Hive Ghost<\/p>\n<p>Cat\u00e9gorie\u00a0: Cr\u00e9ateur<\/p>\n<p>Ce kit contient : C9345<\/p>\n<p>1043 briques de bonne qualit\u00e9.<\/p>\n<p>Taille : 40 x 15 x 24 cm<\/p>\n<p>Poids\u00a0: 0,637\u00a0kg<\/p>\n<p>Instructions PDF<\/p>\n<p>\ud83d\udcccNature du protagoniste<\/p>\n<p>Vous ne devriez pas manquer la pr\u00e9sentation de notre fi\u00e8re collection nomm\u00e9e &quot;Destiny 2 Hive Ghost&quot;.<\/p>\n<p>La coque Hive Ghost pr\u00e9sente un design sombre et angulaire avec des motifs et des symboles complexes qui ressemblent \u00e0 l&#039;architecture et \u00e0 l&#039;esth\u00e9tique de la ruche. Il dispose \u00e9galement d&#039;un ensemble unique de lignes vocales et d&#039;effets sonores adapt\u00e9s au th\u00e8me Hive. Dans Destiny 2, les fant\u00f4mes sont des compagnons IA qui fournissent une assistance et des informations au personnage du joueur tout au long du jeu. Ils peuvent \u00eatre personnalis\u00e9s avec divers obus Ghost, chacun ayant sa propre apparence et un ensemble d&#039;avantages ou de capacit\u00e9s. La coque Hive Ghost est l&#039;une des nombreuses coques Ghost qui peuvent \u00eatre obtenues via le jeu ou en achetant de la monnaie dans le jeu.<\/p><\/div>","protected":false},"excerpt":{"rendered":"<p>Marque : MOC Factory<br \/>\nGenre: Unisexe<br \/>\nTranche d&#039;\u00e2ge : &gt; 6 ans<br \/>\nNum\u00e9ro de mod\u00e8le: 101609<br \/>\nClassement : Assemblage<br \/>\nForme de bloc en plastique\u00a0: briques autobloquantes<br \/>\nMat\u00e9riel: Plastique<br \/>\nType de plastique : ABS<br \/>\nBlocs de Briques : 1043 +<br \/>\nPas de boite d&#039;origine<\/p>","protected":false},"featured_media":44298,"comment_status":"open","ping_status":"closed","template":"","meta":{"_acf_changed":false},"product_cat":[1365,371],"product_tag":[11072,8452,11726,2964,11727],"class_list":["product","first","instock","shipping-taxable","purchasable","product-type-simple"],"acf":[],"_links":{"self":[{"href":"https:\/\/mouldking.store\/fr\/wp-json\/wp\/v2\/product\/44301","targetHints":{"allow":["GET"]}}],"collection":[{"href":"https:\/\/mouldking.store\/fr\/wp-json\/wp\/v2\/product"}],"about":[{"href":"https:\/\/mouldking.store\/fr\/wp-json\/wp\/v2\/types\/product"}],"replies":[{"embeddable":true,"href":"https:\/\/mouldking.store\/fr\/wp-json\/wp\/v2\/comments?post=44301"}],"wp:featuredmedia":[{"embeddable":true,"href":"https:\/\/mouldking.store\/fr\/wp-json\/wp\/v2\/media\/44298"}],"wp:attachment":[{"href":"https:\/\/mouldking.store\/fr\/wp-json\/wp\/v2\/media?parent=44301"}],"wp:term":[{"taxonomy":"product_cat","embeddable":true,"href":"https:\/\/mouldking.store\/fr\/wp-json\/wp\/v2\/product_cat?post=44301"},{"taxonomy":"product_tag","embeddable":true,"href":"https:\/\/mouldking.store\/fr\/wp-json\/wp\/v2\/product_tag?post=44301"}],"curies":[{"name":"wp","href":"https:\/\/api.w.org\/{rel}","templated":true}]}}