{"id":44760,"date":"2023-04-27T14:47:57","date_gmt":"2023-04-27T07:47:57","guid":{"rendered":"https:\/\/mouldking.store\/shop\/moc-factory-40128-v12-engine-with-gearbox-enginetech-sci-fi-engine-with-789-pieces\/"},"modified":"2025-12-16T22:25:01","modified_gmt":"2025-12-16T15:25:01","slug":"moc-factory-40128-v12-engine-with-gearbox-enginetech-sci-fi-engine-with-789-pieces","status":"publish","type":"product","link":"https:\/\/mouldking.store\/fr\/shop\/moc-factory-40128-v12-engine-with-gearbox-enginetech-sci-fi-engine-with-789-pieces\/","title":{"rendered":"Moteur V12 MOC Factory 40128 avec bo\u00eete de vitesses Enginetech Sci-Fi Engine avec 789 pi\u00e8ces"},"content":{"rendered":"<div>\u2705 Moteur V12 MOC-40128 avec bo\u00eete de vitesses Enginetech Sci-Fi Engine<\/p>\n<p>\u2705Un moteur V12 avec bo\u00eete de vitesses. Enginetech est un moteur fictif couramment utilis\u00e9 dans les films de science-fiction, les jeux vid\u00e9o et autres \u0153uvres de fiction sp\u00e9culative. Ce type de moteur \u00e0 technologie avanc\u00e9e est souvent d\u00e9crit comme propulsant des v\u00e9hicules futuristes, des engins spatiaux ou des robots. La configuration du moteur V12 fait r\u00e9f\u00e9rence \u00e0 un moteur \u00e0 12 cylindres dispos\u00e9s en \u00ab\u00a0V\u00a0\u00bb, ce qui offre un \u00e9quilibre entre puissance et souplesse. La bo\u00eete de vitesses est un dispositif utilis\u00e9 pour transmettre la puissance du moteur aux roues ou aux autres syst\u00e8mes de propulsion.<\/p>\n<p>\ud83d\udeabIMPORTANT !<\/p>\n<p>Nom du produit : Moteur V12 avec bo\u00eete de vitesses Enginetech Sci-Fi Engine<\/p>\n<p>Cat\u00e9gorie : Technique<\/p>\n<p>Ce kit contient : MOC-40128<\/p>\n<p>789 briques de bonne qualit\u00e9<\/p>\n<p>Poids : 800g<\/p>\n<p>Instructions PDF<\/p>\n<p>\ud83d\udcccNature du protagoniste<\/p>\n<p>Nous vous pr\u00e9sentons notre fi\u00e8re collection intitul\u00e9e \u00ab Moteur V12 avec bo\u00eete de vitesses Enginetech Sci-Fi Engine \u00bb \u00e0 ne pas manquer.<\/p>\n<p>Le terme \u00ab\u00a0Enginetech\u00a0\u00bb d\u00e9signe une technologie avanc\u00e9e ou des conceptions futuristes d\u00e9passant nos capacit\u00e9s actuelles. Par cons\u00e9quent, le moteur V12 avec bo\u00eete de vitesses Enginetech est souvent d\u00e9crit comme puissant et capable de performances extraordinaires, telles que des vitesses \u00e9lev\u00e9es, des acc\u00e9l\u00e9rations rapides ou une agilit\u00e9 extr\u00eame. Dans la science-fiction, le moteur V12 avec bo\u00eete de vitesses Enginetech est souvent utilis\u00e9 comme \u00e9l\u00e9ment narratif pour mettre en avant une technologie avanc\u00e9e ou propulser un v\u00e9hicule ou une machine extraordinaire. Les sp\u00e9cifications et capacit\u00e9s exactes de ces moteurs peuvent varier consid\u00e9rablement selon l&#039;\u0153uvre de science-fiction dans laquelle ils apparaissent.<\/p><\/div>","protected":false},"excerpt":{"rendered":"<p>Marque : MOC Factory<br \/>\nGenre: Unisexe<br \/>\nTranche d&#039;\u00e2ge : &gt; 6 ans<br \/>\nNum\u00e9ro de mod\u00e8le : 40128<br \/>\nClassement : Assemblage<br \/>\nForme de bloc en plastique\u00a0: briques autobloquantes<br \/>\nMat\u00e9riel: Plastique<br \/>\nType de plastique : ABS<br \/>\nBlocs de briques : 789 +<br \/>\nTemps d&#039;arrangement\u00a0: 4 \u00e0 8\u00a0semaines<\/p>","protected":false},"featured_media":44754,"comment_status":"open","ping_status":"closed","template":"","meta":{"_acf_changed":false},"product_cat":[1357,364],"product_tag":[10493,11793,389,11080],"class_list":["product","first","instock","shipping-taxable","purchasable","product-type-simple"],"acf":[],"_links":{"self":[{"href":"https:\/\/mouldking.store\/fr\/wp-json\/wp\/v2\/product\/44760","targetHints":{"allow":["GET"]}}],"collection":[{"href":"https:\/\/mouldking.store\/fr\/wp-json\/wp\/v2\/product"}],"about":[{"href":"https:\/\/mouldking.store\/fr\/wp-json\/wp\/v2\/types\/product"}],"replies":[{"embeddable":true,"href":"https:\/\/mouldking.store\/fr\/wp-json\/wp\/v2\/comments?post=44760"}],"wp:featuredmedia":[{"embeddable":true,"href":"https:\/\/mouldking.store\/fr\/wp-json\/wp\/v2\/media\/44754"}],"wp:attachment":[{"href":"https:\/\/mouldking.store\/fr\/wp-json\/wp\/v2\/media?parent=44760"}],"wp:term":[{"taxonomy":"product_cat","embeddable":true,"href":"https:\/\/mouldking.store\/fr\/wp-json\/wp\/v2\/product_cat?post=44760"},{"taxonomy":"product_tag","embeddable":true,"href":"https:\/\/mouldking.store\/fr\/wp-json\/wp\/v2\/product_tag?post=44760"}],"curies":[{"name":"wp","href":"https:\/\/api.w.org\/{rel}","templated":true}]}}