{"id":45251,"date":"2023-05-15T09:36:35","date_gmt":"2023-05-15T02:36:35","guid":{"rendered":"https:\/\/mouldking.store\/shop\/moc-factory-89388-my-singing-monsters-wubbox-deep-brown-with-97-pieces\/"},"modified":"2025-12-16T22:24:59","modified_gmt":"2025-12-16T15:24:59","slug":"moc-factory-89388-my-singing-monsters-wubbox-deep-brown-with-97-pieces","status":"publish","type":"product","link":"https:\/\/mouldking.store\/fr\/shop\/moc-factory-89388-my-singing-monsters-wubbox-deep-brown-with-97-pieces\/","title":{"rendered":"MOC Factory 89388 My Singing Monsters Wubbox Brun fonc\u00e9 avec 97 pi\u00e8ces"},"content":{"rendered":"<div>\u2705 MOC-89388 Mes monstres chantants Wubbox Marron fonc\u00e9<\/p>\n<p>\u2705My Singing Monsters est un jeu mobile populaire qui permet aux joueurs d&#039;\u00e9lever et de collectionner une vari\u00e9t\u00e9 de monstres musicaux. L&#039;un des monstres les plus convoit\u00e9s du jeu est la Wubbox.<\/p>\n<p>\ud83d\udeabIMPORTANT !<\/p>\n<p>Nom du produit : My Singing Monsters Wubbox Brun fonc\u00e9<\/p>\n<p>Cat\u00e9gorie : Film<\/p>\n<p>Ce kit contient : C9317Y09<\/p>\n<p>97 briques de bonne qualit\u00e9<\/p>\n<p>Taille : 8,3 x 5,4 x 10,7 cm<\/p>\n<p>Poids : 0,02 kg<\/p>\n<p>Instructions PDF<\/p>\n<p>\ud83d\udcccNature du protagoniste<\/p>\n<p>Nous vous pr\u00e9sentons notre fi\u00e8re collection nomm\u00e9e \u00ab My Singing Monsters Wubbox Deep Brown \u00bb \u00e0 ne pas manquer.<\/p>\n<p>La Wubbox est un grand monstre en forme de bo\u00eete, au grand sourire et aux yeux brillants. Sa particularit\u00e9 r\u00e9side dans la pr\u00e9sence des huit monstres de base du jeu sur l&#039;\u00eele du joueur. Une fois activ\u00e9e, la Wubbox produit un flux constant de musique et de pi\u00e8ces, ce qui en fait un atout pr\u00e9cieux pour toute collection. Pour obtenir une Wubbox, les joueurs doivent d&#039;abord collecter les huit monstres de base et les placer sur leur \u00eele. Ensuite, ils doivent \u00e9conomiser une somme cons\u00e9quente en monnaie du jeu pour l&#039;acheter. Une fois achet\u00e9e, la Wubbox devra \u00eatre aliment\u00e9e avec des ressources suppl\u00e9mentaires avant de pouvoir produire de la musique et des pi\u00e8ces.<\/p><\/div>","protected":false},"excerpt":{"rendered":"<p>Marque : MOC Factory<br \/>\nGenre: Unisexe<br \/>\nTranche d&#039;\u00e2ge : &gt; 6 ans<br \/>\nNum\u00e9ro de mod\u00e8le : 89388<br \/>\nClassement : Assemblage<br \/>\nForme de bloc en plastique\u00a0: briques autobloquantes<br \/>\nMat\u00e9riel: Plastique<br \/>\nType de plastique : ABS<br \/>\nBlocs de briques : 97 +<br \/>\nPas de boite d&#039;origine<\/p>","protected":false},"featured_media":45246,"comment_status":"open","ping_status":"closed","template":"","meta":{"_acf_changed":false},"product_cat":[1365,371],"product_tag":[11072,8452,9139,11859,11860],"class_list":["product","first","instock","shipping-taxable","purchasable","product-type-simple"],"acf":[],"_links":{"self":[{"href":"https:\/\/mouldking.store\/fr\/wp-json\/wp\/v2\/product\/45251","targetHints":{"allow":["GET"]}}],"collection":[{"href":"https:\/\/mouldking.store\/fr\/wp-json\/wp\/v2\/product"}],"about":[{"href":"https:\/\/mouldking.store\/fr\/wp-json\/wp\/v2\/types\/product"}],"replies":[{"embeddable":true,"href":"https:\/\/mouldking.store\/fr\/wp-json\/wp\/v2\/comments?post=45251"}],"wp:featuredmedia":[{"embeddable":true,"href":"https:\/\/mouldking.store\/fr\/wp-json\/wp\/v2\/media\/45246"}],"wp:attachment":[{"href":"https:\/\/mouldking.store\/fr\/wp-json\/wp\/v2\/media?parent=45251"}],"wp:term":[{"taxonomy":"product_cat","embeddable":true,"href":"https:\/\/mouldking.store\/fr\/wp-json\/wp\/v2\/product_cat?post=45251"},{"taxonomy":"product_tag","embeddable":true,"href":"https:\/\/mouldking.store\/fr\/wp-json\/wp\/v2\/product_tag?post=45251"}],"curies":[{"name":"wp","href":"https:\/\/api.w.org\/{rel}","templated":true}]}}