{"id":46230,"date":"2023-05-26T11:27:00","date_gmt":"2023-05-26T04:27:00","guid":{"rendered":"https:\/\/mouldking.store\/shop\/joytoy-jt4515-adepta-sororitas-battle-sisters-order-of-the-bloody-rose-sister-superior-kamina-with-1-pieces\/"},"modified":"2023-05-26T11:27:00","modified_gmt":"2023-05-26T04:27:00","slug":"joytoy-jt4515-adepta-sororitas-battle-sisters-order-of-the-bloody-rose-sister-superior-kamina-with-1-pieces","status":"publish","type":"product","link":"https:\/\/mouldking.store\/fr\/shop\/joytoy-jt4515-adepta-sororitas-battle-sisters-order-of-the-bloody-rose-sister-superior-kamina-with-1-pieces\/","title":{"rendered":"Joytoy JT4515 Adepta Sororitas Battle Sisters Ordre de la Rose Sanglante S\u0153ur Sup\u00e9rieure Kamina avec 1 Pi\u00e8ces"},"content":{"rendered":"<div>\u2705 JOYTOY JT4515 Adepta Sororitas Battle Sisters Order of the Bloody Rose Sister Superior Kamina<br \/>&nbsp;<br \/>\u2705Sister Superiors are highly experienced and respected leaders within the Adepta Sororitas, overseeing squads of Battle Sisters and providing tactical guidance in battle.&nbsp;<br \/>&nbsp;<br \/>\ud83d\udeabIMPORTANT !&nbsp;<br \/>&nbsp;<br \/>Product Name:&nbsp; Adepta Sororitas Battle Sisters Order of the Bloody Rose Sister Superior Kamina<br \/>&nbsp;<br \/>Cat\u00e9gorie\u00a0: Cr\u00e9ateur&nbsp;<br \/>&nbsp;<br \/>This Kit Contains: JOYTOY JT4515<br \/>&nbsp;<br \/>1 pcs Good Quality Bricks&nbsp;<br \/>&nbsp;<br \/>Size: 13.6cm<br \/>&nbsp;<br \/>Instructions manuelles&nbsp;<br \/>&nbsp;<br \/>\ud83d\udcccNature du protagoniste&nbsp;<br \/>&nbsp;<br \/>Introducing our proud collection named \u201cAdepta Sororitas Battle Sisters Order of the Bloody Rose Sister Superior Kamina\u201d you should not miss.&nbsp;<br \/>&nbsp;<br \/>The Order of the Bloody Rose is known for its emphasis on close-quarters combat and its fervent devotion to the Emperor. Sister Superior Kamina is a named character from recent lore or custom creations.<\/div>","protected":false},"excerpt":{"rendered":"<p>Brand: Joytoy<br \/>\nGenre: Unisexe<br \/>\nTranche d&#039;\u00e2ge : &gt; 6 ans<br \/>\nModel Number: JT4515<br \/>\nClassement : Assemblage<br \/>\nForme de bloc en plastique\u00a0: briques autobloquantes<br \/>\nMat\u00e9riel: Plastique<br \/>\nType de plastique : ABS<br \/>\nBricks Blocks: 1 +<br \/>\nPas de boite d&#039;origine<\/p>","protected":false},"featured_media":46228,"comment_status":"open","ping_status":"closed","template":"","meta":{"_acf_changed":false},"product_cat":[1365,371],"product_tag":[11827,9077,12036,11072,8452,12037,10868,12021,11828,11824],"class_list":["product","first","instock","shipping-taxable","purchasable","product-type-simple"],"acf":[],"_links":{"self":[{"href":"https:\/\/mouldking.store\/fr\/wp-json\/wp\/v2\/product\/46230","targetHints":{"allow":["GET"]}}],"collection":[{"href":"https:\/\/mouldking.store\/fr\/wp-json\/wp\/v2\/product"}],"about":[{"href":"https:\/\/mouldking.store\/fr\/wp-json\/wp\/v2\/types\/product"}],"replies":[{"embeddable":true,"href":"https:\/\/mouldking.store\/fr\/wp-json\/wp\/v2\/comments?post=46230"}],"wp:featuredmedia":[{"embeddable":true,"href":"https:\/\/mouldking.store\/fr\/wp-json\/wp\/v2\/media\/46228"}],"wp:attachment":[{"href":"https:\/\/mouldking.store\/fr\/wp-json\/wp\/v2\/media?parent=46230"}],"wp:term":[{"taxonomy":"product_cat","embeddable":true,"href":"https:\/\/mouldking.store\/fr\/wp-json\/wp\/v2\/product_cat?post=46230"},{"taxonomy":"product_tag","embeddable":true,"href":"https:\/\/mouldking.store\/fr\/wp-json\/wp\/v2\/product_tag?post=46230"}],"curies":[{"name":"wp","href":"https:\/\/api.w.org\/{rel}","templated":true}]}}