{"id":46904,"date":"2023-06-26T09:31:24","date_gmt":"2023-06-26T02:31:24","guid":{"rendered":"https:\/\/mouldking.store\/shop\/panlosbrick-628008-kari-carronade-with-4158-pieces\/"},"modified":"2023-06-26T09:31:24","modified_gmt":"2023-06-26T02:31:24","slug":"panlosbrick-628008-kari-carronade-with-4158-pieces","status":"publish","type":"product","link":"https:\/\/mouldking.store\/fr\/shop\/panlosbrick-628008-kari-carronade-with-4158-pieces\/","title":{"rendered":"PANLOSBRICK 628008 KARI Caronade avec 4158 pi\u00e8ces"},"content":{"rendered":"<div>\u2705PANLOS 628008 KARI Caronade<br \/>&nbsp;<br \/>Le Karl-Ger\u00e4t allemand, \u00e9galement connu sous le nom de mortier lourd Karl ou M\u00f6rser Karl, \u00e9tait une s\u00e9rie de mortiers de si\u00e8ge automoteurs de gros calibre utilis\u00e9s par l&#039;Allemagne pendant la Seconde Guerre mondiale. Il doit son nom \u00e0 son concepteur, Karl Becker.<br \/>&nbsp;<br \/>\ud83d\udeabIMPORTANT !&nbsp;<br \/>&nbsp;<br \/>Nom du produit : Caronade KARI<br \/>&nbsp;<br \/>Cat\u00e9gorie : Militaire<br \/>&nbsp;<br \/>Ce kit contient : PANLOS 628008<br \/>&nbsp;<br \/>4158 briques de bonne qualit\u00e9&nbsp;<br \/>&nbsp;<br \/>Dimensions : 129 \u00d7 15 \u00d7 17 cm<br \/>&nbsp;<br \/>Instructions manuelles&nbsp;<br \/>&nbsp;<br \/>\ud83d\udcccNature du protagoniste&nbsp;<br \/>&nbsp;<br \/>Nous vous pr\u00e9sentons notre fi\u00e8re collection nomm\u00e9e \u00ab KARI Carronade \u00bb \u00e0 ne pas manquer.&nbsp;<br \/>&nbsp;<br \/>Le Karl-Ger\u00e4t \u00e9tait principalement con\u00e7u pour d\u00e9truire des positions fortement fortifi\u00e9es, telles que des bunkers en b\u00e9ton et des forteresses. Il se composait de deux variantes principales\u00a0: le Karl-Ger\u00e4t I (\u00e9galement connu sous le nom de Ger\u00e4t 040) et le Karl-Ger\u00e4t II (Ger\u00e4t 041). Le Karl-Ger\u00e4t I avait un calibre de 60\u00a0cm (24\u00a0pouces) et tirait des projectiles massifs de 2\u00a0tonnes, tandis que le Karl-Ger\u00e4t II avait un calibre de 54\u00a0cm (21\u00a0pouces) et tirait des obus l\u00e9g\u00e8rement plus petits de 1,8\u00a0tonne. Ces obus \u00e9taient essentiellement des projectiles explosifs g\u00e9ants destin\u00e9s \u00e0 infliger un maximum de d\u00e9g\u00e2ts aux fortifications ennemies.<\/div>","protected":false},"excerpt":{"rendered":"<p>Marque : PANLOSBRICK<br \/>\nGenre: Unisexe<br \/>\nTranche d&#039;\u00e2ge : &gt; 8 ans<br \/>\nNum\u00e9ro de mod\u00e8le : 628008<br \/>\nClassement : Assemblage<br \/>\nForme de bloc en plastique\u00a0: briques autobloquantes<br \/>\nMat\u00e9riel: Plastique<br \/>\nType de plastique : ABS<br \/>\nBlocs de briques : 4158 +<br \/>\nPas de boite d&#039;origine<\/p>","protected":false},"featured_media":46901,"comment_status":"open","ping_status":"closed","template":"","meta":{"_acf_changed":false},"product_cat":[1350,1357,372,364],"product_tag":[12124,12123,374,389],"class_list":["product","first","instock","shipping-taxable","purchasable","product-type-simple"],"acf":[],"_links":{"self":[{"href":"https:\/\/mouldking.store\/fr\/wp-json\/wp\/v2\/product\/46904","targetHints":{"allow":["GET"]}}],"collection":[{"href":"https:\/\/mouldking.store\/fr\/wp-json\/wp\/v2\/product"}],"about":[{"href":"https:\/\/mouldking.store\/fr\/wp-json\/wp\/v2\/types\/product"}],"replies":[{"embeddable":true,"href":"https:\/\/mouldking.store\/fr\/wp-json\/wp\/v2\/comments?post=46904"}],"wp:featuredmedia":[{"embeddable":true,"href":"https:\/\/mouldking.store\/fr\/wp-json\/wp\/v2\/media\/46901"}],"wp:attachment":[{"href":"https:\/\/mouldking.store\/fr\/wp-json\/wp\/v2\/media?parent=46904"}],"wp:term":[{"taxonomy":"product_cat","embeddable":true,"href":"https:\/\/mouldking.store\/fr\/wp-json\/wp\/v2\/product_cat?post=46904"},{"taxonomy":"product_tag","embeddable":true,"href":"https:\/\/mouldking.store\/fr\/wp-json\/wp\/v2\/product_tag?post=46904"}],"curies":[{"name":"wp","href":"https:\/\/api.w.org\/{rel}","templated":true}]}}