{"id":49846,"date":"2023-08-25T10:07:32","date_gmt":"2023-08-25T03:07:32","guid":{"rendered":"https:\/\/mouldking.store\/shop\/wange-6213-saint-basils-cathedral-moscow-russia-with-3213-pieces\/"},"modified":"2023-08-25T10:07:32","modified_gmt":"2023-08-25T03:07:32","slug":"wange-6213-saint-basils-cathedral-moscow-russia-with-3213-pieces","status":"publish","type":"product","link":"https:\/\/mouldking.store\/fr\/shop\/wange-6213-saint-basils-cathedral-moscow-russia-with-3213-pieces\/","title":{"rendered":"WANGE 6213 Cath\u00e9drale Saint-Basile Moscou Russie avec 3213 pi\u00e8ces"},"content":{"rendered":"<div>\u2705Wange 6213 Cath\u00e9drale Saint-Basile Moscou Russie<br \/>&nbsp;<br \/>\u2705La cath\u00e9drale Saint-Basile, officiellement connue sous le nom de cath\u00e9drale de l&#039;Intercession de la Tr\u00e8s Sainte Th\u00e9otokos sur les douves, est une cath\u00e9drale embl\u00e9matique et visuellement frappante situ\u00e9e \u00e0 Moscou, en Russie. C&#039;est l&#039;un des monuments les plus reconnaissables du pays et est connu pour ses d\u00f4mes color\u00e9s et son style architectural unique.&nbsp;<br \/>&nbsp;<br \/>\ud83d\udeabIMPORTANT !&nbsp;<br \/>&nbsp;<br \/>Nom du produit : Cath\u00e9drale Saint-Basile de Moscou, Russie<br \/>&nbsp;<br \/>Cat\u00e9gorie : Construction Modulaire<br \/>&nbsp;<br \/>Ce kit contient : Wange 6213&nbsp;<br \/>&nbsp;<br \/>3213 pi\u00e8ces de briques de bonne qualit\u00e9&nbsp;<br \/>&nbsp;<br \/>Instructions manuelles&nbsp;<br \/>&nbsp;<br \/>\ud83d\udcccNature du protagoniste&nbsp;<br \/>&nbsp;<br \/>Nous vous pr\u00e9sentons notre fi\u00e8re collection intitul\u00e9e \u00ab Cath\u00e9drale Saint-Basile de Moscou, Russie \u00bb, \u00e0 ne pas manquer.&nbsp;<br \/>&nbsp;<br \/>La cath\u00e9drale Saint-Basile est situ\u00e9e \u00e0 l&#039;extr\u00e9mit\u00e9 sud de la place Rouge, le centre historique et culturel de Moscou. La cath\u00e9drale est r\u00e9put\u00e9e pour son architecture particuli\u00e8re, caract\u00e9ris\u00e9e par ses multiples d\u00f4mes color\u00e9s en forme d&#039;oignon, ses fa\u00e7ades orn\u00e9es et son design fantaisiste. Elle est souvent d\u00e9crite comme un parfait exemple du style architectural russe de la fin de la p\u00e9riode m\u00e9di\u00e9vale. La cath\u00e9drale a \u00e9t\u00e9 command\u00e9e par Ivan le Terrible pour comm\u00e9morer la prise de la ville de Kazan en 1552 et la prise du khanat d&#039;Astrakhan en 1556. Elle a \u00e9t\u00e9 construite entre 1555 et 1561.<\/div>","protected":false},"excerpt":{"rendered":"<p>Marque : WANGE<br \/>\nGenre: Unisexe<br \/>\nTranche d&#039;\u00e2ge : &gt; 6 ans<br \/>\nNum\u00e9ro de mod\u00e8le : 6213<br \/>\nClassement : Assemblage<br \/>\nForme de bloc en plastique\u00a0: briques autobloquantes<br \/>\nMat\u00e9riel: Plastique<br \/>\nType de plastique : ABS<br \/>\nBlocs de briques : 3213 +<br \/>\nPas de boite d&#039;origine<\/p>","protected":false},"featured_media":49841,"comment_status":"open","ping_status":"closed","template":"","meta":{"_acf_changed":false},"product_cat":[1365,1395,1502,390],"product_tag":[11260,12518,4883,8452,392,12519,12520,8000],"class_list":["product","first","instock","shipping-taxable","purchasable","product-type-simple"],"acf":[],"_links":{"self":[{"href":"https:\/\/mouldking.store\/fr\/wp-json\/wp\/v2\/product\/49846","targetHints":{"allow":["GET"]}}],"collection":[{"href":"https:\/\/mouldking.store\/fr\/wp-json\/wp\/v2\/product"}],"about":[{"href":"https:\/\/mouldking.store\/fr\/wp-json\/wp\/v2\/types\/product"}],"replies":[{"embeddable":true,"href":"https:\/\/mouldking.store\/fr\/wp-json\/wp\/v2\/comments?post=49846"}],"wp:featuredmedia":[{"embeddable":true,"href":"https:\/\/mouldking.store\/fr\/wp-json\/wp\/v2\/media\/49841"}],"wp:attachment":[{"href":"https:\/\/mouldking.store\/fr\/wp-json\/wp\/v2\/media?parent=49846"}],"wp:term":[{"taxonomy":"product_cat","embeddable":true,"href":"https:\/\/mouldking.store\/fr\/wp-json\/wp\/v2\/product_cat?post=49846"},{"taxonomy":"product_tag","embeddable":true,"href":"https:\/\/mouldking.store\/fr\/wp-json\/wp\/v2\/product_tag?post=49846"}],"curies":[{"name":"wp","href":"https:\/\/api.w.org\/{rel}","templated":true}]}}