{"id":49915,"date":"2023-08-25T10:16:13","date_gmt":"2023-08-25T03:16:13","guid":{"rendered":"https:\/\/mouldking.store\/shop\/wange-5239-turret-of-palace-museum-beijing-china-with-1252-pieces\/"},"modified":"2023-08-25T10:16:13","modified_gmt":"2023-08-25T03:16:13","slug":"wange-5239-turret-of-palace-museum-beijing-china-with-1252-pieces","status":"publish","type":"product","link":"https:\/\/mouldking.store\/fr\/shop\/wange-5239-turret-of-palace-museum-beijing-china-with-1252-pieces\/","title":{"rendered":"WANGE 5239 Tourelle du Mus\u00e9e du Palais de P\u00e9kin Chine avec 1252 pi\u00e8ces"},"content":{"rendered":"<div>\u2705 Wange 5239 Turret of Palace Museum Beijing China<br \/>&nbsp;<br \/>\u2705The Palace Museum, also known as the Forbidden City, is a historic imperial palace located in the heart of Beijing, China. It was the imperial palace for the Ming and Qing dynasties and is now a renowned cultural and historical museum. The term &#8220;turret&#8221; generally refers to a small tower or structure on a larger building, often providing a vantage point or decorative element.<br \/>&nbsp;<br \/>\ud83d\udeabIMPORTANT !&nbsp;<br \/>&nbsp;<br \/>Product Name: Turret of Palace Museum Beijing China<br \/>&nbsp;<br \/>Cat\u00e9gorie : Construction Modulaire&nbsp;<br \/>&nbsp;<br \/>This Kit Contains:&nbsp; Wange 5239&nbsp;<br \/>&nbsp;<br \/>1252 pcs Good Quality Bricks&nbsp;<br \/>&nbsp;<br \/>Size:&nbsp; 30.4 \u00d7 30.4 \u00d7 27.5 cm&nbsp;<br \/>&nbsp;<br \/>Instructions manuelles&nbsp;<br \/>&nbsp;<br \/>\ud83d\udcccNature du protagoniste&nbsp;<br \/>&nbsp;<br \/>Introducing our proud collection named \u201cTurret of Palace Museum Beijing China\u201d you should not miss.&nbsp;<br \/>&nbsp;<br \/>The turrets and structures within the Palace Museum complex are an integral part of its architectural beauty and historical significance. They showcase the exquisite craftsmanship and attention to detail that were hallmarks of imperial Chinese architecture. The Palace Museum is a UNESCO World Heritage Site and offers visitors a glimpse into China&#8217;s rich cultural heritage and imperial history.<\/div>","protected":false},"excerpt":{"rendered":"<p>Marque : WANGE<br \/>\nGenre: Unisexe<br \/>\nTranche d&#039;\u00e2ge : &gt; 6 ans<br \/>\nModel Number: 5239<br \/>\nClassement : Assemblage<br \/>\nForme de bloc en plastique\u00a0: briques autobloquantes<br \/>\nMat\u00e9riel: Plastique<br \/>\nType de plastique : ABS<br \/>\nBricks Blocks: 1252 +<br \/>\nPas de boite d&#039;origine<\/p>","protected":false},"featured_media":49910,"comment_status":"open","ping_status":"closed","template":"","meta":{"_acf_changed":false},"product_cat":[1354,1365,1395,1502,390],"product_tag":[11260,12285,10892,4883,8452,392,3244,4581,12554],"class_list":["product","first","instock","shipping-taxable","purchasable","product-type-simple"],"acf":[],"_links":{"self":[{"href":"https:\/\/mouldking.store\/fr\/wp-json\/wp\/v2\/product\/49915","targetHints":{"allow":["GET"]}}],"collection":[{"href":"https:\/\/mouldking.store\/fr\/wp-json\/wp\/v2\/product"}],"about":[{"href":"https:\/\/mouldking.store\/fr\/wp-json\/wp\/v2\/types\/product"}],"replies":[{"embeddable":true,"href":"https:\/\/mouldking.store\/fr\/wp-json\/wp\/v2\/comments?post=49915"}],"wp:featuredmedia":[{"embeddable":true,"href":"https:\/\/mouldking.store\/fr\/wp-json\/wp\/v2\/media\/49910"}],"wp:attachment":[{"href":"https:\/\/mouldking.store\/fr\/wp-json\/wp\/v2\/media?parent=49915"}],"wp:term":[{"taxonomy":"product_cat","embeddable":true,"href":"https:\/\/mouldking.store\/fr\/wp-json\/wp\/v2\/product_cat?post=49915"},{"taxonomy":"product_tag","embeddable":true,"href":"https:\/\/mouldking.store\/fr\/wp-json\/wp\/v2\/product_tag?post=49915"}],"curies":[{"name":"wp","href":"https:\/\/api.w.org\/{rel}","templated":true}]}}