{"id":49927,"date":"2023-08-25T10:17:22","date_gmt":"2023-08-25T03:17:22","guid":{"rendered":"https:\/\/mouldking.store\/shop\/wange-5231-christ-the-redeemer-rio-de-janeiro-brazil-with-973-pieces\/"},"modified":"2023-08-25T10:17:22","modified_gmt":"2023-08-25T03:17:22","slug":"wange-5231-christ-the-redeemer-rio-de-janeiro-brazil-with-973-pieces","status":"publish","type":"product","link":"https:\/\/mouldking.store\/fr\/shop\/wange-5231-christ-the-redeemer-rio-de-janeiro-brazil-with-973-pieces\/","title":{"rendered":"WANGE 5231 Christ R\u00e9dempteur Rio de Janeiro Br\u00e9sil avec 973 pi\u00e8ces"},"content":{"rendered":"<div>\u2705 Wange 5231 Christ the Redeemer Rio de Janeiro Brazil&nbsp;<br \/>&nbsp;<br \/>\u2705Christ the Redeemer (Cristo Redentor) is an iconic statue located in Rio de Janeiro, Brazil. It is one of the most recognizable landmarks in the world and a symbol of both the city and the country.&nbsp;<br \/>&nbsp;<br \/>\ud83d\udeabIMPORTANT !&nbsp;<br \/>&nbsp;<br \/>Product Name: Christ the Redeemer Rio de Janeiro Brazil&nbsp;<br \/>&nbsp;<br \/>Cat\u00e9gorie : Construction Modulaire<br \/>&nbsp;<br \/>This Kit Contains: Wange 5231<br \/>&nbsp;<br \/>973 pcs Good Quality Bricks&nbsp;<br \/>&nbsp;<br \/>Size: 31.9 \u00d7 17.5 \u00d7 42.6 cm<br \/>&nbsp;<br \/>Instructions manuelles&nbsp;<br \/>&nbsp;<br \/>\ud83d\udcccNature du protagoniste&nbsp;<br \/>&nbsp;<br \/>Introducing our proud collection named \u201cChrist the Redeemer Rio de Janeiro Brazil \u201d you should not miss.&nbsp;<br \/>&nbsp;<br \/>The statue is situated atop the Corcovado Mountain, which overlooks the city of Rio de Janeiro and offers breathtaking panoramic views of the surrounding landscape. Christ the Redeemer is a colossal Art Deco statue of Jesus Christ with outstretched arms. It stands 98 feet (30 meters) tall and has a wingspan of 92 feet (28 meters). The statue is made of reinforced concrete and soapstone. The idea for the statue was conceived in the late 1920s as a way to promote Christianity and strengthen the faith of the Brazilian people. Construction of the statue began in 1926 and was completed in 1931.<\/div>","protected":false},"excerpt":{"rendered":"<p>Marque : WANGE<br \/>\nGenre: Unisexe<br \/>\nTranche d&#039;\u00e2ge : &gt; 6 ans<br \/>\nModel Number: 5231<br \/>\nClassement : Assemblage<br \/>\nForme de bloc en plastique\u00a0: briques autobloquantes<br \/>\nMat\u00e9riel: Plastique<br \/>\nType de plastique : ABS<br \/>\nBricks Blocks: 973 +<br \/>\nPas de boite d&#039;origine<\/p>","protected":false},"featured_media":49923,"comment_status":"open","ping_status":"closed","template":"","meta":{"_acf_changed":false},"product_cat":[1365,1395,1502,390],"product_tag":[11260,12560,12557,4883,8452,392,12558,12559],"class_list":["product","first","instock","shipping-taxable","purchasable","product-type-simple"],"acf":[],"_links":{"self":[{"href":"https:\/\/mouldking.store\/fr\/wp-json\/wp\/v2\/product\/49927","targetHints":{"allow":["GET"]}}],"collection":[{"href":"https:\/\/mouldking.store\/fr\/wp-json\/wp\/v2\/product"}],"about":[{"href":"https:\/\/mouldking.store\/fr\/wp-json\/wp\/v2\/types\/product"}],"replies":[{"embeddable":true,"href":"https:\/\/mouldking.store\/fr\/wp-json\/wp\/v2\/comments?post=49927"}],"wp:featuredmedia":[{"embeddable":true,"href":"https:\/\/mouldking.store\/fr\/wp-json\/wp\/v2\/media\/49923"}],"wp:attachment":[{"href":"https:\/\/mouldking.store\/fr\/wp-json\/wp\/v2\/media?parent=49927"}],"wp:term":[{"taxonomy":"product_cat","embeddable":true,"href":"https:\/\/mouldking.store\/fr\/wp-json\/wp\/v2\/product_cat?post=49927"},{"taxonomy":"product_tag","embeddable":true,"href":"https:\/\/mouldking.store\/fr\/wp-json\/wp\/v2\/product_tag?post=49927"}],"curies":[{"name":"wp","href":"https:\/\/api.w.org\/{rel}","templated":true}]}}