{"id":49938,"date":"2023-08-25T10:19:16","date_gmt":"2023-08-25T03:19:16","guid":{"rendered":"https:\/\/mouldking.store\/shop\/wange-4220-flatiron-building-new-york-america-with-833-pieces\/"},"modified":"2023-08-25T10:19:16","modified_gmt":"2023-08-25T03:19:16","slug":"wange-4220-flatiron-building-new-york-america-with-833-pieces","status":"publish","type":"product","link":"https:\/\/mouldking.store\/fr\/shop\/wange-4220-flatiron-building-new-york-america-with-833-pieces\/","title":{"rendered":"WANGE 4220 Flatiron Building New York Am\u00e9rique avec 833 pi\u00e8ces"},"content":{"rendered":"<div>\u2705 WANGE 4220 Flatiron Building New York Am\u00e9rique<br \/>&nbsp;<br \/>\u2705Le Flatiron Building, \u00e9galement connu sous le nom de Fuller Building, est un gratte-ciel embl\u00e9matique situ\u00e9 \u00e0 Manhattan, \u00e0 New York, aux \u00c9tats-Unis. C&#039;est l&#039;un des b\u00e2timents les plus c\u00e9l\u00e8bres et les plus reconnaissables au monde, r\u00e9put\u00e9 pour sa forme triangulaire unique et son importance historique dans l&#039;architecture.<br \/>&nbsp;<br \/>\ud83d\udeabIMPORTANT !&nbsp;<br \/>&nbsp;<br \/>Nom du produit : Flatiron Building New York Am\u00e9rique<br \/>&nbsp;<br \/>Cat\u00e9gorie : Construction Modulaire<br \/>&nbsp;<br \/>Ce kit contient : WANGE 4220<br \/>&nbsp;<br \/>833 briques de bonne qualit\u00e9&nbsp;<br \/>&nbsp;<br \/>Taille : 17,6 \u00d7 17,6 \u00d7 21,8 cm<br \/>&nbsp;<br \/>Instructions manuelles&nbsp;<br \/>&nbsp;<br \/>\ud83d\udcccNature du protagoniste&nbsp;<br \/>&nbsp;<br \/>Nous vous pr\u00e9sentons notre fi\u00e8re collection nomm\u00e9e \u00ab Flatiron Building New York America \u00bb \u00e0 ne pas manquer.&nbsp;<br \/>&nbsp;<br \/>Le Flatiron Building a \u00e9t\u00e9 con\u00e7u par l&#039;architecte Daniel Burnham et son cabinet Burnham and Company. Il a \u00e9t\u00e9 achev\u00e9 en 1902 et est consid\u00e9r\u00e9 comme l&#039;un des premiers gratte-ciel de New York. La conception distinctive du b\u00e2timent est due \u00e0 son terrain triangulaire \u00e0 l&#039;intersection de la Cinqui\u00e8me Avenue et de Broadway. La structure \u00e9lanc\u00e9e et cun\u00e9iforme ressemble \u00e0 un fer \u00e0 repasser \u00e0 l&#039;ancienne, ce qui lui a valu son surnom populaire. Le Flatiron Building est un excellent exemple du style architectural Beaux-Arts, caract\u00e9ris\u00e9 par son apparence grandiose, ses d\u00e9corations orn\u00e9es et ses \u00e9l\u00e9ments de design classiques.<\/div>","protected":false},"excerpt":{"rendered":"<p>Marque : WANGE<br \/>\nGenre: Unisexe<br \/>\nTranche d&#039;\u00e2ge : &gt; 6 ans<br \/>\nNum\u00e9ro de mod\u00e8le : 4220<br \/>\nClassement : Assemblage<br \/>\nForme de bloc en plastique\u00a0: briques autobloquantes<br \/>\nMat\u00e9riel: Plastique<br \/>\nType de plastique : ABS<br \/>\nBlocs de briques : 833 +<br \/>\nPas de boite d&#039;origine<\/p>","protected":false},"featured_media":49933,"comment_status":"open","ping_status":"closed","template":"","meta":{"_acf_changed":false},"product_cat":[1395,1502,390],"product_tag":[727,4883,12561,392,12471,12343],"class_list":["product","first","instock","shipping-taxable","purchasable","product-type-simple"],"acf":[],"_links":{"self":[{"href":"https:\/\/mouldking.store\/fr\/wp-json\/wp\/v2\/product\/49938","targetHints":{"allow":["GET"]}}],"collection":[{"href":"https:\/\/mouldking.store\/fr\/wp-json\/wp\/v2\/product"}],"about":[{"href":"https:\/\/mouldking.store\/fr\/wp-json\/wp\/v2\/types\/product"}],"replies":[{"embeddable":true,"href":"https:\/\/mouldking.store\/fr\/wp-json\/wp\/v2\/comments?post=49938"}],"wp:featuredmedia":[{"embeddable":true,"href":"https:\/\/mouldking.store\/fr\/wp-json\/wp\/v2\/media\/49933"}],"wp:attachment":[{"href":"https:\/\/mouldking.store\/fr\/wp-json\/wp\/v2\/media?parent=49938"}],"wp:term":[{"taxonomy":"product_cat","embeddable":true,"href":"https:\/\/mouldking.store\/fr\/wp-json\/wp\/v2\/product_cat?post=49938"},{"taxonomy":"product_tag","embeddable":true,"href":"https:\/\/mouldking.store\/fr\/wp-json\/wp\/v2\/product_tag?post=49938"}],"curies":[{"name":"wp","href":"https:\/\/api.w.org\/{rel}","templated":true}]}}