{"id":50010,"date":"2023-08-30T18:13:21","date_gmt":"2023-08-30T11:13:21","guid":{"rendered":"https:\/\/mouldking.store\/shop\/yonglexing-11044-hummer-with-3088-pieces\/"},"modified":"2024-04-11T10:40:16","modified_gmt":"2024-04-11T03:40:16","slug":"yonglexing-11044-hummer-with-3088-pieces","status":"publish","type":"product","link":"https:\/\/mouldking.store\/fr\/shop\/yonglexing-11044-hummer-with-3088-pieces\/","title":{"rendered":"YONGLEXING 11044 Hummer avec 3088 pi\u00e8ces"},"content":{"rendered":"<div>\u2705YONGLEXING 11044 Hummer<br \/>&nbsp;<br \/>\u2705Hummer \u00e9tait une marque de SUV et de pick-ups r\u00e9put\u00e9e pour sa robustesse et ses capacit\u00e9s tout-terrain. Initialement d\u00e9velopp\u00e9e par AM General, un constructeur de v\u00e9hicules militaires, la marque a ensuite \u00e9t\u00e9 rachet\u00e9e par General Motors (GM). Parmi les mod\u00e8les les plus connus de la marque Hummer figurent les H1, H2 et H3. Ces v\u00e9hicules \u00e9taient reconnus pour leur allure distinctive et imposante, ainsi que pour leur aptitude \u00e0 \u00e9voluer sur des terrains difficiles.<br \/>&nbsp;<br \/>\ud83d\udeabIMPORTANT !&nbsp;<br \/>&nbsp;<br \/>Nom du produit : Hummer<br \/>&nbsp;<br \/>Cat\u00e9gorie : Technique<br \/>&nbsp;<br \/>Ce kit contient : YONGLEXING 11044<br \/>&nbsp;<br \/>3088 briques de bonne qualit\u00e9&nbsp;<br \/>&nbsp;<br \/>Dimensions : 40 \u00d7 28 \u00d7 8 cm&nbsp;<br \/>&nbsp;<br \/>Instructions manuelles&nbsp;<br \/>&nbsp;<br \/>\ud83d\udcccNature du protagoniste&nbsp;<br \/>&nbsp;<br \/>Nous vous pr\u00e9sentons notre collection phare \u00ab 23,2 \u00d7 43,2 \u00d7 17,6 cm \u00bb, \u00e0 ne surtout pas manquer.&nbsp;<br \/>&nbsp;<br \/>Le GMC Hummer EV est un pick-up et SUV 100 % \u00e9lectrique qui marquera le grand retour de la marque Hummer. Con\u00e7u comme une alternative \u00e9lectrique aux Hummer traditionnels, grands consommateurs d&#039;essence, le GMC Hummer EV ambitionne d&#039;allier les capacit\u00e9s tout-terrain et la robustesse l\u00e9gendaires de la marque Hummer aux avantages environnementaux de la propulsion \u00e9lectrique. Il devrait \u00eatre dot\u00e9 de technologies de pointe, offrir des performances impressionnantes et \u00eatre capable d&#039;\u00e9voluer sur tous types de terrains.<\/div>","protected":false},"excerpt":{"rendered":"<p>Marque : YONGLEXING<br \/>\nGenre: Unisexe<br \/>\nTranche d&#039;\u00e2ge : &gt; 12 ans<br \/>\nNum\u00e9ro de mod\u00e8le : 11044<br \/>\nClassement : Assemblage<br \/>\nForme de bloc en plastique\u00a0: briques autobloquantes<br \/>\nMat\u00e9riel: Plastique<br \/>\nType de plastique : ABS<br \/>\nBlocs de briques : 3088 +<br \/>\nPas de boite d&#039;origine<\/p>","protected":false},"featured_media":50006,"comment_status":"open","ping_status":"closed","template":"","meta":{"_acf_changed":false},"product_cat":[1357,364],"product_tag":[11901,389,11080],"class_list":["product","first","outofstock","shipping-taxable","purchasable","product-type-simple"],"acf":[],"_links":{"self":[{"href":"https:\/\/mouldking.store\/fr\/wp-json\/wp\/v2\/product\/50010","targetHints":{"allow":["GET"]}}],"collection":[{"href":"https:\/\/mouldking.store\/fr\/wp-json\/wp\/v2\/product"}],"about":[{"href":"https:\/\/mouldking.store\/fr\/wp-json\/wp\/v2\/types\/product"}],"replies":[{"embeddable":true,"href":"https:\/\/mouldking.store\/fr\/wp-json\/wp\/v2\/comments?post=50010"}],"wp:featuredmedia":[{"embeddable":true,"href":"https:\/\/mouldking.store\/fr\/wp-json\/wp\/v2\/media\/50006"}],"wp:attachment":[{"href":"https:\/\/mouldking.store\/fr\/wp-json\/wp\/v2\/media?parent=50010"}],"wp:term":[{"taxonomy":"product_cat","embeddable":true,"href":"https:\/\/mouldking.store\/fr\/wp-json\/wp\/v2\/product_cat?post=50010"},{"taxonomy":"product_tag","embeddable":true,"href":"https:\/\/mouldking.store\/fr\/wp-json\/wp\/v2\/product_tag?post=50010"}],"curies":[{"name":"wp","href":"https:\/\/api.w.org\/{rel}","templated":true}]}}