{"id":51168,"date":"2023-10-02T17:47:13","date_gmt":"2023-10-02T10:47:13","guid":{"rendered":"https:\/\/mouldking.store\/shop\/reobrix-66016-cathedral-of-notre-dame-with-8868-pieces\/"},"modified":"2024-03-18T14:52:39","modified_gmt":"2024-03-18T07:52:39","slug":"reobrix-66016-cathedral-of-notre-dame-with-8868-pieces","status":"publish","type":"product","link":"https:\/\/mouldking.store\/fr\/shop\/reobrix-66016-cathedral-of-notre-dame-with-8868-pieces\/","title":{"rendered":"REOBRIX 66016 Cath\u00e9drale Notre-Dame avec 8868 pi\u00e8ces"},"content":{"rendered":"<div>\u2705Reobrix 66016 Cath\u00e9drale Notre-Dame<br \/>&nbsp;<br \/>La cath\u00e9drale Notre-Dame, souvent appel\u00e9e simplement Notre-Dame, est l&#039;une des cath\u00e9drales les plus embl\u00e9matiques et les plus importantes au monde sur le plan historique. Situ\u00e9e au c\u0153ur de Paris, sur l&#039;\u00eele de la Cit\u00e9, Notre-Dame est r\u00e9put\u00e9e pour son architecture gothique \u00e9poustouflante, sa riche histoire et son importance culturelle.<br \/>&nbsp;<br \/>\ud83d\udeabIMPORTANT !&nbsp;<br \/>&nbsp;<br \/>Nom du produit : Cath\u00e9drale Notre-Dame<br \/>&nbsp;<br \/>Cat\u00e9gorie : Construction Modulaire&nbsp;<br \/>&nbsp;<br \/>Ce kit contient\u00a0:\u00a0Reobrix 66016&nbsp;<br \/>&nbsp;<br \/>8868 briques de bonne qualit\u00e9&nbsp;<br \/>&nbsp;<br \/>Dimensions : 66,5 \u00d7 27,5 \u00d7 57 cm<br \/>&nbsp;<br \/>Instructions manuelles&nbsp;<br \/>&nbsp;<br \/>\ud83d\udcccNature du protagoniste&nbsp;<br \/>&nbsp;<br \/>Nous vous pr\u00e9sentons notre fi\u00e8re collection intitul\u00e9e \u00ab Cath\u00e9drale Notre-Dame \u00bb \u00e0 ne pas manquer.&nbsp;<br \/>&nbsp;<br \/>La cath\u00e9drale Notre-Dame est un chef-d&#039;\u0153uvre de l&#039;architecture gothique fran\u00e7aise. Elle est r\u00e9put\u00e9e pour ses caract\u00e9ristiques distinctives, notamment ses arcs-boutants, ses arcs bris\u00e9s, ses vitraux complexes et son r\u00e9seau de vo\u00fbtes d&#039;ogives. Sa construction d\u00e9buta en 1163, sous le r\u00e8gne de Louis VII, et s&#039;acheva au XIVe si\u00e8cle. Il fallut environ 200 ans pour achever la construction de la cath\u00e9drale. Sa fa\u00e7ade occidentale est particuli\u00e8rement c\u00e9l\u00e8bre, avec ses trois portails orn\u00e9s de sculptures repr\u00e9sentant des sc\u00e8nes bibliques et des saints. La fa\u00e7ade comprend \u00e9galement la Galerie des Rois, qui pr\u00e9sente les statues des 28 rois de Juda.<\/div>","protected":false},"excerpt":{"rendered":"<p>Marque : REOBRIX<br \/>\nGenre: Unisexe<br \/>\nTranche d&#039;\u00e2ge : &gt; 14 ans<br \/>\nNum\u00e9ro de mod\u00e8le : 66016<br \/>\nClassement : Assemblage<br \/>\nForme de bloc en plastique\u00a0: briques autobloquantes<br \/>\nMat\u00e9riel: Plastique<br \/>\nType de plastique : ABS<br \/>\nBlocs de briques : 8868 +<br \/>\nPas de boite d&#039;origine<\/p>","protected":false},"featured_media":51163,"comment_status":"open","ping_status":"closed","template":"","meta":{"_acf_changed":false},"product_cat":[1395,1502,390],"product_tag":[12289,4883,392,12288],"class_list":["product","first","instock","shipping-taxable","purchasable","product-type-simple"],"acf":[],"_links":{"self":[{"href":"https:\/\/mouldking.store\/fr\/wp-json\/wp\/v2\/product\/51168","targetHints":{"allow":["GET"]}}],"collection":[{"href":"https:\/\/mouldking.store\/fr\/wp-json\/wp\/v2\/product"}],"about":[{"href":"https:\/\/mouldking.store\/fr\/wp-json\/wp\/v2\/types\/product"}],"replies":[{"embeddable":true,"href":"https:\/\/mouldking.store\/fr\/wp-json\/wp\/v2\/comments?post=51168"}],"wp:featuredmedia":[{"embeddable":true,"href":"https:\/\/mouldking.store\/fr\/wp-json\/wp\/v2\/media\/51163"}],"wp:attachment":[{"href":"https:\/\/mouldking.store\/fr\/wp-json\/wp\/v2\/media?parent=51168"}],"wp:term":[{"taxonomy":"product_cat","embeddable":true,"href":"https:\/\/mouldking.store\/fr\/wp-json\/wp\/v2\/product_cat?post=51168"},{"taxonomy":"product_tag","embeddable":true,"href":"https:\/\/mouldking.store\/fr\/wp-json\/wp\/v2\/product_tag?post=51168"}],"curies":[{"name":"wp","href":"https:\/\/api.w.org\/{rel}","templated":true}]}}