{"id":51833,"date":"2023-10-18T12:38:00","date_gmt":"2023-10-18T05:38:00","guid":{"rendered":"https:\/\/mouldking.store\/shop\/keeppley-20211-pokemon-music-box-with-500-pieces\/"},"modified":"2023-10-18T12:38:00","modified_gmt":"2023-10-18T05:38:00","slug":"keeppley-20211-pokemon-music-box-with-500-pieces","status":"publish","type":"product","link":"https:\/\/mouldking.store\/fr\/shop\/keeppley-20211-pokemon-music-box-with-500-pieces\/","title":{"rendered":"Keeppley 20211 Pokemon Music Box with 500 Pieces"},"content":{"rendered":"<div>\u2705 Keeppley 20211 Pokemon Music Box<br \/>&nbsp;<br \/>\u2705A &#8220;Pokemon Music Box&#8221; is a music box that features melodies, tunes, or themes from the Pok\u00e9mon franchise. Music boxes are mechanical devices that play music when wound up, often using a rotating cylinder or disc with pins that pluck tuned metal teeth or prongs.<br \/>&nbsp;<br \/>\ud83d\udeabIMPORTANT !&nbsp;<br \/>&nbsp;<br \/>Product Name: Pokemon Music Box<br \/>&nbsp;<br \/>Cat\u00e9gorie\u00a0: Cr\u00e9ateur&nbsp;<br \/>&nbsp;<br \/>This Kit Contains: Keeppley 20211<br \/>&nbsp;<br \/>500 briques de bonne qualit\u00e9.&nbsp;<br \/>&nbsp;<br \/>Size:&nbsp; 9 \u00d7 9 \u00d7 17 cm<br \/>&nbsp;<br \/>Instructions manuelles&nbsp;<br \/>&nbsp;<br \/>\ud83d\udcccNature du protagoniste&nbsp;<br \/>&nbsp;<br \/>Introducing our proud collection named \u201cPokemon Music Box\u201d you should not miss.&nbsp;<br \/>&nbsp;<br \/>The specific tunes or themes played in a Pok\u00e9mon music box may vary, but some common choices might include the main Pok\u00e9mon theme song, various music from the Pok\u00e9mon video games or animated series, or iconic tunes associated with specific Pok\u00e9mon characters.<\/div>","protected":false},"excerpt":{"rendered":"<p>Brand: Keeppley<br \/>\nGenre: Unisexe<br \/>\nTranche d&#039;\u00e2ge : &gt; 6 ans<br \/>\nModel Number: 20211<br \/>\nClassement : Assemblage<br \/>\nForme de bloc en plastique\u00a0: briques autobloquantes<br \/>\nMat\u00e9riel: Plastique<br \/>\nType de plastique : ABS<br \/>\nBlocs de briques : 500 +<br \/>\nPas de boite d&#039;origine<\/p>","protected":false},"featured_media":51828,"comment_status":"open","ping_status":"closed","template":"","meta":{"_acf_changed":false},"product_cat":[1365,1769,371,581,1408],"product_tag":[11072,8452,9139,434,1465,1370,11454,12779],"class_list":["product","first","instock","shipping-taxable","purchasable","product-type-simple"],"acf":[],"_links":{"self":[{"href":"https:\/\/mouldking.store\/fr\/wp-json\/wp\/v2\/product\/51833","targetHints":{"allow":["GET"]}}],"collection":[{"href":"https:\/\/mouldking.store\/fr\/wp-json\/wp\/v2\/product"}],"about":[{"href":"https:\/\/mouldking.store\/fr\/wp-json\/wp\/v2\/types\/product"}],"replies":[{"embeddable":true,"href":"https:\/\/mouldking.store\/fr\/wp-json\/wp\/v2\/comments?post=51833"}],"wp:featuredmedia":[{"embeddable":true,"href":"https:\/\/mouldking.store\/fr\/wp-json\/wp\/v2\/media\/51828"}],"wp:attachment":[{"href":"https:\/\/mouldking.store\/fr\/wp-json\/wp\/v2\/media?parent=51833"}],"wp:term":[{"taxonomy":"product_cat","embeddable":true,"href":"https:\/\/mouldking.store\/fr\/wp-json\/wp\/v2\/product_cat?post=51833"},{"taxonomy":"product_tag","embeddable":true,"href":"https:\/\/mouldking.store\/fr\/wp-json\/wp\/v2\/product_tag?post=51833"}],"curies":[{"name":"wp","href":"https:\/\/api.w.org\/{rel}","templated":true}]}}