{"id":52546,"date":"2023-11-06T18:39:04","date_gmt":"2023-11-06T11:39:04","guid":{"rendered":"https:\/\/mouldking.store\/shop\/moc-factory-89223-zootopia-judy-hoppes-with-275-pieces-2\/"},"modified":"2025-12-16T20:59:20","modified_gmt":"2025-12-16T13:59:20","slug":"moc-factory-89223-zootopia-judy-hoppes-with-275-pieces-2","status":"publish","type":"product","link":"https:\/\/mouldking.store\/fr\/shop\/moc-factory-89223-zootopia-judy-hoppes-with-275-pieces-2\/","title":{"rendered":"MOC Factory 89223 Zootopia Judy Hoppes avec 275 pi\u00e8ces"},"content":{"rendered":"<div>\u2705MOC-89223 Zootopie Judy Hoppes<\/p>\n<p>\u2705Judy Hopps est un personnage fictif du film d&#039;animation Disney \u00ab Zootopie \u00bb (sorti dans certaines r\u00e9gions sous le nom de \u00ab Zootropolis \u00bb). Elle est la principale protagoniste du film et est doubl\u00e9e par l&#039;actrice Ginnifer Goodwin. Judy est une jeune lapine optimiste et d\u00e9termin\u00e9e qui r\u00eave de devenir polici\u00e8re dans la ville de Zootopie, malgr\u00e9 les d\u00e9fis auxquels elle est confront\u00e9e en tant que petite proie dans une ville domin\u00e9e par des esp\u00e8ces de pr\u00e9dateurs plus grandes.<\/p>\n<p>\ud83d\udeabIMPORTANT !<\/p>\n<p>Nom du produit : Zootopie Judy Hoppes<\/p>\n<p>Cat\u00e9gorie : Film<\/p>\n<p>Ce kit contient : C9756<\/p>\n<p>275 briques de bonne qualit\u00e9<\/p>\n<p>Taille: 10,4 x 8,6 x 21,8 cm<\/p>\n<p>Poids : 0,099 kg<\/p>\n<p>Instructions PDF<\/p>\n<p>\ud83d\udcccNature du protagoniste<\/p>\n<p>Nous vous pr\u00e9sentons notre fi\u00e8re collection nomm\u00e9e \u00ab Zootopia Judy Hoppes \u00bb \u00e0 ne pas manquer.<\/p>\n<p>Judy est connue pour son optimisme in\u00e9branlable et sa d\u00e9termination \u00e0 atteindre ses objectifs. Elle est d\u00e9termin\u00e9e \u00e0 rendre le monde meilleur. Judy Hopps devient le premier lapin \u00e0 rejoindre le d\u00e9partement de police de Zootopie. Son parcours consiste \u00e0 briser les st\u00e9r\u00e9otypes et \u00e0 prouver que chacun peut faire la diff\u00e9rence. Zootopie est une m\u00e9tropole tentaculaire o\u00f9 cohabitent des animaux anthropomorphes de toutes les esp\u00e8ces. L&#039;histoire de Judy se d\u00e9roule dans cette ville diversifi\u00e9e et dynamique. Tout au long du film, Judy forme un partenariat improbable avec Nick Wilde, un renard rus\u00e9. Ensemble, ils s&#039;efforcent de r\u00e9soudre un myst\u00e8re impliquant des animaux disparus.<\/p><\/div>","protected":false},"excerpt":{"rendered":"<p>Marque : MOC Factory<br \/>\nGenre: Unisexe<br \/>\nTranche d&#039;\u00e2ge : &gt; 6 ans<br \/>\nNum\u00e9ro de mod\u00e8le : 89223<br \/>\nClassement : Assemblage<br \/>\nForme de bloc en plastique\u00a0: briques autobloquantes<br \/>\nMat\u00e9riel: Plastique<br \/>\nType de plastique : ABS<br \/>\nBlocs de briques : 275 +<br \/>\nPas de boite d&#039;origine<\/p>","protected":false},"featured_media":52528,"comment_status":"open","ping_status":"closed","template":"","meta":{"_acf_changed":false},"product_cat":[1365,371,581,1408],"product_tag":[11110,11072,8452,12822,12821,434,6677,12820],"class_list":["product","first","instock","shipping-taxable","purchasable","product-type-simple"],"acf":[],"_links":{"self":[{"href":"https:\/\/mouldking.store\/fr\/wp-json\/wp\/v2\/product\/52546","targetHints":{"allow":["GET"]}}],"collection":[{"href":"https:\/\/mouldking.store\/fr\/wp-json\/wp\/v2\/product"}],"about":[{"href":"https:\/\/mouldking.store\/fr\/wp-json\/wp\/v2\/types\/product"}],"replies":[{"embeddable":true,"href":"https:\/\/mouldking.store\/fr\/wp-json\/wp\/v2\/comments?post=52546"}],"wp:featuredmedia":[{"embeddable":true,"href":"https:\/\/mouldking.store\/fr\/wp-json\/wp\/v2\/media\/52528"}],"wp:attachment":[{"href":"https:\/\/mouldking.store\/fr\/wp-json\/wp\/v2\/media?parent=52546"}],"wp:term":[{"taxonomy":"product_cat","embeddable":true,"href":"https:\/\/mouldking.store\/fr\/wp-json\/wp\/v2\/product_cat?post=52546"},{"taxonomy":"product_tag","embeddable":true,"href":"https:\/\/mouldking.store\/fr\/wp-json\/wp\/v2\/product_tag?post=52546"}],"curies":[{"name":"wp","href":"https:\/\/api.w.org\/{rel}","templated":true}]}}