{"id":53224,"date":"2023-11-21T18:50:49","date_gmt":"2023-11-21T11:50:49","guid":{"rendered":"https:\/\/mouldking.store\/shop\/mork-031074-forest-cabin-with-1645-pieces\/"},"modified":"2023-11-21T18:50:49","modified_gmt":"2023-11-21T11:50:49","slug":"mork-031074-forest-cabin-with-1645-pieces","status":"publish","type":"product","link":"https:\/\/mouldking.store\/fr\/shop\/mork-031074-forest-cabin-with-1645-pieces\/","title":{"rendered":"MORK 031074 Forest Cabin with 1645 Pieces"},"content":{"rendered":"<div>\u2705 Mork 031074 Forest Cabin<br \/>&nbsp;<br \/>\u2705A forest cabin typically refers to a small dwelling located in a wooded or forested area. These cabins are often associated with a rustic and natural setting, providing an escape from urban life and offering a peaceful retreat surrounded by nature.&nbsp;<br \/>&nbsp;<br \/>\ud83d\udeabIMPORTANT !&nbsp;<br \/>&nbsp;<br \/>Product Name: Forest Cabin<br \/>&nbsp;<br \/>Cat\u00e9gorie\u00a0: Cr\u00e9ateur&nbsp;<br \/>&nbsp;<br \/>This Kit Contains: Mork 031074&nbsp;<br \/>&nbsp;<br \/>1645 pcs Good Quality Bricks&nbsp;<br \/>&nbsp;<br \/>Size: 37.5 \u00d7 22 \u00d7 22 cm<br \/>&nbsp;<br \/>Instructions manuelles&nbsp;<br \/>&nbsp;<br \/>\ud83d\udcccNature du protagoniste&nbsp;<br \/>&nbsp;<br \/>Vous ne devriez pas manquer la pr\u00e9sentation de notre fi\u00e8re collection nomm\u00e9e &quot;Forest Cabin&quot;.&nbsp;<br \/>&nbsp;<br \/>Forest cabins are situated in or near wooded areas, often away from urban centers. The location allows residents or visitors to enjoy the tranquility and beauty of the forest environment. Forest cabins are usually small to medium-sized structures with a design that complements the natural surroundings. They may have a rustic appearance, using materials such as wood and stone to blend with the forest environment. Forest cabins serve various purposes, including vacation getaways, weekend retreats, or even year-round residences for those who prefer a secluded and nature-centric lifestyle.<\/div>","protected":false},"excerpt":{"rendered":"<p>Marque : MORK<br \/>\nGenre: Unisexe<br \/>\nTranche d&#039;\u00e2ge : &gt; 6 ans<br \/>\nModel Number: 031074<br \/>\nClassement : Assemblage<br \/>\nForme de bloc en plastique\u00a0: briques autobloquantes<br \/>\nMat\u00e9riel: Plastique<br \/>\nType de plastique : ABS<br \/>\nBricks Blocks: 1645 +<br \/>\nPas de boite d&#039;origine<\/p>","protected":false},"featured_media":53210,"comment_status":"open","ping_status":"closed","template":"","meta":{"_acf_changed":false},"product_cat":[1365,1395,371,390],"product_tag":[11072,8452,8857,3727,392],"class_list":["product","first","instock","shipping-taxable","purchasable","product-type-simple"],"acf":[],"_links":{"self":[{"href":"https:\/\/mouldking.store\/fr\/wp-json\/wp\/v2\/product\/53224","targetHints":{"allow":["GET"]}}],"collection":[{"href":"https:\/\/mouldking.store\/fr\/wp-json\/wp\/v2\/product"}],"about":[{"href":"https:\/\/mouldking.store\/fr\/wp-json\/wp\/v2\/types\/product"}],"replies":[{"embeddable":true,"href":"https:\/\/mouldking.store\/fr\/wp-json\/wp\/v2\/comments?post=53224"}],"wp:featuredmedia":[{"embeddable":true,"href":"https:\/\/mouldking.store\/fr\/wp-json\/wp\/v2\/media\/53210"}],"wp:attachment":[{"href":"https:\/\/mouldking.store\/fr\/wp-json\/wp\/v2\/media?parent=53224"}],"wp:term":[{"taxonomy":"product_cat","embeddable":true,"href":"https:\/\/mouldking.store\/fr\/wp-json\/wp\/v2\/product_cat?post=53224"},{"taxonomy":"product_tag","embeddable":true,"href":"https:\/\/mouldking.store\/fr\/wp-json\/wp\/v2\/product_tag?post=53224"}],"curies":[{"name":"wp","href":"https:\/\/api.w.org\/{rel}","templated":true}]}}