{"id":53496,"date":"2023-12-01T14:16:16","date_gmt":"2023-12-01T07:16:16","guid":{"rendered":"https:\/\/mouldking.store\/shop\/mange-9189-christmas-tree-music-box-with-812-pieces\/"},"modified":"2023-12-01T14:16:16","modified_gmt":"2023-12-01T07:16:16","slug":"mange-9189-christmas-tree-music-box-with-812-pieces","status":"publish","type":"product","link":"https:\/\/mouldking.store\/fr\/shop\/mange-9189-christmas-tree-music-box-with-812-pieces\/","title":{"rendered":"MANGE 9189 Bo\u00eete \u00e0 musique Sapin de No\u00ebl avec 812 pi\u00e8ces"},"content":{"rendered":"<div>\u2705 MANGE 9189 Bo\u00eete \u00e0 musique Sapin de No\u00ebl<br \/>&nbsp;<br \/>\u2705Une bo\u00eete \u00e0 musique en forme de sapin de No\u00ebl est un objet d\u00e9coratif charmant et festif qui allie le charme d&#039;un sapin de No\u00ebl traditionnel aux m\u00e9lodies enchanteresses d&#039;une bo\u00eete \u00e0 musique.&nbsp;<br \/>&nbsp;<br \/>\ud83d\udeabIMPORTANT !&nbsp;<br \/>&nbsp;<br \/>Nom du produit : Bo\u00eete \u00e0 musique sapin de No\u00ebl<br \/>&nbsp;<br \/>Cat\u00e9gorie\u00a0: Cr\u00e9ateur&nbsp;<br \/>&nbsp;<br \/>Ce kit contient : MANGE 9189<br \/>&nbsp;<br \/>812 briques de bonne qualit\u00e9&nbsp;<br \/>&nbsp;<br \/>Dimensions : 18 \u00d7 18 \u00d7 25 cm<br \/>&nbsp;<br \/>Instructions manuelles&nbsp;<br \/>&nbsp;<br \/>\ud83d\udcccNature du protagoniste&nbsp;<br \/>&nbsp;<br \/>D\u00e9couvrez notre collection \u00ab Bo\u00eete \u00e0 musique Sapin de No\u00ebl \u00bb, un v\u00e9ritable coup de c\u0153ur !&nbsp;<br \/>&nbsp;<br \/>Qu&#039;elle soit plac\u00e9e au centre d&#039;une table de f\u00eate ou expos\u00e9e \u00e0 un endroit bien en vue dans la maison, la bo\u00eete \u00e0 musique en forme de sapin de No\u00ebl ajoute une touche de magie et de nostalgie aux f\u00eates de fin d&#039;ann\u00e9e.<\/div>","protected":false},"excerpt":{"rendered":"<p>Marque : MANGE<br \/>\nGenre: Unisexe<br \/>\nTranche d&#039;\u00e2ge : &gt; 6 ans<br \/>\nNum\u00e9ro de mod\u00e8le : 9189<br \/>\nClassement : Assemblage<br \/>\nForme de bloc en plastique\u00a0: briques autobloquantes<br \/>\nMat\u00e9riel: Plastique<br \/>\nType de plastique : ABS<br \/>\nBlocs de briques : 812 +<br \/>\nPas de boite d&#039;origine<\/p>","protected":false},"author":83,"featured_media":53490,"comment_status":"open","ping_status":"closed","template":"","meta":{"_acf_changed":false},"product_cat":[1365,371],"product_tag":[1066,3381,11072,8452,1370],"class_list":["product","first","instock","shipping-taxable","purchasable","product-type-simple"],"acf":[],"_links":{"self":[{"href":"https:\/\/mouldking.store\/fr\/wp-json\/wp\/v2\/product\/53496","targetHints":{"allow":["GET"]}}],"collection":[{"href":"https:\/\/mouldking.store\/fr\/wp-json\/wp\/v2\/product"}],"about":[{"href":"https:\/\/mouldking.store\/fr\/wp-json\/wp\/v2\/types\/product"}],"author":[{"embeddable":true,"href":"https:\/\/mouldking.store\/fr\/wp-json\/wp\/v2\/users\/83"}],"replies":[{"embeddable":true,"href":"https:\/\/mouldking.store\/fr\/wp-json\/wp\/v2\/comments?post=53496"}],"wp:featuredmedia":[{"embeddable":true,"href":"https:\/\/mouldking.store\/fr\/wp-json\/wp\/v2\/media\/53490"}],"wp:attachment":[{"href":"https:\/\/mouldking.store\/fr\/wp-json\/wp\/v2\/media?parent=53496"}],"wp:term":[{"taxonomy":"product_cat","embeddable":true,"href":"https:\/\/mouldking.store\/fr\/wp-json\/wp\/v2\/product_cat?post=53496"},{"taxonomy":"product_tag","embeddable":true,"href":"https:\/\/mouldking.store\/fr\/wp-json\/wp\/v2\/product_tag?post=53496"}],"curies":[{"name":"wp","href":"https:\/\/api.w.org\/{rel}","templated":true}]}}