{"id":53507,"date":"2023-12-01T14:16:37","date_gmt":"2023-12-01T07:16:37","guid":{"rendered":"https:\/\/mouldking.store\/shop\/magic-square-9188-crystal-christmas-tree-music-box-with-600-pieces\/"},"modified":"2025-01-09T10:37:27","modified_gmt":"2025-01-09T03:37:27","slug":"magic-square-9188-crystal-christmas-tree-music-box-with-600-pieces","status":"publish","type":"product","link":"https:\/\/mouldking.store\/fr\/shop\/magic-square-9188-crystal-christmas-tree-music-box-with-600-pieces\/","title":{"rendered":"Bo\u00eete \u00e0 musique sapin de No\u00ebl en cristal MAGIC SQUARE 9188 avec 600 pi\u00e8ces"},"content":{"rendered":"<div>\u2705MANGE 9188 Crystal Christmas Tree Music Box<br \/>&nbsp;<br \/>\u2705A Crystal Christmas Tree Music Box is an elegant and enchanting decorative piece that combines the festive charm of a Christmas tree with the beauty of crystal and the delightful melodies of a music box.&nbsp;<br \/>&nbsp;<br \/>\ud83d\udeabIMPORTANT !&nbsp;<br \/>&nbsp;<br \/>Product Name: Crystal Christmas Tree Music Box<br \/>&nbsp;<br \/>Cat\u00e9gorie\u00a0: Cr\u00e9ateur&nbsp;<\/p>\n<p>This kit contains: MANGE 9188&nbsp;<br \/>&nbsp;<br \/>600 pcs Good Quality Bricks&nbsp;<br \/>&nbsp;<br \/>Size: 14 \u00d7 14 \u00d7 29 cm<br \/>&nbsp;<br \/>Instructions manuelles&nbsp;<br \/>&nbsp;<br \/>\ud83d\udcccNature du protagoniste&nbsp;<br \/>&nbsp;<br \/>Introducing our proud collection named \u201cCrystal Christmas Tree Music Box\u201d you should not miss.&nbsp;<br \/>&nbsp;<br \/>The crystal tree is elegantly mounted on a sturdy base, also made of crystal or another complementary material. Given its exquisite craftsmanship and unique design, the Crystal Christmas Tree Music Box could be sought after by collectors who appreciate fine holiday decor.<\/div>","protected":false},"excerpt":{"rendered":"<p>Brand: MAGIC SQUARE<br \/>\nGenre: Unisexe<br \/>\nTranche d&#039;\u00e2ge : &gt; 6 ans<br \/>\nModel Number: 9188<br \/>\nClassement : Assemblage<br \/>\nForme de bloc en plastique\u00a0: briques autobloquantes<br \/>\nMat\u00e9riel: Plastique<br \/>\nType de plastique : ABS<br \/>\nBricks Blocks: 600 +<br \/>\nPas de boite d&#039;origine<br \/>\nLes pi\u00e8ces peuvent changer<\/p>","protected":false},"featured_media":53497,"comment_status":"open","ping_status":"closed","template":"","meta":{"_acf_changed":false},"product_cat":[1365,371],"product_tag":[1066,3381,11072,8452,729,1370],"class_list":["product","first","outofstock","shipping-taxable","purchasable","product-type-simple"],"acf":[],"_links":{"self":[{"href":"https:\/\/mouldking.store\/fr\/wp-json\/wp\/v2\/product\/53507","targetHints":{"allow":["GET"]}}],"collection":[{"href":"https:\/\/mouldking.store\/fr\/wp-json\/wp\/v2\/product"}],"about":[{"href":"https:\/\/mouldking.store\/fr\/wp-json\/wp\/v2\/types\/product"}],"replies":[{"embeddable":true,"href":"https:\/\/mouldking.store\/fr\/wp-json\/wp\/v2\/comments?post=53507"}],"wp:featuredmedia":[{"embeddable":true,"href":"https:\/\/mouldking.store\/fr\/wp-json\/wp\/v2\/media\/53497"}],"wp:attachment":[{"href":"https:\/\/mouldking.store\/fr\/wp-json\/wp\/v2\/media?parent=53507"}],"wp:term":[{"taxonomy":"product_cat","embeddable":true,"href":"https:\/\/mouldking.store\/fr\/wp-json\/wp\/v2\/product_cat?post=53507"},{"taxonomy":"product_tag","embeddable":true,"href":"https:\/\/mouldking.store\/fr\/wp-json\/wp\/v2\/product_tag?post=53507"}],"curies":[{"name":"wp","href":"https:\/\/api.w.org\/{rel}","templated":true}]}}