{"id":55087,"date":"2024-02-06T18:31:09","date_gmt":"2024-02-06T11:31:09","guid":{"rendered":"https:\/\/mouldking.store\/shop\/mork-033002-medieval-tavern-with-3451-pieces\/"},"modified":"2024-02-06T18:31:15","modified_gmt":"2024-02-06T11:31:15","slug":"mork-033002-medieval-tavern-with-3451-pieces","status":"publish","type":"product","link":"https:\/\/mouldking.store\/fr\/shop\/mork-033002-medieval-tavern-with-3451-pieces\/","title":{"rendered":"MORK 033002 Taverne m\u00e9di\u00e9vale avec 3451 pi\u00e8ces"},"content":{"rendered":"<div>\u2705 XMORK 033002 Medieval Tavern<br \/>&nbsp;<br \/>\u2705A medieval tavern conjures images of a rustic, dimly lit establishment where travelers, peasants, and nobles alike gather to eat, drink, and socialize.<br \/>&nbsp;<br \/>\ud83d\udeabIMPORTANT !&nbsp;<br \/>&nbsp;<br \/>Nom du produit : Taverne m\u00e9di\u00e9vale<br \/>&nbsp;<br \/>Cat\u00e9gorie : Construction Modulaire<br \/>&nbsp;<br \/>This Kit Contains: XMORK 033002&nbsp;<br \/>&nbsp;<br \/>3451 pcs Good Quality Bricks&nbsp;<br \/>&nbsp;<br \/>Size:&nbsp; 29 \u00d7 27 \u00d7 29.4 cm<br \/>&nbsp;<br \/>Instructions manuelles&nbsp;<br \/>&nbsp;<br \/>\ud83d\udcccNature du protagoniste&nbsp;<br \/>&nbsp;<br \/>Introducing our proud collection named \u201cMedieval Tavern\u201d you should not miss.&nbsp;<br \/>&nbsp;<br \/>A medieval tavern is a vibrant and bustling place, where people from all walks of life come together to eat, drink, and be merry, forging bonds of camaraderie and community in an uncertain world.<\/div>","protected":false},"excerpt":{"rendered":"<p>Marque : MORK<br \/>\nGenre: Unisexe<br \/>\nTranche d&#039;\u00e2ge : &gt; 6 ans<br \/>\nModel Number: 033002<br \/>\nClassement : Assemblage<br \/>\nForme de bloc en plastique\u00a0: briques autobloquantes<br \/>\nMat\u00e9riel: Plastique<br \/>\nType de plastique : ABS<br \/>\nBricks Blocks: 3451 +<br \/>\nPas de boite d&#039;origine<\/p>","protected":false},"featured_media":55086,"comment_status":"open","ping_status":"closed","template":"","meta":{"_acf_changed":false},"product_cat":[1365,1395,371,390],"product_tag":[11072,8452,4996,392,11107],"class_list":["product","first","instock","shipping-taxable","purchasable","product-type-simple"],"acf":[],"_links":{"self":[{"href":"https:\/\/mouldking.store\/fr\/wp-json\/wp\/v2\/product\/55087","targetHints":{"allow":["GET"]}}],"collection":[{"href":"https:\/\/mouldking.store\/fr\/wp-json\/wp\/v2\/product"}],"about":[{"href":"https:\/\/mouldking.store\/fr\/wp-json\/wp\/v2\/types\/product"}],"replies":[{"embeddable":true,"href":"https:\/\/mouldking.store\/fr\/wp-json\/wp\/v2\/comments?post=55087"}],"wp:featuredmedia":[{"embeddable":true,"href":"https:\/\/mouldking.store\/fr\/wp-json\/wp\/v2\/media\/55086"}],"wp:attachment":[{"href":"https:\/\/mouldking.store\/fr\/wp-json\/wp\/v2\/media?parent=55087"}],"wp:term":[{"taxonomy":"product_cat","embeddable":true,"href":"https:\/\/mouldking.store\/fr\/wp-json\/wp\/v2\/product_cat?post=55087"},{"taxonomy":"product_tag","embeddable":true,"href":"https:\/\/mouldking.store\/fr\/wp-json\/wp\/v2\/product_tag?post=55087"}],"curies":[{"name":"wp","href":"https:\/\/api.w.org\/{rel}","templated":true}]}}