{"id":55092,"date":"2024-02-06T18:31:14","date_gmt":"2024-02-06T11:31:14","guid":{"rendered":"https:\/\/mouldking.store\/shop\/sembo-605035-lucky-lion-holding-blessing-chinese-culture-with-665-pieces\/"},"modified":"2024-02-06T18:31:20","modified_gmt":"2024-02-06T11:31:20","slug":"sembo-605035-lucky-lion-holding-blessing-chinese-culture-with-665-pieces","status":"publish","type":"product","link":"https:\/\/mouldking.store\/fr\/shop\/sembo-605035-lucky-lion-holding-blessing-chinese-culture-with-665-pieces\/","title":{"rendered":"SEMBO 605035 Lion porte-bonheur tenant une b\u00e9n\u00e9diction, culture chinoise, avec 665 pi\u00e8ces"},"content":{"rendered":"<div>\u2705 SEMBO 605035 Lucky Lion Holding Blessing Chinese Culture<br \/>&nbsp;<br \/>\u2705The &#8220;Lucky Lion Holding Blessing&#8221; is a concept deeply rooted in Chinese culture, particularly associated with traditional lion dances performed during festive occasions such as Chinese New Year, grand openings of businesses, or other celebratory events.<br \/>&nbsp;<br \/>\ud83d\udeabIMPORTANT !&nbsp;<br \/>&nbsp;<br \/>Product Name: Lucky Lion Holding Blessing Chinese Culture<br \/>&nbsp;<br \/>Cat\u00e9gorie\u00a0: Cr\u00e9ateur&nbsp;<br \/>&nbsp;<br \/>This Kit Contains:&nbsp; SEMBO 605035<br \/>&nbsp;<br \/>665 pcs Good Quality Bricks&nbsp;<br \/>&nbsp;<br \/>Size: 32 \u00d7 18.2 \u00d7 68.9 cm<br \/>&nbsp;<br \/>Instructions manuelles&nbsp;<br \/>&nbsp;<br \/>\ud83d\udcccNature du protagoniste&nbsp;<br \/>&nbsp;<br \/>Introducing our proud collection named \u201cLucky Lion Holding Blessing Chinese Culture\u201d you should not miss.&nbsp;<br \/>&nbsp;<br \/>In Chinese culture, the lion is a symbol of power, strength, and good fortune. The lion dance, often performed by two dancers within an elaborately crafted lion costume, is believed to ward off evil spirits and bring prosperity and blessings to the community or establishment where it is performed. During the lion dance, the lion may &#8220;hold&#8221; or interact with various symbolic objects, such as oranges, lettuce, or a red envelope containing money. These objects represent different auspicious meanings. Oranges symbolize wealth and good luck, while lettuce represents abundance and prosperity. The red envelope, known as &#8220;hongbao&#8221; or &#8220;lai see,&#8221; contains money and is given as a gift during special occasions to impart good fortune and blessings.<\/div>","protected":false},"excerpt":{"rendered":"<p>Marque : SEMBO<br \/>\nGenre: Unisexe<br \/>\nTranche d&#039;\u00e2ge : &gt; 6 ans<br \/>\nModel Number: 605035<br \/>\nClassement : Assemblage<br \/>\nForme de bloc en plastique\u00a0: briques autobloquantes<br \/>\nMat\u00e9riel: Plastique<br \/>\nType de plastique : ABS<br \/>\nBricks Blocks: 665 +<br \/>\nPas de boite d&#039;origine<\/p>","protected":false},"featured_media":55091,"comment_status":"open","ping_status":"closed","template":"","meta":{"_acf_changed":false},"product_cat":[1365,371],"product_tag":[6462,11072,8452,12282,12675,10453,11077],"class_list":["product","first","instock","shipping-taxable","purchasable","product-type-simple"],"acf":[],"_links":{"self":[{"href":"https:\/\/mouldking.store\/fr\/wp-json\/wp\/v2\/product\/55092","targetHints":{"allow":["GET"]}}],"collection":[{"href":"https:\/\/mouldking.store\/fr\/wp-json\/wp\/v2\/product"}],"about":[{"href":"https:\/\/mouldking.store\/fr\/wp-json\/wp\/v2\/types\/product"}],"replies":[{"embeddable":true,"href":"https:\/\/mouldking.store\/fr\/wp-json\/wp\/v2\/comments?post=55092"}],"wp:featuredmedia":[{"embeddable":true,"href":"https:\/\/mouldking.store\/fr\/wp-json\/wp\/v2\/media\/55091"}],"wp:attachment":[{"href":"https:\/\/mouldking.store\/fr\/wp-json\/wp\/v2\/media?parent=55092"}],"wp:term":[{"taxonomy":"product_cat","embeddable":true,"href":"https:\/\/mouldking.store\/fr\/wp-json\/wp\/v2\/product_cat?post=55092"},{"taxonomy":"product_tag","embeddable":true,"href":"https:\/\/mouldking.store\/fr\/wp-json\/wp\/v2\/product_tag?post=55092"}],"curies":[{"name":"wp","href":"https:\/\/api.w.org\/{rel}","templated":true}]}}