{"id":55249,"date":"2024-02-20T19:03:39","date_gmt":"2024-02-20T12:03:39","guid":{"rendered":"https:\/\/mouldking.store\/shop\/wgc-66034-acropolls-in-athens-with-1988-pieces\/"},"modified":"2024-02-20T19:03:47","modified_gmt":"2024-02-20T12:03:47","slug":"wgc-66034-acropolls-in-athens-with-1988-pieces","status":"publish","type":"product","link":"https:\/\/mouldking.store\/fr\/shop\/wgc-66034-acropolls-in-athens-with-1988-pieces\/","title":{"rendered":"WGC 66034 Acropolls \u00e0 Ath\u00e8nes avec 1988 pi\u00e8ces"},"content":{"rendered":"<div>\u2705WGC 66034 Acropolls In Athens<br \/>&nbsp;<br \/>\u2705The Acropolis of Athens is one of the most iconic landmarks in Greece and a symbol of ancient Greek civilization. Perched high above the city of Athens, the Acropolis is a rocky outcrop crowned with magnificent structures, including the Parthenon, the Erechtheion, the Temple of Athena Nike, and the Propylaea.<br \/>&nbsp;<br \/>\ud83d\udeabIMPORTANT !&nbsp;<br \/>&nbsp;<br \/>Product Name: Acropolls In Athens<br \/>&nbsp;<br \/>Cat\u00e9gorie : Construction Modulaire<br \/>&nbsp;<br \/>This Kit Contains: WGC 66034<br \/>&nbsp;<br \/>1988 pcs Good Quality Bricks&nbsp;<br \/>&nbsp;<br \/>Size: 35 \u00d7 32 \u00d7 16.5 cm<br \/>&nbsp;<br \/>Instructions manuelles&nbsp;<br \/>&nbsp;<br \/>\ud83d\udcccNature du protagoniste&nbsp;<br \/>&nbsp;<br \/>Introducing our proud collection named \u201cAcropolls In Athens\u201d you should not miss.&nbsp;<br \/>&nbsp;<br \/>The Parthenon is perhaps the most famous building on the Acropolis. It was constructed in the 5th century BCE as a temple dedicated to the goddess Athena, the patron deity of Athens. The Parthenon is renowned for its architectural perfection and elaborate decorative features, including its iconic columns and intricate sculptures.&nbsp; Located on the north side of the Acropolis, the Erechtheion is another ancient temple dedicated to various gods and heroes, including Athena and Poseidon. Its most notable feature is the Porch of the Caryatids, a row of six female statues serving as columns.<\/div>","protected":false},"excerpt":{"rendered":"<p>Brand: WGC<br \/>\nGenre: Unisexe<br \/>\nTranche d&#039;\u00e2ge : &gt; 8 ans<br \/>\nModel Number: 66034<br \/>\nClassement : Assemblage<br \/>\nForme de bloc en plastique\u00a0: briques autobloquantes<br \/>\nMat\u00e9riel: Plastique<br \/>\nType de plastique : ABS<br \/>\nBricks Blocks: 1988 +<br \/>\nPas de boite d&#039;origine<\/p>","protected":false},"featured_media":55248,"comment_status":"open","ping_status":"closed","template":"","meta":{"_acf_changed":false},"product_cat":[1365,1395,371,390],"product_tag":[13045,13046,11072,8452,11601,392],"class_list":["product","first","instock","shipping-taxable","purchasable","product-type-simple"],"acf":[],"_links":{"self":[{"href":"https:\/\/mouldking.store\/fr\/wp-json\/wp\/v2\/product\/55249","targetHints":{"allow":["GET"]}}],"collection":[{"href":"https:\/\/mouldking.store\/fr\/wp-json\/wp\/v2\/product"}],"about":[{"href":"https:\/\/mouldking.store\/fr\/wp-json\/wp\/v2\/types\/product"}],"replies":[{"embeddable":true,"href":"https:\/\/mouldking.store\/fr\/wp-json\/wp\/v2\/comments?post=55249"}],"wp:featuredmedia":[{"embeddable":true,"href":"https:\/\/mouldking.store\/fr\/wp-json\/wp\/v2\/media\/55248"}],"wp:attachment":[{"href":"https:\/\/mouldking.store\/fr\/wp-json\/wp\/v2\/media?parent=55249"}],"wp:term":[{"taxonomy":"product_cat","embeddable":true,"href":"https:\/\/mouldking.store\/fr\/wp-json\/wp\/v2\/product_cat?post=55249"},{"taxonomy":"product_tag","embeddable":true,"href":"https:\/\/mouldking.store\/fr\/wp-json\/wp\/v2\/product_tag?post=55249"}],"curies":[{"name":"wp","href":"https:\/\/api.w.org\/{rel}","templated":true}]}}