{"id":55748,"date":"2024-03-05T13:07:16","date_gmt":"2024-03-05T06:07:16","guid":{"rendered":"https:\/\/mouldking.store\/shop\/moc-factory-89164-the-fifth-element-floating-police-car-with-1855-pieces\/"},"modified":"2025-12-16T20:59:13","modified_gmt":"2025-12-16T13:59:13","slug":"moc-factory-89164-the-fifth-element-floating-police-car-with-1855-pieces","status":"publish","type":"product","link":"https:\/\/mouldking.store\/fr\/shop\/moc-factory-89164-the-fifth-element-floating-police-car-with-1855-pieces\/","title":{"rendered":"MOC Factory 89164 Voiture de police flottante du cinqui\u00e8me \u00e9l\u00e9ment avec 1855 pi\u00e8ces"},"content":{"rendered":"<div>\u2705 MOC-89164 The Fifth Element Floating Police Car<\/p>\n<p>\u2705The floating police car featured in the movie &#8220;The Fifth Element&#8221; is an iconic and visually striking vehicle that captures the futuristic aesthetic of the film&#8217;s setting.<\/p>\n<p>\ud83d\udeabIMPORTANT !<\/p>\n<p>Product Name: The Fifth Element Floating Police Car<\/p>\n<p>Cat\u00e9gorie : Technique<\/p>\n<p>This Kit Contains: C9804<\/p>\n<p>1855 pcs Good Quality Bricks<\/p>\n<p>Size:&nbsp; 30 x 14.8 x 14.6 cm<\/p>\n<p>Weight: 1.59 kg<\/p>\n<p>Instructions PDF<\/p>\n<p>\ud83d\udcccNature du protagoniste<\/p>\n<p>Introducing our proud collection named \u201cThe Fifth Element Floating Police Car\u201d you should not miss.<\/p>\n<p>The floating police car, officially known as the &#8220;FAP&#8221; (Future Air Police) vehicle, has a sleek and aerodynamic design with curved lines and smooth contours. It features a distinctive blue-and-white color scheme, with flashing lights and police insignia adding to its authoritative appearance.&nbsp; In the world of &#8220;The Fifth Element,&#8221; vehicles are equipped with anti-gravity technology that allows them to hover and maneuver through the air with ease. The floating police car exemplifies this advanced technology, gliding effortlessly above the bustling city streets.<\/p><\/div>","protected":false},"excerpt":{"rendered":"<p>Marque : MOC Factory<br \/>\nGenre: Unisexe<br \/>\nTranche d&#039;\u00e2ge : &gt; 6 ans<br \/>\nModel Number: 89164<br \/>\nClassement : Assemblage<br \/>\nForme de bloc en plastique\u00a0: briques autobloquantes<br \/>\nMat\u00e9riel: Plastique<br \/>\nType de plastique : ABS<br \/>\nBricks Blocks: 1855 +<br \/>\nPas de boite d&#039;origine<\/p>","protected":false},"featured_media":55747,"comment_status":"open","ping_status":"closed","template":"","meta":{"_acf_changed":false},"product_cat":[1360,1357,364,1875],"product_tag":[457,13080,13081,5660,4641,389,11080],"class_list":["product","first","instock","shipping-taxable","purchasable","product-type-simple"],"acf":[],"_links":{"self":[{"href":"https:\/\/mouldking.store\/fr\/wp-json\/wp\/v2\/product\/55748","targetHints":{"allow":["GET"]}}],"collection":[{"href":"https:\/\/mouldking.store\/fr\/wp-json\/wp\/v2\/product"}],"about":[{"href":"https:\/\/mouldking.store\/fr\/wp-json\/wp\/v2\/types\/product"}],"replies":[{"embeddable":true,"href":"https:\/\/mouldking.store\/fr\/wp-json\/wp\/v2\/comments?post=55748"}],"wp:featuredmedia":[{"embeddable":true,"href":"https:\/\/mouldking.store\/fr\/wp-json\/wp\/v2\/media\/55747"}],"wp:attachment":[{"href":"https:\/\/mouldking.store\/fr\/wp-json\/wp\/v2\/media?parent=55748"}],"wp:term":[{"taxonomy":"product_cat","embeddable":true,"href":"https:\/\/mouldking.store\/fr\/wp-json\/wp\/v2\/product_cat?post=55748"},{"taxonomy":"product_tag","embeddable":true,"href":"https:\/\/mouldking.store\/fr\/wp-json\/wp\/v2\/product_tag?post=55748"}],"curies":[{"name":"wp","href":"https:\/\/api.w.org\/{rel}","templated":true}]}}