{"id":55779,"date":"2024-03-05T18:33:38","date_gmt":"2024-03-05T11:33:38","guid":{"rendered":"https:\/\/mouldking.store\/shop\/mork-033033-medieval-tavern-with-1872-pieces\/"},"modified":"2024-03-05T18:33:41","modified_gmt":"2024-03-05T11:33:41","slug":"mork-033033-medieval-tavern-with-1872-pieces","status":"publish","type":"product","link":"https:\/\/mouldking.store\/fr\/shop\/mork-033033-medieval-tavern-with-1872-pieces\/","title":{"rendered":"MORK 033033 Taverne m\u00e9di\u00e9vale avec 1872 pi\u00e8ces"},"content":{"rendered":"<div>\u2705XMORK 033033 Taverne m\u00e9di\u00e9vale<\/p>\n<p>\u2705Une taverne m\u00e9di\u00e9vale est un \u00e9tablissement \u00e0 th\u00e8me con\u00e7u pour recr\u00e9er l&#039;atmosph\u00e8re d&#039;une taverne traditionnelle du Moyen \u00c2ge. Elle peut \u00eatre install\u00e9e dans un b\u00e2timent imitant une auberge m\u00e9di\u00e9vale, avec une charpente \u00e0 colombages, un toit de chaume et des murs en pierre. \u00c0 l&#039;int\u00e9rieur, le d\u00e9cor peut comprendre des meubles en bois massif, des tapisseries repr\u00e9sentant des sc\u00e8nes m\u00e9di\u00e9vales, des armures et des torches ou des bougies pour l&#039;\u00e9clairage.<\/p>\n<p>\ud83d\udeabIMPORTANT !<\/p>\n<p>Nom du produit : Taverne m\u00e9di\u00e9vale<\/p>\n<p>Cat\u00e9gorie : Construction Modulaire<\/p>\n<p>Ce kit contient : XMORK 033033&nbsp;<\/p>\n<p>1872 briques de bonne qualit\u00e9<\/p>\n<p>Dimensions : 22 \u00d7 16,5 \u00d7 27 cm<\/p>\n<p>Instructions manuelles<\/p>\n<p>\ud83d\udcccNature du protagoniste<\/p>\n<p>D\u00e9couvrez notre collection \u00ab Taverne m\u00e9di\u00e9vale \u00bb, dont nous sommes fiers et que vous ne devez absolument pas manquer.<\/p>\n<p>L&#039;atmosph\u00e8re de la Taverne M\u00e9di\u00e9vale serait chaleureuse, accueillante et rustique, avec une ambiance anim\u00e9e et conviviale \u00e9voquant un lieu de rencontre m\u00e9di\u00e9val. Les clients seraient accueillis par des serveurs en costumes d&#039;\u00e9poque et des musiciens jouant une musique traditionnelle sur des instruments comme le luth, la harpe ou la cornemuse. Le menu de la Taverne M\u00e9di\u00e9vale proposerait des plats copieux et traditionnels inspir\u00e9s de la cuisine m\u00e9di\u00e9vale, tels que des viandes r\u00f4ties, des rago\u00fbts, des soupes, du pain, du fromage et de la bi\u00e8re. Les clients pourraient d\u00e9guster des mets comme des cuisses de dinde r\u00f4ties, un rago\u00fbt de b\u0153uf servi dans des bols en pain et des plateaux de fromages et de fruits. La carte des boissons comprendrait une s\u00e9lection de bi\u00e8res, d&#039;hydromels, de vins et de boissons sans alcool servis dans des chopes, des gobelets ou des mugs en bois.<\/p><\/div>","protected":false},"excerpt":{"rendered":"<p>Marque : MORK<br \/>\nGenre: Unisexe<br \/>\nTranche d&#039;\u00e2ge : &gt; 6 ans<br \/>\nNum\u00e9ro de mod\u00e8le : 033033<br \/>\nClassement : Assemblage<br \/>\nForme de bloc en plastique\u00a0: briques autobloquantes<br \/>\nMat\u00e9riel: Plastique<br \/>\nType de plastique : ABS<br \/>\nBlocs de briques : 1872 +<br \/>\nPas de boite d&#039;origine<\/p>","protected":false},"featured_media":55778,"comment_status":"open","ping_status":"closed","template":"","meta":{"_acf_changed":false},"product_cat":[1365,1395,1502,390],"product_tag":[4883,8452,4996,392,11107],"class_list":["product","first","instock","shipping-taxable","purchasable","product-type-simple"],"acf":[],"_links":{"self":[{"href":"https:\/\/mouldking.store\/fr\/wp-json\/wp\/v2\/product\/55779","targetHints":{"allow":["GET"]}}],"collection":[{"href":"https:\/\/mouldking.store\/fr\/wp-json\/wp\/v2\/product"}],"about":[{"href":"https:\/\/mouldking.store\/fr\/wp-json\/wp\/v2\/types\/product"}],"replies":[{"embeddable":true,"href":"https:\/\/mouldking.store\/fr\/wp-json\/wp\/v2\/comments?post=55779"}],"wp:featuredmedia":[{"embeddable":true,"href":"https:\/\/mouldking.store\/fr\/wp-json\/wp\/v2\/media\/55778"}],"wp:attachment":[{"href":"https:\/\/mouldking.store\/fr\/wp-json\/wp\/v2\/media?parent=55779"}],"wp:term":[{"taxonomy":"product_cat","embeddable":true,"href":"https:\/\/mouldking.store\/fr\/wp-json\/wp\/v2\/product_cat?post=55779"},{"taxonomy":"product_tag","embeddable":true,"href":"https:\/\/mouldking.store\/fr\/wp-json\/wp\/v2\/product_tag?post=55779"}],"curies":[{"name":"wp","href":"https:\/\/api.w.org\/{rel}","templated":true}]}}