{"id":56329,"date":"2024-03-06T17:33:06","date_gmt":"2024-03-06T10:33:06","guid":{"rendered":"https:\/\/mouldking.store\/shop\/im-master-6822-weapon-master-dark-tyrannosaurus-with-1158-pieces\/"},"modified":"2024-03-06T17:33:07","modified_gmt":"2024-03-06T10:33:07","slug":"im-master-6822-weapon-master-dark-tyrannosaurus-with-1158-pieces","status":"publish","type":"product","link":"https:\/\/mouldking.store\/fr\/shop\/im-master-6822-weapon-master-dark-tyrannosaurus-with-1158-pieces\/","title":{"rendered":"IM.Master 6822 Weapon Master Dark Tyrannosaurus avec 1158 pi\u00e8ces"},"content":{"rendered":"<div>\u2705IM.Master 6822 Ma\u00eetre des armes Tyrannosaure noir<\/p>\n<p>\u2705 \u00ab\u00a0Ma\u00eetre d&#039;armes, Tyrannosaure noir\u00a0\u00bb semble \u00eatre un concept intrigant, m\u00ealant des \u00e9l\u00e9ments d&#039;armement, de ma\u00eetrise et de cr\u00e9atures pr\u00e9historiques. Son imposante carcasse est blind\u00e9e d&#039;un \u00e9pais blindage et orn\u00e9e de pointes mena\u00e7antes, lui conf\u00e9rant une apparence redoutable et intimidante.<\/p>\n<p>\ud83d\udeabIMPORTANT !<\/p>\n<p>Nom du produit : Weapon Master Dark Tyrannosaurus<\/p>\n<p>Cat\u00e9gorie : Technique<\/p>\n<p>Ce kit contient : IM.Master 6822<\/p>\n<p>1158 briques de bonne qualit\u00e9<\/p>\n<p>Taille : 20,8 \u00d7 10,8 \u00d7 31,8 cm<\/p>\n<p>Instructions manuelles<\/p>\n<p>\ud83d\udcccNature du protagoniste<\/p>\n<p>Nous vous pr\u00e9sentons notre fi\u00e8re collection nomm\u00e9e \u00ab Weapon Master Dark Tyrannosaurus \u00bb \u00e0 ne pas manquer.<\/p>\n<p>Le Tyran Noir et son Ma\u00eetre d&#039;Armes se lancent dans une campagne de conqu\u00eate, cherchant \u00e0 \u00e9tendre leur domination et \u00e0 \u00e9craser quiconque ose s&#039;opposer \u00e0 eux. Ils affrontent des factions rivales, d&#039;anciens gardiens et d&#039;autres puissants adversaires, usant de leur ma\u00eetrise du combat et de l&#039;armement pour remporter la victoire. En conqu\u00e9rant de nouveaux territoires et en surmontant des d\u00e9fis de plus en plus difficiles, ils d\u00e9couvrent de sombres secrets et lib\u00e8rent le v\u00e9ritable potentiel du Ma\u00eetre d&#039;Armes.<\/p><\/div>","protected":false},"excerpt":{"rendered":"<p>Marque : IM.Master<br \/>\nGenre: Unisexe<br \/>\nTranche d&#039;\u00e2ge : &gt; 6 ans<br \/>\nNum\u00e9ro de mod\u00e8le : 6822<br \/>\nClassement : Assemblage<br \/>\nForme de bloc en plastique\u00a0: briques autobloquantes<br \/>\nMat\u00e9riel: Plastique<br \/>\nType de plastique : ABS<br \/>\nBlocs de briques : 1158 +<br \/>\nPas de boite d&#039;origine<\/p>","protected":false},"featured_media":56328,"comment_status":"open","ping_status":"closed","template":"","meta":{"_acf_changed":false},"product_cat":[1357,364],"product_tag":[7133,389,11080,5185,3243],"class_list":["product","first","instock","shipping-taxable","purchasable","product-type-simple"],"acf":[],"_links":{"self":[{"href":"https:\/\/mouldking.store\/fr\/wp-json\/wp\/v2\/product\/56329","targetHints":{"allow":["GET"]}}],"collection":[{"href":"https:\/\/mouldking.store\/fr\/wp-json\/wp\/v2\/product"}],"about":[{"href":"https:\/\/mouldking.store\/fr\/wp-json\/wp\/v2\/types\/product"}],"replies":[{"embeddable":true,"href":"https:\/\/mouldking.store\/fr\/wp-json\/wp\/v2\/comments?post=56329"}],"wp:featuredmedia":[{"embeddable":true,"href":"https:\/\/mouldking.store\/fr\/wp-json\/wp\/v2\/media\/56328"}],"wp:attachment":[{"href":"https:\/\/mouldking.store\/fr\/wp-json\/wp\/v2\/media?parent=56329"}],"wp:term":[{"taxonomy":"product_cat","embeddable":true,"href":"https:\/\/mouldking.store\/fr\/wp-json\/wp\/v2\/product_cat?post=56329"},{"taxonomy":"product_tag","embeddable":true,"href":"https:\/\/mouldking.store\/fr\/wp-json\/wp\/v2\/product_tag?post=56329"}],"curies":[{"name":"wp","href":"https:\/\/api.w.org\/{rel}","templated":true}]}}