{"id":57454,"date":"2024-04-02T10:39:23","date_gmt":"2024-04-02T03:39:23","guid":{"rendered":"https:\/\/mouldking.store\/shop\/beijing-flavor-era-001-23a-classic-beijing-public-transport-vehicles-bus-route-1-with-437-pieces\/"},"modified":"2024-04-17T17:42:10","modified_gmt":"2024-04-17T10:42:10","slug":"beijing-flavor-era-001-23a-classic-beijing-public-transport-vehicles-bus-route-1-with-437-pieces","status":"publish","type":"product","link":"https:\/\/mouldking.store\/fr\/shop\/beijing-flavor-era-001-23a-classic-beijing-public-transport-vehicles-bus-route-1-with-437-pieces\/","title":{"rendered":"Beijing Flavor Era 001-23A V\u00e9hicules de transport public classiques de P\u00e9kin Route de bus 1 avec 437 pi\u00e8ces"},"content":{"rendered":"<div>\u2705Beijing Flavor Era 001-23A V\u00e9hicules de transport public classiques de P\u00e9kin Ligne de bus 1<\/p>\n<p>\u2705La ligne de bus 1 est une ligne de transport public historique et embl\u00e9matique de P\u00e9kin, en Chine. C&#039;est l&#039;une des plus anciennes lignes de bus de la ville et elle rev\u00eat une importance culturelle et historique consid\u00e9rable.<\/p>\n<p>\ud83d\udeabIMPORTANT !<\/p>\n<p>Nom du produit : V\u00e9hicules de transport public classiques de P\u00e9kin, ligne de bus 1<\/p>\n<p>Cat\u00e9gorie : Technique<\/p>\n<p>Ce kit contient : Beijing Flavor Era 001-23A<\/p>\n<p>437 briques de bonne qualit\u00e9<\/p>\n<p>Taille : 43,8 \u00d7 8,4 \u00d7 7,7 cm<\/p>\n<p>Instructions manuelles<\/p>\n<p>\ud83d\udcccNature du protagoniste<\/p>\n<p>Nous vous pr\u00e9sentons notre fi\u00e8re collection intitul\u00e9e \u00ab V\u00e9hicules de transport public classiques de P\u00e9kin, ligne de bus 1 \u00bb, \u00e0 ne pas manquer.<\/p>\n<p>La ligne de bus 1 traverse g\u00e9n\u00e9ralement les principaux monuments et les zones importantes de la ville, offrant des services de transport essentiels aux r\u00e9sidents et aux visiteurs. Au fil des ans, son itin\u00e9raire et son fonctionnement ont subi des modifications pour s&#039;adapter aux besoins changeants du syst\u00e8me de transport de la ville. Les bus circulant sur la ligne 1 ont vari\u00e9 au fil du temps, y compris les mod\u00e8les classiques tels que le Jinghua BK670, le Da Dao Qi T234 et d&#039;autres, selon l&#039;\u00e9poque. Ces bus ont jou\u00e9 un r\u00f4le essentiel pour relier les diff\u00e9rentes parties de P\u00e9kin et faciliter la circulation des personnes dans la ville.<\/p><\/div>","protected":false},"excerpt":{"rendered":"<p>Marque : Beijing Flavor Era<br \/>\nGenre: Unisexe<br \/>\nTranche d&#039;\u00e2ge : &gt; 6 ans<br \/>\nNum\u00e9ro de mod\u00e8le : 001-23A<br \/>\nClassement : Assemblage<br \/>\nForme de bloc en plastique\u00a0: briques autobloquantes<br \/>\nMat\u00e9riel: Plastique<br \/>\nType de plastique : ABS<br \/>\nBlocs de briques : 437 +<br \/>\nPas de boite d&#039;origine<\/p>","protected":false},"featured_media":57981,"comment_status":"open","ping_status":"closed","template":"","meta":{"_acf_changed":false},"product_cat":[1384,1365,1357,364],"product_tag":[12285,4572,11528,11601,13210,389,11396],"class_list":["product","first","instock","shipping-taxable","purchasable","product-type-simple"],"acf":[],"_links":{"self":[{"href":"https:\/\/mouldking.store\/fr\/wp-json\/wp\/v2\/product\/57454","targetHints":{"allow":["GET"]}}],"collection":[{"href":"https:\/\/mouldking.store\/fr\/wp-json\/wp\/v2\/product"}],"about":[{"href":"https:\/\/mouldking.store\/fr\/wp-json\/wp\/v2\/types\/product"}],"replies":[{"embeddable":true,"href":"https:\/\/mouldking.store\/fr\/wp-json\/wp\/v2\/comments?post=57454"}],"wp:featuredmedia":[{"embeddable":true,"href":"https:\/\/mouldking.store\/fr\/wp-json\/wp\/v2\/media\/57981"}],"wp:attachment":[{"href":"https:\/\/mouldking.store\/fr\/wp-json\/wp\/v2\/media?parent=57454"}],"wp:term":[{"taxonomy":"product_cat","embeddable":true,"href":"https:\/\/mouldking.store\/fr\/wp-json\/wp\/v2\/product_cat?post=57454"},{"taxonomy":"product_tag","embeddable":true,"href":"https:\/\/mouldking.store\/fr\/wp-json\/wp\/v2\/product_tag?post=57454"}],"curies":[{"name":"wp","href":"https:\/\/api.w.org\/{rel}","templated":true}]}}