{"id":58124,"date":"2024-05-10T18:05:12","date_gmt":"2024-05-10T11:05:12","guid":{"rendered":"https:\/\/mouldking.store\/shop\/mork-10211-books-city-library-with-2143-pieces\/"},"modified":"2024-05-10T18:05:27","modified_gmt":"2024-05-10T11:05:27","slug":"mork-10211-books-city-library-with-2143-pieces","status":"publish","type":"product","link":"https:\/\/mouldking.store\/fr\/shop\/mork-10211-books-city-library-with-2143-pieces\/","title":{"rendered":"MORK 10211 Books City Library with 2143 Pieces"},"content":{"rendered":"<div>\u2705XMORK 10211 Books City Library<\/p>\n<p>\u2705In this interpretation, the &#8220;Books City Library&#8221; could refer to a library situated within a city renowned for its rich literary heritage. This library might house extensive collections of books, manuscripts, and literary artifacts, celebrating the works of local authors, hosting literary events, and serving as a hub for book lovers and writers alike. It could also feature unique architectural design elements inspired by the city&#8217;s urban landscape or literary landmarks.<\/p>\n<p>\ud83d\udeabIMPORTANT !<\/p>\n<p>Product Name: Books City Library<\/p>\n<p>Category: Modular Buildings<\/p>\n<p>This Kit Contains: XMORK 10211&nbsp;<\/p>\n<p>2143 pcs Good Quality Bricks<\/p>\n<p>Size: 25.5 \u00d7 19 \u00d7 25.5 cm<\/p>\n<p>Instructions manuelles<\/p>\n<p>\ud83d\udcccNature du protagoniste<\/p>\n<p>Introducing our proud collection named \u201cBooks City Library\u201d you should not miss.<\/p>\n<p>Alternatively, the &#8220;Books City Library&#8221; could be a conceptual design for a library that resembles a miniature city. Each section or collection within the library could be represented as a different &#8220;district&#8221; or &#8220;neighborhood,&#8221; with books arranged like buildings lining the &#8220;streets&#8221; or &#8220;avenues.&#8221; Visitors could navigate through the library as if exploring a city, with different genres or topics represented by distinct architectural styles or thematic elements. This creative approach could make browsing for books a truly immersive and memorable experience.<\/p><\/div>","protected":false},"excerpt":{"rendered":"<p>Marque : MORK<br \/>\nGenre: Unisexe<br \/>\nTranche d&#039;\u00e2ge : &gt; 6 ans<br \/>\nModel Number: 10211<br \/>\nClassement : Assemblage<br \/>\nForme de bloc en plastique\u00a0: briques autobloquantes<br \/>\nMat\u00e9riel: Plastique<br \/>\nType de plastique : ABS<br \/>\nBricks Blocks: 2143 +<br \/>\nPas de boite d&#039;origine<br \/>\nLe produit n&#039;inclut pas l&#039;autocollant et les pi\u00e8ces imprim\u00e9es. Toutes les pi\u00e8ces imprim\u00e9es seront remplac\u00e9es par des pi\u00e8ces standard et ne seront pas livr\u00e9es avec des accessoires tiers.<\/p>","protected":false},"featured_media":58123,"comment_status":"open","ping_status":"closed","template":"","meta":{"_acf_changed":false},"product_cat":[1395,1502,390],"product_tag":[11244,4883,12449,5679,392],"class_list":["product","first","instock","shipping-taxable","purchasable","product-type-simple"],"acf":[],"_links":{"self":[{"href":"https:\/\/mouldking.store\/fr\/wp-json\/wp\/v2\/product\/58124","targetHints":{"allow":["GET"]}}],"collection":[{"href":"https:\/\/mouldking.store\/fr\/wp-json\/wp\/v2\/product"}],"about":[{"href":"https:\/\/mouldking.store\/fr\/wp-json\/wp\/v2\/types\/product"}],"replies":[{"embeddable":true,"href":"https:\/\/mouldking.store\/fr\/wp-json\/wp\/v2\/comments?post=58124"}],"wp:featuredmedia":[{"embeddable":true,"href":"https:\/\/mouldking.store\/fr\/wp-json\/wp\/v2\/media\/58123"}],"wp:attachment":[{"href":"https:\/\/mouldking.store\/fr\/wp-json\/wp\/v2\/media?parent=58124"}],"wp:term":[{"taxonomy":"product_cat","embeddable":true,"href":"https:\/\/mouldking.store\/fr\/wp-json\/wp\/v2\/product_cat?post=58124"},{"taxonomy":"product_tag","embeddable":true,"href":"https:\/\/mouldking.store\/fr\/wp-json\/wp\/v2\/product_tag?post=58124"}],"curies":[{"name":"wp","href":"https:\/\/api.w.org\/{rel}","templated":true}]}}